{"id":174,"date":"2016-11-13T12:44:19","date_gmt":"2016-11-13T10:44:19","guid":{"rendered":"http:\/\/www.ecobaseini.com\/?page_id=174"},"modified":"2021-02-07T01:04:21","modified_gmt":"2021-02-06T23:04:21","slug":"eco-baseinu-papildinajumi","status":"publish","type":"page","link":"https:\/\/www.ecobaseini.com\/en\/baseini\/eco-baseinu-papildinajumi\/","title":{"rendered":"Polls components"},"content":{"rendered":"<p><\/p>\n<h4>Iesp\u0113jamas \u012bpa\u0161as izb\u016bves\u00a0konstrukcijas m\u016bsu baseinos:<\/h4>\n<ul>\n<li>baseina soli;<\/li>\n<li>baseina mas\u0101\u017eas sist\u0113mas;<\/li>\n<li>ieb\u016bv\u0113tas individu\u0101la dizaina\u00a0baseina k\u0101pnes;<\/li>\n<li>spa vannas integr\u0101cija basein\u0101;<\/li>\n<li>u.c.<\/li>\n<\/ul>\n<p><\/p>","protected":false},"excerpt":{"rendered":"<p>Iesp\u0113jamas \u012bpa\u0161as izb\u016bves\u00a0konstrukcijas m\u016bsu baseinos: baseina soli; baseina mas\u0101\u017eas sist\u0113mas; ieb\u016bv\u0113tas individu\u0101la dizaina\u00a0baseina k\u0101pnes; spa vannas integr\u0101cija basein\u0101; u.c.<\/p>\n","protected":false},"author":1,"featured_media":0,"parent":6,"menu_order":0,"comment_status":"closed","ping_status":"closed","template":"","meta":[],"acf":[],"yoast_head":"<!-- This site is optimized with the Yoast SEO plugin v18.8 - https:\/\/yoast.com\/wordpress\/plugins\/seo\/ -->\n<title>Polls components - ECO Baseini<\/title>\n<meta name=\"robots\" content=\"index, follow, max-snippet:-1, max-image-preview:large, max-video-preview:-1\" \/>\n<link rel=\"canonical\" href=\"https:\/\/www.ecobaseini.com\/ru\/baseini\/eco-baseinu-papildinajumi\/\" \/>\n<meta property=\"og:locale\" content=\"en_US\" \/>\n<meta property=\"og:type\" content=\"article\" \/>\n<meta property=\"og:title\" content=\"Polls components - ECO Baseini\" \/>\n<meta property=\"og:description\" content=\"Iesp\u0113jamas \u012bpa\u0161as izb\u016bves\u00a0konstrukcijas m\u016bsu baseinos: baseina soli; baseina mas\u0101\u017eas sist\u0113mas; ieb\u016bv\u0113tas individu\u0101la dizaina\u00a0baseina k\u0101pnes; spa vannas integr\u0101cija basein\u0101; u.c.\" \/>\n<meta property=\"og:url\" content=\"https:\/\/www.ecobaseini.com\/ru\/baseini\/eco-baseinu-papildinajumi\/\" \/>\n<meta property=\"og:site_name\" content=\"ECO Baseini\" \/>\n<meta property=\"article:modified_time\" content=\"2021-02-06T23:04:21+00:00\" \/>\n<meta name=\"twitter:card\" content=\"summary\" \/>\n<meta name=\"twitter:label1\" content=\"Est. reading time\" \/>\n\t<meta name=\"twitter:data1\" content=\"1 minute\" \/>\n<script type=\"application\/ld+json\" class=\"yoast-schema-graph\">{\"@context\":\"https:\/\/schema.org\",\"@graph\":[{\"@type\":\"WebSite\",\"@id\":\"https:\/\/www.ecobaseini.com\/#website\",\"url\":\"https:\/\/www.ecobaseini.com\/\",\"name\":\"ECO Baseini\",\"description\":\"Baseini - lab\u0101k\u0101 cena un kvalit\u0101te\",\"potentialAction\":[{\"@type\":\"SearchAction\",\"target\":{\"@type\":\"EntryPoint\",\"urlTemplate\":\"https:\/\/www.ecobaseini.com\/?s={search_term_string}\"},\"query-input\":\"required name=search_term_string\"}],\"inLanguage\":\"en-US\"},{\"@type\":\"WebPage\",\"@id\":\"https:\/\/www.ecobaseini.com\/ru\/baseini\/eco-baseinu-papildinajumi\/#webpage\",\"url\":\"https:\/\/www.ecobaseini.com\/ru\/baseini\/eco-baseinu-papildinajumi\/\",\"name\":\"Polls components - ECO Baseini\",\"isPartOf\":{\"@id\":\"https:\/\/www.ecobaseini.com\/#website\"},\"datePublished\":\"2016-11-13T10:44:19+00:00\",\"dateModified\":\"2021-02-06T23:04:21+00:00\",\"breadcrumb\":{\"@id\":\"https:\/\/www.ecobaseini.com\/ru\/baseini\/eco-baseinu-papildinajumi\/#breadcrumb\"},\"inLanguage\":\"en-US\",\"potentialAction\":[{\"@type\":\"ReadAction\",\"target\":[\"https:\/\/www.ecobaseini.com\/ru\/baseini\/eco-baseinu-papildinajumi\/\"]}]},{\"@type\":\"BreadcrumbList\",\"@id\":\"https:\/\/www.ecobaseini.com\/ru\/baseini\/eco-baseinu-papildinajumi\/#breadcrumb\",\"itemListElement\":[{\"@type\":\"ListItem\",\"position\":1,\"name\":\"Home\",\"item\":\"https:\/\/www.ecobaseini.com\/\"},{\"@type\":\"ListItem\",\"position\":2,\"name\":\"Baseini\",\"item\":\"https:\/\/www.ecobaseini.com\/baseini\/\"},{\"@type\":\"ListItem\",\"position\":3,\"name\":\"\u041a\u043e\u043c\u043f\u043e\u043d\u0435\u043d\u0442\u044b \u0431\u0430\u0441\u0441\u0435\u0439\u043d\u0430\"}]}]}<\/script>\n<!-- \/ Yoast SEO plugin. -->","yoast_head_json":{"title":"Polls components - ECO Baseini","robots":{"index":"index","follow":"follow","max-snippet":"max-snippet:-1","max-image-preview":"max-image-preview:large","max-video-preview":"max-video-preview:-1"},"canonical":"https:\/\/www.ecobaseini.com\/ru\/baseini\/eco-baseinu-papildinajumi\/","og_locale":"en_US","og_type":"article","og_title":"Polls components - ECO Baseini","og_description":"Iesp\u0113jamas \u012bpa\u0161as izb\u016bves\u00a0konstrukcijas m\u016bsu baseinos: baseina soli; baseina mas\u0101\u017eas sist\u0113mas; ieb\u016bv\u0113tas individu\u0101la dizaina\u00a0baseina k\u0101pnes; spa vannas integr\u0101cija basein\u0101; u.c.","og_url":"https:\/\/www.ecobaseini.com\/ru\/baseini\/eco-baseinu-papildinajumi\/","og_site_name":"ECO Baseini","article_modified_time":"2021-02-06T23:04:21+00:00","twitter_card":"summary","twitter_misc":{"Est. reading time":"1 minute"},"schema":{"@context":"https:\/\/schema.org","@graph":[{"@type":"WebSite","@id":"https:\/\/www.ecobaseini.com\/#website","url":"https:\/\/www.ecobaseini.com\/","name":"ECO Baseini","description":"Baseini - lab\u0101k\u0101 cena un kvalit\u0101te","potentialAction":[{"@type":"SearchAction","target":{"@type":"EntryPoint","urlTemplate":"https:\/\/www.ecobaseini.com\/?s={search_term_string}"},"query-input":"required name=search_term_string"}],"inLanguage":"en-US"},{"@type":"WebPage","@id":"https:\/\/www.ecobaseini.com\/ru\/baseini\/eco-baseinu-papildinajumi\/#webpage","url":"https:\/\/www.ecobaseini.com\/ru\/baseini\/eco-baseinu-papildinajumi\/","name":"Polls components - ECO Baseini","isPartOf":{"@id":"https:\/\/www.ecobaseini.com\/#website"},"datePublished":"2016-11-13T10:44:19+00:00","dateModified":"2021-02-06T23:04:21+00:00","breadcrumb":{"@id":"https:\/\/www.ecobaseini.com\/ru\/baseini\/eco-baseinu-papildinajumi\/#breadcrumb"},"inLanguage":"en-US","potentialAction":[{"@type":"ReadAction","target":["https:\/\/www.ecobaseini.com\/ru\/baseini\/eco-baseinu-papildinajumi\/"]}]},{"@type":"BreadcrumbList","@id":"https:\/\/www.ecobaseini.com\/ru\/baseini\/eco-baseinu-papildinajumi\/#breadcrumb","itemListElement":[{"@type":"ListItem","position":1,"name":"Home","item":"https:\/\/www.ecobaseini.com\/"},{"@type":"ListItem","position":2,"name":"Baseini","item":"https:\/\/www.ecobaseini.com\/baseini\/"},{"@type":"ListItem","position":3,"name":"\u041a\u043e\u043c\u043f\u043e\u043d\u0435\u043d\u0442\u044b \u0431\u0430\u0441\u0441\u0435\u0439\u043d\u0430"}]}]}},"_links":{"self":[{"href":"https:\/\/www.ecobaseini.com\/en\/wp-json\/wp\/v2\/pages\/174"}],"collection":[{"href":"https:\/\/www.ecobaseini.com\/en\/wp-json\/wp\/v2\/pages"}],"about":[{"href":"https:\/\/www.ecobaseini.com\/en\/wp-json\/wp\/v2\/types\/page"}],"author":[{"embeddable":true,"href":"https:\/\/www.ecobaseini.com\/en\/wp-json\/wp\/v2\/users\/1"}],"replies":[{"embeddable":true,"href":"https:\/\/www.ecobaseini.com\/en\/wp-json\/wp\/v2\/comments?post=174"}],"version-history":[{"count":7,"href":"https:\/\/www.ecobaseini.com\/en\/wp-json\/wp\/v2\/pages\/174\/revisions"}],"predecessor-version":[{"id":903,"href":"https:\/\/www.ecobaseini.com\/en\/wp-json\/wp\/v2\/pages\/174\/revisions\/903"}],"up":[{"embeddable":true,"href":"https:\/\/www.ecobaseini.com\/en\/wp-json\/wp\/v2\/pages\/6"}],"wp:attachment":[{"href":"https:\/\/www.ecobaseini.com\/en\/wp-json\/wp\/v2\/media?parent=174"}],"curies":[{"name":"wp","href":"https:\/\/api.w.org\/{rel}","templated":true}]}}