{"id":185,"date":"2016-11-13T12:59:52","date_gmt":"2016-11-13T10:59:52","guid":{"rendered":"http:\/\/www.ecobaseini.com\/?page_id=185"},"modified":"2021-02-07T00:53:03","modified_gmt":"2021-02-06T22:53:03","slug":"baseinu-apsaiste","status":"publish","type":"page","link":"https:\/\/www.ecobaseini.com\/en\/baseini\/baseinu-apsaiste\/","title":{"rendered":"Baseinu apsaiste"},"content":{"rendered":"<p>Pied\u0101v\u0101jam augst\u0101k\u0101s\u00a0kvalit\u0101tes baseina apr\u012bkojumu un apsaisti, k\u0101 ar\u012b baseina t\u012br\u012b\u0161anas invent\u0101ru\u00a0un baseina aksesu\u0101rus.<\/p>\n","protected":false},"excerpt":{"rendered":"<p>Pied\u0101v\u0101jam augst\u0101k\u0101s\u00a0kvalit\u0101tes baseina apr\u012bkojumu un apsaisti, k\u0101 ar\u012b baseina t\u012br\u012b\u0161anas invent\u0101ru\u00a0un baseina aksesu\u0101rus.<\/p>\n","protected":false},"author":1,"featured_media":0,"parent":6,"menu_order":0,"comment_status":"closed","ping_status":"closed","template":"","meta":[],"acf":[],"yoast_head":"<!-- This site is optimized with the Yoast SEO plugin v18.8 - https:\/\/yoast.com\/wordpress\/plugins\/seo\/ -->\n<title>Baseinu apsaiste - ECO Baseini<\/title>\n<meta name=\"robots\" content=\"index, follow, max-snippet:-1, max-image-preview:large, max-video-preview:-1\" \/>\n<link rel=\"canonical\" href=\"https:\/\/www.ecobaseini.com\/baseini\/baseinu-apsaiste\/\" \/>\n<meta property=\"og:locale\" content=\"en_US\" \/>\n<meta property=\"og:type\" content=\"article\" \/>\n<meta property=\"og:title\" content=\"Baseinu apsaiste - ECO Baseini\" \/>\n<meta property=\"og:description\" content=\"Pied\u0101v\u0101jam augst\u0101k\u0101s\u00a0kvalit\u0101tes baseina apr\u012bkojumu un apsaisti, k\u0101 ar\u012b baseina t\u012br\u012b\u0161anas invent\u0101ru\u00a0un baseina aksesu\u0101rus.\" \/>\n<meta property=\"og:url\" content=\"https:\/\/www.ecobaseini.com\/baseini\/baseinu-apsaiste\/\" \/>\n<meta property=\"og:site_name\" content=\"ECO Baseini\" \/>\n<meta property=\"article:modified_time\" content=\"2021-02-06T22:53:03+00:00\" \/>\n<meta name=\"twitter:card\" content=\"summary\" \/>\n<script type=\"application\/ld+json\" class=\"yoast-schema-graph\">{\"@context\":\"https:\/\/schema.org\",\"@graph\":[{\"@type\":\"WebSite\",\"@id\":\"https:\/\/www.ecobaseini.com\/#website\",\"url\":\"https:\/\/www.ecobaseini.com\/\",\"name\":\"ECO Baseini\",\"description\":\"Baseini - lab\u0101k\u0101 cena un kvalit\u0101te\",\"potentialAction\":[{\"@type\":\"SearchAction\",\"target\":{\"@type\":\"EntryPoint\",\"urlTemplate\":\"https:\/\/www.ecobaseini.com\/?s={search_term_string}\"},\"query-input\":\"required name=search_term_string\"}],\"inLanguage\":\"en-US\"},{\"@type\":\"WebPage\",\"@id\":\"https:\/\/www.ecobaseini.com\/baseini\/baseinu-apsaiste\/#webpage\",\"url\":\"https:\/\/www.ecobaseini.com\/baseini\/baseinu-apsaiste\/\",\"name\":\"Baseinu apsaiste - ECO Baseini\",\"isPartOf\":{\"@id\":\"https:\/\/www.ecobaseini.com\/#website\"},\"datePublished\":\"2016-11-13T10:59:52+00:00\",\"dateModified\":\"2021-02-06T22:53:03+00:00\",\"breadcrumb\":{\"@id\":\"https:\/\/www.ecobaseini.com\/baseini\/baseinu-apsaiste\/#breadcrumb\"},\"inLanguage\":\"en-US\",\"potentialAction\":[{\"@type\":\"ReadAction\",\"target\":[\"https:\/\/www.ecobaseini.com\/baseini\/baseinu-apsaiste\/\"]}]},{\"@type\":\"BreadcrumbList\",\"@id\":\"https:\/\/www.ecobaseini.com\/baseini\/baseinu-apsaiste\/#breadcrumb\",\"itemListElement\":[{\"@type\":\"ListItem\",\"position\":1,\"name\":\"Home\",\"item\":\"https:\/\/www.ecobaseini.com\/\"},{\"@type\":\"ListItem\",\"position\":2,\"name\":\"Baseini\",\"item\":\"https:\/\/www.ecobaseini.com\/baseini\/\"},{\"@type\":\"ListItem\",\"position\":3,\"name\":\"Baseinu apsaiste\"}]}]}<\/script>\n<!-- \/ Yoast SEO plugin. -->","yoast_head_json":{"title":"Baseinu apsaiste - ECO Baseini","robots":{"index":"index","follow":"follow","max-snippet":"max-snippet:-1","max-image-preview":"max-image-preview:large","max-video-preview":"max-video-preview:-1"},"canonical":"https:\/\/www.ecobaseini.com\/baseini\/baseinu-apsaiste\/","og_locale":"en_US","og_type":"article","og_title":"Baseinu apsaiste - ECO Baseini","og_description":"Pied\u0101v\u0101jam augst\u0101k\u0101s\u00a0kvalit\u0101tes baseina apr\u012bkojumu un apsaisti, k\u0101 ar\u012b baseina t\u012br\u012b\u0161anas invent\u0101ru\u00a0un baseina aksesu\u0101rus.","og_url":"https:\/\/www.ecobaseini.com\/baseini\/baseinu-apsaiste\/","og_site_name":"ECO Baseini","article_modified_time":"2021-02-06T22:53:03+00:00","twitter_card":"summary","schema":{"@context":"https:\/\/schema.org","@graph":[{"@type":"WebSite","@id":"https:\/\/www.ecobaseini.com\/#website","url":"https:\/\/www.ecobaseini.com\/","name":"ECO Baseini","description":"Baseini - lab\u0101k\u0101 cena un kvalit\u0101te","potentialAction":[{"@type":"SearchAction","target":{"@type":"EntryPoint","urlTemplate":"https:\/\/www.ecobaseini.com\/?s={search_term_string}"},"query-input":"required name=search_term_string"}],"inLanguage":"en-US"},{"@type":"WebPage","@id":"https:\/\/www.ecobaseini.com\/baseini\/baseinu-apsaiste\/#webpage","url":"https:\/\/www.ecobaseini.com\/baseini\/baseinu-apsaiste\/","name":"Baseinu apsaiste - ECO Baseini","isPartOf":{"@id":"https:\/\/www.ecobaseini.com\/#website"},"datePublished":"2016-11-13T10:59:52+00:00","dateModified":"2021-02-06T22:53:03+00:00","breadcrumb":{"@id":"https:\/\/www.ecobaseini.com\/baseini\/baseinu-apsaiste\/#breadcrumb"},"inLanguage":"en-US","potentialAction":[{"@type":"ReadAction","target":["https:\/\/www.ecobaseini.com\/baseini\/baseinu-apsaiste\/"]}]},{"@type":"BreadcrumbList","@id":"https:\/\/www.ecobaseini.com\/baseini\/baseinu-apsaiste\/#breadcrumb","itemListElement":[{"@type":"ListItem","position":1,"name":"Home","item":"https:\/\/www.ecobaseini.com\/"},{"@type":"ListItem","position":2,"name":"Baseini","item":"https:\/\/www.ecobaseini.com\/baseini\/"},{"@type":"ListItem","position":3,"name":"Baseinu apsaiste"}]}]}},"_links":{"self":[{"href":"https:\/\/www.ecobaseini.com\/en\/wp-json\/wp\/v2\/pages\/185"}],"collection":[{"href":"https:\/\/www.ecobaseini.com\/en\/wp-json\/wp\/v2\/pages"}],"about":[{"href":"https:\/\/www.ecobaseini.com\/en\/wp-json\/wp\/v2\/types\/page"}],"author":[{"embeddable":true,"href":"https:\/\/www.ecobaseini.com\/en\/wp-json\/wp\/v2\/users\/1"}],"replies":[{"embeddable":true,"href":"https:\/\/www.ecobaseini.com\/en\/wp-json\/wp\/v2\/comments?post=185"}],"version-history":[{"count":6,"href":"https:\/\/www.ecobaseini.com\/en\/wp-json\/wp\/v2\/pages\/185\/revisions"}],"predecessor-version":[{"id":896,"href":"https:\/\/www.ecobaseini.com\/en\/wp-json\/wp\/v2\/pages\/185\/revisions\/896"}],"up":[{"embeddable":true,"href":"https:\/\/www.ecobaseini.com\/en\/wp-json\/wp\/v2\/pages\/6"}],"wp:attachment":[{"href":"https:\/\/www.ecobaseini.com\/en\/wp-json\/wp\/v2\/media?parent=185"}],"curies":[{"name":"wp","href":"https:\/\/api.w.org\/{rel}","templated":true}]}}