{"id":198,"date":"2016-11-13T13:01:46","date_gmt":"2016-11-13T11:01:46","guid":{"rendered":"http:\/\/www.ecobaseini.com\/?page_id=198"},"modified":"2021-02-13T00:59:24","modified_gmt":"2021-02-12T22:59:24","slug":"pirts-kubls","status":"publish","type":"page","link":"https:\/\/www.ecobaseini.com\/en\/baseini\/pirts-kubls\/","title":{"rendered":"Water treatment"},"content":{"rendered":"<p><strong>Baseina \u016bdens dezinfic\u0113\u0161ana ar s\u0101ls (hlorinatoru)<\/strong><\/p>\n<p>\u016adens dezinfekcija baseinos ar s\u0101ls (hlorinatoru) ir \u0161obr\u012bd popul\u0101r\u0101kais no dezinfekcijas veidiem vis\u0101 pasaul\u0113. S\u0101ls (hlorinators) s\u0101ls\u016bdeni p\u0101rv\u0113r\u0161 hlor\u0101.\u00a0Zin\u0101ms, ka hlors ir vit\u0101li svar\u012bgs, lai nov\u0113rstu bakt\u0113riju un a\u013c\u0123u veido\u0161anos. Izmantojot s\u0101ls (hlorinatoru), iesp\u0113jams piln\u012bb\u0101 izvair\u012bties vai iev\u0113rojami samazin\u0101t papildus hloru saturo\u0161u \u0137\u012bmisko l\u012bdzek\u013cu ieg\u0101di un izmanto\u0161anu ikdienas \u016bdens monitor\u0113\u0161an\u0101, t\u0101d\u0101 veid\u0101 ne tikai nodro\u0161inot J\u016bs ar pat\u012bkamu un vesel\u012bbai dro\u0161u peldi (s\u0101l\u012b eso\u0161ie miner\u0101li labv\u0113l\u012bgi ietekm\u0113 m\u016bsu \u0101du), bet ar\u012b ietaupot\u00a0J\u016bsu laiku un naudu. Ar s\u0101ls (hlorinatora) pal\u012bdz\u012bbu basein\u0101 tiks nodro\u0161in\u0101ts kvalitat\u012bvs\u00a0\u016bdens, kas nekairin\u0101s peld\u0113t\u0101ja acis un \u0101du, nerad\u012bs nepat\u012bkamu smar\u017eu, k\u0101 tas bie\u017ei notiek, ja tiek izmantoti tradicion\u0101lie hlora\u00a0dezinfekcijas l\u012bdzek\u013ci. Rezult\u0101t\u0101 J\u016bs ieg\u016bsiet krist\u0101lt\u012bru &#8211; m\u012bkstin\u0101tu \u016bdeni un vesl\u012bgu peldi visai J\u016bsu \u0123imenei.<\/p>\n<p><strong>K\u0101 notiek \u016bdens hloriz\u0113\u0161ana\u00a0ar s\u0101ls\u016bdeni?<\/strong><\/p>\n<ol>\n<li>\u016adens no J\u016bsu baseina, kur\u0101 iepriek\u0161 ir iz\u0161\u0137\u012bdin\u0101ts noteikts daudzums s\u0101ls, tiek novad\u012bts uz elektrol\u012bzes plat\u0113m, kas atrodas s\u0101ls (hlorinatora) kamer\u0101<\/li>\n<li>S\u0101ls\u016bdenim, saskaroties ar elektrol\u012bzes plat\u0113m veidojas hlora g\u0101ze<\/li>\n<li>Hlora g\u0101ze iz\u0161\u0137\u012bst \u016bden\u012b<\/li>\n<li>\u016adens ar t\u012bru, svaigu hloru tiek novad\u012bts atpaka\u013c basein\u0101, t\u0101d\u0101 veid\u0101 nodro\u0161inot ar 100% nepiecie\u0161amo hlora daudzumu.<\/li>\n<\/ol>\n<p><strong>Vai \u016bdens man\u0101 basein\u0101 b\u016bs tikpat s\u0101\u013c\u0161 k\u0101 s\u0101ls\u016bdens oke\u0101n\u0101? <\/strong>Atbilde ir N\u0112. Vid\u0113jais \u016bdens s\u0101\u013cums oke\u0101n\u0101 ir 35 promiles, kas atbilst 35 gramiem s\u0101ls uz 1 litru \u016bdens, savuk\u0101rt, dezinfic\u0113jot \u016bdeni ar s\u0101ls (hlorinatoru), parasti s\u0101\u013cums ir aptuveni 3 promiles. Rezult\u0101t\u0101 baseina \u016bdens nav tik s\u0101\u013c\u0161, lai J\u016bs to sajustu, bet dr\u012bz\u0101k tas ir atsvaidzino\u0161s un m\u012bksts.<\/p>\n<p><strong>K\u0101di ir s\u0101ls (hlorinatora) tr\u016bkumi?\u00a0<\/strong>Diem\u017e\u0113l ne visi baseinu veidi un tiem izmantotie materi\u0101li ir iztur\u012bgi, lai tajos tiktu izmantos s\u0101ls (hlorinators). T\u0101pat ir j\u0101izv\u0113las piem\u0113rots baseina apr\u012bkojums, kas ir paredz\u0113ts izmanto\u0161anai baseinos, kuros tiek veikta s\u0101ls hlor\u0113\u0161ana.<\/p>\n<p><strong>Betona baseini.\u00a0<\/strong>Diem\u017e\u0113l s\u0101ls (hlorinatoru) neiesaka izmanto\u0161anai betona baseinos, jo ir zin\u0101ms, ka \u016bdens hloriz\u0113\u0161ana ar s\u0101li ir l\u012bdz 5 reiz\u0113m abraz\u012bv\u0101ka porain\u0101m fl\u012b\u017eu \u0161uv\u0113m nek\u0101 tradicion\u0101l\u0101 baseina \u0137\u012bmija, kuras sast\u0101v\u0101 ir hlors. Tas nenoz\u012bm\u0113, ka s\u0101ls (hlorinatoru) nedr\u012bkst izmantot, vienk\u0101r\u0161i ir j\u0101r\u0113\u0137in\u0101s, ka jums var n\u0101kties veikt baseina atjauno\u0161anas darbus, kas var rad\u012bt nev\u0113lamas\u00a0izmaksas.<\/p>\n<p><strong>Met\u0101la konstrukcijas un Liner kl\u0101juma baseini.\u00a0<\/strong>Ir zin\u0101ms, ka met\u0101ls, non\u0101kot saskarsm\u0113 ar s\u0101li, var s\u0101kt r\u016bs\u0113t. T\u0101pat ir noskaidrots, ka baseinos izmantot\u0101 Liner materi\u0101la \u012bpa\u0161\u012bbas un strukt\u016bra nav ieteicama\u00a0\u016bdens hloriz\u0113\u0161anai ar s\u0101li.<\/p>","protected":false},"excerpt":{"rendered":"<p>Baseina \u016bdens dezinfic\u0113\u0161ana ar s\u0101ls (hlorinatoru) \u016adens dezinfekcija baseinos ar s\u0101ls (hlorinatoru) ir \u0161obr\u012bd popul\u0101r\u0101kais no dezinfekcijas veidiem vis\u0101 pasaul\u0113. S\u0101ls (hlorinators) s\u0101ls\u016bdeni p\u0101rv\u0113r\u0161 hlor\u0101.\u00a0Zin\u0101ms, ka hlors ir vit\u0101li svar\u012bgs, lai nov\u0113rstu bakt\u0113riju un a\u013c\u0123u veido\u0161anos. Izmantojot s\u0101ls (hlorinatoru), iesp\u0113jams piln\u012bb\u0101 izvair\u012bties vai iev\u0113rojami samazin\u0101t papildus hloru saturo\u0161u \u0137\u012bmisko l\u012bdzek\u013cu ieg\u0101di un izmanto\u0161anu ikdienas \u016bdens<\/p>\n","protected":false},"author":1,"featured_media":1043,"parent":6,"menu_order":0,"comment_status":"closed","ping_status":"closed","template":"","meta":[],"acf":[],"yoast_head":"<!-- This site is optimized with the Yoast SEO plugin v18.8 - https:\/\/yoast.com\/wordpress\/plugins\/seo\/ -->\n<title>Water treatment - ECO Baseini<\/title>\n<meta name=\"robots\" content=\"index, follow, max-snippet:-1, max-image-preview:large, max-video-preview:-1\" \/>\n<link rel=\"canonical\" href=\"https:\/\/www.ecobaseini.com\/baseini\/pirts-kubls\/\" \/>\n<meta property=\"og:locale\" content=\"en_US\" \/>\n<meta property=\"og:type\" content=\"article\" \/>\n<meta property=\"og:title\" content=\"Water treatment - ECO Baseini\" \/>\n<meta property=\"og:description\" content=\"Baseina \u016bdens dezinfic\u0113\u0161ana ar s\u0101ls (hlorinatoru) \u016adens dezinfekcija baseinos ar s\u0101ls (hlorinatoru) ir \u0161obr\u012bd popul\u0101r\u0101kais no dezinfekcijas veidiem vis\u0101 pasaul\u0113. S\u0101ls (hlorinators) s\u0101ls\u016bdeni p\u0101rv\u0113r\u0161 hlor\u0101.\u00a0Zin\u0101ms, ka hlors ir vit\u0101li svar\u012bgs, lai nov\u0113rstu bakt\u0113riju un a\u013c\u0123u veido\u0161anos. Izmantojot s\u0101ls (hlorinatoru), iesp\u0113jams piln\u012bb\u0101 izvair\u012bties vai iev\u0113rojami samazin\u0101t papildus hloru saturo\u0161u \u0137\u012bmisko l\u012bdzek\u013cu ieg\u0101di un izmanto\u0161anu ikdienas \u016bdens\" \/>\n<meta property=\"og:url\" content=\"https:\/\/www.ecobaseini.com\/baseini\/pirts-kubls\/\" \/>\n<meta property=\"og:site_name\" content=\"ECO Baseini\" \/>\n<meta property=\"article:modified_time\" content=\"2021-02-12T22:59:24+00:00\" \/>\n<meta property=\"og:image\" content=\"http:\/\/www.ecobaseini.com\/wp-content\/uploads\/2021\/02\/20180919-ELITE-CONNECT-737x1024.jpg\" \/>\n\t<meta property=\"og:image:width\" content=\"737\" \/>\n\t<meta property=\"og:image:height\" content=\"1024\" \/>\n\t<meta property=\"og:image:type\" content=\"image\/jpeg\" \/>\n<meta name=\"twitter:card\" content=\"summary\" \/>\n<meta name=\"twitter:label1\" content=\"Est. reading time\" \/>\n\t<meta name=\"twitter:data1\" content=\"8 minutes\" \/>\n<script type=\"application\/ld+json\" class=\"yoast-schema-graph\">{\"@context\":\"https:\/\/schema.org\",\"@graph\":[{\"@type\":\"WebSite\",\"@id\":\"https:\/\/www.ecobaseini.com\/#website\",\"url\":\"https:\/\/www.ecobaseini.com\/\",\"name\":\"ECO Baseini\",\"description\":\"Baseini - lab\u0101k\u0101 cena un kvalit\u0101te\",\"potentialAction\":[{\"@type\":\"SearchAction\",\"target\":{\"@type\":\"EntryPoint\",\"urlTemplate\":\"https:\/\/www.ecobaseini.com\/?s={search_term_string}\"},\"query-input\":\"required name=search_term_string\"}],\"inLanguage\":\"en-US\"},{\"@type\":\"ImageObject\",\"inLanguage\":\"en-US\",\"@id\":\"https:\/\/www.ecobaseini.com\/baseini\/pirts-kubls\/#primaryimage\",\"url\":\"https:\/\/www.ecobaseini.com\/wp-content\/uploads\/2021\/02\/20180919-ELITE-CONNECT.jpg\",\"contentUrl\":\"https:\/\/www.ecobaseini.com\/wp-content\/uploads\/2021\/02\/20180919-ELITE-CONNECT.jpg\",\"width\":3733,\"height\":5190},{\"@type\":\"WebPage\",\"@id\":\"https:\/\/www.ecobaseini.com\/baseini\/pirts-kubls\/#webpage\",\"url\":\"https:\/\/www.ecobaseini.com\/baseini\/pirts-kubls\/\",\"name\":\"Water treatment - ECO Baseini\",\"isPartOf\":{\"@id\":\"https:\/\/www.ecobaseini.com\/#website\"},\"primaryImageOfPage\":{\"@id\":\"https:\/\/www.ecobaseini.com\/baseini\/pirts-kubls\/#primaryimage\"},\"datePublished\":\"2016-11-13T11:01:46+00:00\",\"dateModified\":\"2021-02-12T22:59:24+00:00\",\"breadcrumb\":{\"@id\":\"https:\/\/www.ecobaseini.com\/baseini\/pirts-kubls\/#breadcrumb\"},\"inLanguage\":\"en-US\",\"potentialAction\":[{\"@type\":\"ReadAction\",\"target\":[\"https:\/\/www.ecobaseini.com\/baseini\/pirts-kubls\/\"]}]},{\"@type\":\"BreadcrumbList\",\"@id\":\"https:\/\/www.ecobaseini.com\/baseini\/pirts-kubls\/#breadcrumb\",\"itemListElement\":[{\"@type\":\"ListItem\",\"position\":1,\"name\":\"Home\",\"item\":\"https:\/\/www.ecobaseini.com\/\"},{\"@type\":\"ListItem\",\"position\":2,\"name\":\"Baseini\",\"item\":\"https:\/\/www.ecobaseini.com\/baseini\/\"},{\"@type\":\"ListItem\",\"position\":3,\"name\":\"\u016adens dezinfekcija\"}]}]}<\/script>\n<!-- \/ Yoast SEO plugin. -->","yoast_head_json":{"title":"Water treatment - ECO Baseini","robots":{"index":"index","follow":"follow","max-snippet":"max-snippet:-1","max-image-preview":"max-image-preview:large","max-video-preview":"max-video-preview:-1"},"canonical":"https:\/\/www.ecobaseini.com\/baseini\/pirts-kubls\/","og_locale":"en_US","og_type":"article","og_title":"Water treatment - ECO Baseini","og_description":"Baseina \u016bdens dezinfic\u0113\u0161ana ar s\u0101ls (hlorinatoru) \u016adens dezinfekcija baseinos ar s\u0101ls (hlorinatoru) ir \u0161obr\u012bd popul\u0101r\u0101kais no dezinfekcijas veidiem vis\u0101 pasaul\u0113. S\u0101ls (hlorinators) s\u0101ls\u016bdeni p\u0101rv\u0113r\u0161 hlor\u0101.\u00a0Zin\u0101ms, ka hlors ir vit\u0101li svar\u012bgs, lai nov\u0113rstu bakt\u0113riju un a\u013c\u0123u veido\u0161anos. Izmantojot s\u0101ls (hlorinatoru), iesp\u0113jams piln\u012bb\u0101 izvair\u012bties vai iev\u0113rojami samazin\u0101t papildus hloru saturo\u0161u \u0137\u012bmisko l\u012bdzek\u013cu ieg\u0101di un izmanto\u0161anu ikdienas \u016bdens","og_url":"https:\/\/www.ecobaseini.com\/baseini\/pirts-kubls\/","og_site_name":"ECO Baseini","article_modified_time":"2021-02-12T22:59:24+00:00","og_image":[{"width":737,"height":1024,"url":"http:\/\/www.ecobaseini.com\/wp-content\/uploads\/2021\/02\/20180919-ELITE-CONNECT-737x1024.jpg","type":"image\/jpeg"}],"twitter_card":"summary","twitter_misc":{"Est. reading time":"8 minutes"},"schema":{"@context":"https:\/\/schema.org","@graph":[{"@type":"WebSite","@id":"https:\/\/www.ecobaseini.com\/#website","url":"https:\/\/www.ecobaseini.com\/","name":"ECO Baseini","description":"Baseini - lab\u0101k\u0101 cena un kvalit\u0101te","potentialAction":[{"@type":"SearchAction","target":{"@type":"EntryPoint","urlTemplate":"https:\/\/www.ecobaseini.com\/?s={search_term_string}"},"query-input":"required name=search_term_string"}],"inLanguage":"en-US"},{"@type":"ImageObject","inLanguage":"en-US","@id":"https:\/\/www.ecobaseini.com\/baseini\/pirts-kubls\/#primaryimage","url":"https:\/\/www.ecobaseini.com\/wp-content\/uploads\/2021\/02\/20180919-ELITE-CONNECT.jpg","contentUrl":"https:\/\/www.ecobaseini.com\/wp-content\/uploads\/2021\/02\/20180919-ELITE-CONNECT.jpg","width":3733,"height":5190},{"@type":"WebPage","@id":"https:\/\/www.ecobaseini.com\/baseini\/pirts-kubls\/#webpage","url":"https:\/\/www.ecobaseini.com\/baseini\/pirts-kubls\/","name":"Water treatment - ECO Baseini","isPartOf":{"@id":"https:\/\/www.ecobaseini.com\/#website"},"primaryImageOfPage":{"@id":"https:\/\/www.ecobaseini.com\/baseini\/pirts-kubls\/#primaryimage"},"datePublished":"2016-11-13T11:01:46+00:00","dateModified":"2021-02-12T22:59:24+00:00","breadcrumb":{"@id":"https:\/\/www.ecobaseini.com\/baseini\/pirts-kubls\/#breadcrumb"},"inLanguage":"en-US","potentialAction":[{"@type":"ReadAction","target":["https:\/\/www.ecobaseini.com\/baseini\/pirts-kubls\/"]}]},{"@type":"BreadcrumbList","@id":"https:\/\/www.ecobaseini.com\/baseini\/pirts-kubls\/#breadcrumb","itemListElement":[{"@type":"ListItem","position":1,"name":"Home","item":"https:\/\/www.ecobaseini.com\/"},{"@type":"ListItem","position":2,"name":"Baseini","item":"https:\/\/www.ecobaseini.com\/baseini\/"},{"@type":"ListItem","position":3,"name":"\u016adens dezinfekcija"}]}]}},"_links":{"self":[{"href":"https:\/\/www.ecobaseini.com\/en\/wp-json\/wp\/v2\/pages\/198"}],"collection":[{"href":"https:\/\/www.ecobaseini.com\/en\/wp-json\/wp\/v2\/pages"}],"about":[{"href":"https:\/\/www.ecobaseini.com\/en\/wp-json\/wp\/v2\/types\/page"}],"author":[{"embeddable":true,"href":"https:\/\/www.ecobaseini.com\/en\/wp-json\/wp\/v2\/users\/1"}],"replies":[{"embeddable":true,"href":"https:\/\/www.ecobaseini.com\/en\/wp-json\/wp\/v2\/comments?post=198"}],"version-history":[{"count":27,"href":"https:\/\/www.ecobaseini.com\/en\/wp-json\/wp\/v2\/pages\/198\/revisions"}],"predecessor-version":[{"id":1050,"href":"https:\/\/www.ecobaseini.com\/en\/wp-json\/wp\/v2\/pages\/198\/revisions\/1050"}],"up":[{"embeddable":true,"href":"https:\/\/www.ecobaseini.com\/en\/wp-json\/wp\/v2\/pages\/6"}],"wp:featuredmedia":[{"embeddable":true,"href":"https:\/\/www.ecobaseini.com\/en\/wp-json\/wp\/v2\/media\/1043"}],"wp:attachment":[{"href":"https:\/\/www.ecobaseini.com\/en\/wp-json\/wp\/v2\/media?parent=198"}],"curies":[{"name":"wp","href":"https:\/\/api.w.org\/{rel}","templated":true}]}}