{"id":205,"date":"2016-11-13T13:04:03","date_gmt":"2016-11-13T11:04:03","guid":{"rendered":"http:\/\/www.ecobaseini.com\/?page_id=205"},"modified":"2021-02-13T19:10:38","modified_gmt":"2021-02-13T17:10:38","slug":"baseina-bidamo-jumtu-konstrukcijas-2","status":"publish","type":"page","link":"https:\/\/www.ecobaseini.com\/en\/baseina-bidamo-jumtu-konstrukcijas-2\/","title":{"rendered":"Baseina b\u012bd\u0101mo jumtu konstrukcijas"},"content":{"rendered":"<p class=\"qtranxs-available-languages-message qtranxs-available-languages-message-en\">Sorry, this entry is only available in <a href=\"https:\/\/www.ecobaseini.com\/lv\/wp-json\/wp\/v2\/pages\/205\" class=\"qtranxs-available-language-link qtranxs-available-language-link-lv\" title=\"LV\">Latvian<\/a>. For the sake of viewer convenience, the content is shown below in the alternative language. You may click the link to switch the active language.<\/p><p>K\u0101p\u0113c izv\u0113l\u0113ties b\u012bd\u0101m\u0101s baseina jumtu konstrukcijas?<\/p>\n<ol>\n<li>Iesp\u0113ja norobe\u017eot baseinu, lai pasarg\u0101tu b\u0113rnus un m\u0101jdz\u012bvniekus no nev\u0113lams iek\u013c\u016b\u0161anas taj\u0101;<\/li>\n<li>Samazina \u016bdens iztvaiko\u0161anu un akumul\u0113 siltumu;<\/li>\n<li>Samazina net\u012brumu iek\u013c\u016b\u0161anu basein\u0101, kas labv\u0113l\u012bgi\u00a0ietekm\u0113\u00a0\u016bdens kvalit\u0101ti un samazina baseina\u00a0\u016bdens dezinfekcijas \u0137\u012bmisko l\u012bdzek\u013cu\u00a0izmanto\u0161anu;<\/li>\n<li>Paildzina peld\u0113\u0161anas sezonu ruden\u012b\u00a0un \u013cauj \u0101tr\u0101k uzs\u0101kt peldes pavasar\u012b.<\/li>\n<\/ol>\n<p>Visbie\u017e\u0101k m\u016bsu klienti izv\u0113las tie\u0161i zemo konstrukciju jumtus par labu vid\u0113ja augstuma vai\u00a0augstajiem baseinu b\u012bd\u0101majiem jumtiem, t\u0101 k\u0101 zem\u0101 dizaina\u00a0jumti ir ekonomiski visizdev\u012bg\u0101kie, tai pat laik\u0101 J\u016bs variet izbaud\u012bt visas \u0161o jumtu sniegt\u0101s priek\u0161roc\u012bbas:<\/p>\n<ul>\n<li>\u0113rti iek\u013c\u016bt basein\u0101 pateicoties viegli sl\u012bdo\u0161\u0101m\u00a0durv\u012bm ar\u012b\u00a0tad, ja baseina jumts ir piln\u012bb\u0101 aizv\u0113rts;<\/li>\n<li>saglab\u0101t d\u0101rza ainavu, jo zem\u0101 dizaina jumti neaizsegs\u00a0J\u016bsu\u00a0apst\u0101d\u012bjumus, k\u0101 tas da\u013c\u0113ji vai piln\u012bb\u0101 ir vid\u0113ji augstu un augsto dizaina\u00a0jumtu gad\u012bjum\u0101;<\/li>\n<li>iesp\u0113jama pelde zem jumta pat taj\u0101s\u00a0dien\u0101s, kad laikapst\u0101k\u013ci aiz loga J\u016bs\u00a0neiepriecina;<\/li>\n<li>aizsl\u0113dzama jumta konstrukcija.<\/li>\n<\/ul>\n<p>Zem\u0101k popul\u0101r\u0101kie no jumtu mode\u013ciem!<\/p>\n<hr \/>\n<p>\n<!-- Page-list plugin v.95.2 wordpress.org\/plugins\/page-list\/ -->\n<div class=\"page-list page-list-ext \">\n<div class=\"page-list-ext-item\"><div class=\"page-list-ext-image\"><a href=\"https:\/\/www.ecobaseini.com\/en\/baseina-bidamo-jumtu-konstrukcijas-2\/viva\/\" title=\"VIVA\"><img src=\"https:\/\/www.ecobaseini.com\/wp-content\/uploads\/2021\/02\/32311267567_5a092c7d5c_w-300x180.jpg\" width=\"220\" alt=\"VIVA\" \/><\/a><\/div> <h3 class=\"page-list-ext-title\"><a href=\"https:\/\/www.ecobaseini.com\/en\/baseina-bidamo-jumtu-konstrukcijas-2\/viva\/\" title=\"VIVA\">VIVA<\/a><\/h3><div class=\"page-list-ext-item-content\">\r\n \r\nJumta modelis ar \u012bpa\u0161o\u00a0sl\u012bd\u0113\u0161anas sist\u0113mu - sliede \u0161im modelim ir tikai vien\u0101 jumta pus\u0113, kaut visbie\u017e\u0101k\u00a0jumtiem ir divpus\u0113jas\u00a0sl\u012bdo\u0161\u0101s sliedes. Pateicoties \u0161\u012b mode\u013ca tehnolo\u0123iskajam risin\u0101jumam, J\u016bs\u00a0variet\u00a0b\u016bt dro\u0161i gan par \u0113rtu jumta sl\u012bd\u0113\u0161anu, g...<\/div><\/div>\n<div class=\"page-list-ext-item\"><div class=\"page-list-ext-image\"><a href=\"https:\/\/www.ecobaseini.com\/en\/baseina-bidamo-jumtu-konstrukcijas-2\/terra\/\" title=\"TERRA\"><img src=\"https:\/\/www.ecobaseini.com\/wp-content\/uploads\/2021\/02\/47254358631_83f54708e1_w-300x180.jpg\" width=\"220\" alt=\"TERRA\" \/><\/a><\/div> <h3 class=\"page-list-ext-title\"><a href=\"https:\/\/www.ecobaseini.com\/en\/baseina-bidamo-jumtu-konstrukcijas-2\/terra\/\" title=\"TERRA\">TERRA<\/a><\/h3><div class=\"page-list-ext-item-content\">\r\n \r\n\r\n\u0160is ir viszem\u0101kais no pieejamajiem jumtu dizainiem - gadr\u012bz\u00a0terases\u00a0l\u012bmen\u012b. Aizv\u0113rt\u0101 veid\u0101 tas nekad neaizsegs J\u016bsu\u00a0d\u0101rza ainavu, bet tie\u0161i otr\u0101di - lieliski sapl\u016bd\u012bs ar to. Kaut ar\u012b atv\u0113rt\u0101 veid\u0101 jumta izm\u0113ri \u0161\u0137iet palieli, paties\u012bb\u0101 tas ir \u013coti k...<\/div><\/div>\n<div class=\"page-list-ext-item\"><div class=\"page-list-ext-image\"><a href=\"https:\/\/www.ecobaseini.com\/en\/baseina-bidamo-jumtu-konstrukcijas-2\/elegant-neo\/\" title=\"ELEGANT NEO\"><img src=\"https:\/\/www.ecobaseini.com\/wp-content\/uploads\/2021\/02\/32309729247_8cf1999141_c-300x144.jpg\" width=\"220\" alt=\"ELEGANT NEO\" \/><\/a><\/div> <h3 class=\"page-list-ext-title\"><a href=\"https:\/\/www.ecobaseini.com\/en\/baseina-bidamo-jumtu-konstrukcijas-2\/elegant-neo\/\" title=\"ELEGANT NEO\">ELEGANT NEO<\/a><\/h3><div class=\"page-list-ext-item-content\">\r\n \r\nElegants jumts ar gaum\u012bgu un klasisku, noapa\u013cotu formu. \u0160is jumta modelis nodro\u0161in\u0101s ar pat\u012bkamu\u00a0peldi pat tad, ja laikapst\u0101k\u013ci neb\u016bs\u00a0tam labv\u0113l\u012bgi. Elegant dizaina jumts norobe\u017eos J\u016bsu baseinu un b\u016bs k\u0101 elementa objekts d\u0101rza ainav\u0101. ...<\/div><\/div>\n<div class=\"page-list-ext-item\"><div class=\"page-list-ext-image\"><a href=\"https:\/\/www.ecobaseini.com\/en\/baseina-bidamo-jumtu-konstrukcijas-2\/champion\/\" title=\"CHAMPION\"><img src=\"https:\/\/www.ecobaseini.com\/wp-content\/uploads\/2021\/02\/49459336097_e3353cc7d3_c-300x146.jpg\" width=\"220\" alt=\"CHAMPION\" \/><\/a><\/div> <h3 class=\"page-list-ext-title\"><a href=\"https:\/\/www.ecobaseini.com\/en\/baseina-bidamo-jumtu-konstrukcijas-2\/champion\/\" title=\"CHAMPION\">CHAMPION<\/a><\/h3><div class=\"page-list-ext-item-content\">\r\n \r\n\r\nCHAMPION t\u0101pat k\u0101 AZURE ir t\u0101 d\u0113v\u0113tie \"econom\" klases jumti, jo\u00a0to ra\u017eo\u0161an\u0101 tiek izmantots maz\u0101k iztur\u012bgs alum\u012bnija profils un pl\u0101n\u0101ks polikarbon\u0101ts. Izv\u0113loties \"econom\" klases jumtu, \u012bpa\u0161i svar\u012bgi ir iev\u0113rot, ka \u0161o konstrukciju jumti\u00a0var\u0113tu\u00a0neiztur...<\/div><\/div>\n<div class=\"page-list-ext-item\"><div class=\"page-list-ext-image\"><a href=\"https:\/\/www.ecobaseini.com\/en\/baseina-bidamo-jumtu-konstrukcijas-2\/azure\/\" title=\"AZURE\"><img src=\"https:\/\/www.ecobaseini.com\/wp-content\/uploads\/2021\/02\/46532485354_c49f7d0062_o-300x225.jpg\" width=\"220\" alt=\"AZURE\" \/><\/a><\/div> <h3 class=\"page-list-ext-title\"><a href=\"https:\/\/www.ecobaseini.com\/en\/baseina-bidamo-jumtu-konstrukcijas-2\/azure\/\" title=\"AZURE\">AZURE<\/a><\/h3><div class=\"page-list-ext-item-content\">\r\n \r\nAZURE t\u0101pat k\u0101 CHAMPION\u00a0ir \"econom\" klases jumti, jo to\u00a0ra\u017eo\u0161an\u0101 izmanto pl\u0101n\u0101ku polikarbon\u0101tu un ne tik augstas stipr\u012bbas\u00a0alum\u012bnija kontrukciju. \r\nJ\u016bs varat izv\u0113l\u0113ties no 3 jumta seguma form\u0101m - \u012bpa\u0161i zema, zema un vid\u0113ji augsta, k\u0101 ar\u012b no 2 veidu p...<\/div><\/div>\n\n<\/div><\/p>","protected":false},"excerpt":{"rendered":"<p>Sorry, this entry is only available in Latvian. For the sake of viewer convenience, the content is shown below in the alternative language. You may click the link to switch the active language.K\u0101p\u0113c izv\u0113l\u0113ties b\u012bd\u0101m\u0101s baseina jumtu konstrukcijas? Iesp\u0113ja norobe\u017eot baseinu, lai pasarg\u0101tu b\u0113rnus un m\u0101jdz\u012bvniekus no nev\u0113lams iek\u013c\u016b\u0161anas taj\u0101; Samazina \u016bdens iztvaiko\u0161anu un akumul\u0113<\/p>\n","protected":false},"author":1,"featured_media":0,"parent":0,"menu_order":0,"comment_status":"closed","ping_status":"closed","template":"","meta":[],"acf":[],"yoast_head":"<!-- This site is optimized with the Yoast SEO plugin v18.8 - https:\/\/yoast.com\/wordpress\/plugins\/seo\/ -->\n<title>Baseina b\u012bd\u0101mo jumtu konstrukcijas - ECO Baseini<\/title>\n<meta name=\"description\" content=\"Meta..\" \/>\n<meta name=\"robots\" content=\"index, follow, max-snippet:-1, max-image-preview:large, max-video-preview:-1\" \/>\n<link rel=\"canonical\" href=\"https:\/\/www.ecobaseini.com\/baseina-bidamo-jumtu-konstrukcijas-2\/\" \/>\n<meta property=\"og:locale\" content=\"en_US\" \/>\n<meta property=\"og:type\" content=\"article\" \/>\n<meta property=\"og:title\" content=\"Baseina b\u012bd\u0101mo jumtu konstrukcijas - ECO Baseini\" \/>\n<meta property=\"og:description\" content=\"{:lv}Meta..{:}\" \/>\n<meta property=\"og:url\" content=\"https:\/\/www.ecobaseini.com\/baseina-bidamo-jumtu-konstrukcijas-2\/\" \/>\n<meta property=\"og:site_name\" content=\"ECO Baseini\" \/>\n<meta property=\"article:modified_time\" content=\"2021-02-13T17:10:38+00:00\" \/>\n<meta name=\"twitter:card\" content=\"summary\" \/>\n<meta name=\"twitter:label1\" content=\"Est. reading time\" \/>\n\t<meta name=\"twitter:data1\" content=\"1 minute\" \/>\n<script type=\"application\/ld+json\" class=\"yoast-schema-graph\">{\"@context\":\"https:\/\/schema.org\",\"@graph\":[{\"@type\":\"WebSite\",\"@id\":\"https:\/\/www.ecobaseini.com\/#website\",\"url\":\"https:\/\/www.ecobaseini.com\/\",\"name\":\"ECO Baseini\",\"description\":\"Baseini - lab\u0101k\u0101 cena un kvalit\u0101te\",\"potentialAction\":[{\"@type\":\"SearchAction\",\"target\":{\"@type\":\"EntryPoint\",\"urlTemplate\":\"https:\/\/www.ecobaseini.com\/?s={search_term_string}\"},\"query-input\":\"required name=search_term_string\"}],\"inLanguage\":\"en-US\"},{\"@type\":\"WebPage\",\"@id\":\"https:\/\/www.ecobaseini.com\/baseina-bidamo-jumtu-konstrukcijas-2\/#webpage\",\"url\":\"https:\/\/www.ecobaseini.com\/baseina-bidamo-jumtu-konstrukcijas-2\/\",\"name\":\"Baseina b\u012bd\u0101mo jumtu konstrukcijas - ECO Baseini\",\"isPartOf\":{\"@id\":\"https:\/\/www.ecobaseini.com\/#website\"},\"datePublished\":\"2016-11-13T11:04:03+00:00\",\"dateModified\":\"2021-02-13T17:10:38+00:00\",\"description\":\"{:lv}Meta..{:}\",\"breadcrumb\":{\"@id\":\"https:\/\/www.ecobaseini.com\/baseina-bidamo-jumtu-konstrukcijas-2\/#breadcrumb\"},\"inLanguage\":\"en-US\",\"potentialAction\":[{\"@type\":\"ReadAction\",\"target\":[\"https:\/\/www.ecobaseini.com\/baseina-bidamo-jumtu-konstrukcijas-2\/\"]}]},{\"@type\":\"BreadcrumbList\",\"@id\":\"https:\/\/www.ecobaseini.com\/baseina-bidamo-jumtu-konstrukcijas-2\/#breadcrumb\",\"itemListElement\":[{\"@type\":\"ListItem\",\"position\":1,\"name\":\"Home\",\"item\":\"https:\/\/www.ecobaseini.com\/\"},{\"@type\":\"ListItem\",\"position\":2,\"name\":\"Baseina b\u012bd\u0101mo jumtu konstrukcijas\"}]}]}<\/script>\n<!-- \/ Yoast SEO plugin. -->","yoast_head_json":{"title":"Baseina b\u012bd\u0101mo jumtu konstrukcijas - ECO Baseini","description":"Meta..","robots":{"index":"index","follow":"follow","max-snippet":"max-snippet:-1","max-image-preview":"max-image-preview:large","max-video-preview":"max-video-preview:-1"},"canonical":"https:\/\/www.ecobaseini.com\/baseina-bidamo-jumtu-konstrukcijas-2\/","og_locale":"en_US","og_type":"article","og_title":"Baseina b\u012bd\u0101mo jumtu konstrukcijas - ECO Baseini","og_description":"{:lv}Meta..{:}","og_url":"https:\/\/www.ecobaseini.com\/baseina-bidamo-jumtu-konstrukcijas-2\/","og_site_name":"ECO Baseini","article_modified_time":"2021-02-13T17:10:38+00:00","twitter_card":"summary","twitter_misc":{"Est. reading time":"1 minute"},"schema":{"@context":"https:\/\/schema.org","@graph":[{"@type":"WebSite","@id":"https:\/\/www.ecobaseini.com\/#website","url":"https:\/\/www.ecobaseini.com\/","name":"ECO Baseini","description":"Baseini - lab\u0101k\u0101 cena un kvalit\u0101te","potentialAction":[{"@type":"SearchAction","target":{"@type":"EntryPoint","urlTemplate":"https:\/\/www.ecobaseini.com\/?s={search_term_string}"},"query-input":"required name=search_term_string"}],"inLanguage":"en-US"},{"@type":"WebPage","@id":"https:\/\/www.ecobaseini.com\/baseina-bidamo-jumtu-konstrukcijas-2\/#webpage","url":"https:\/\/www.ecobaseini.com\/baseina-bidamo-jumtu-konstrukcijas-2\/","name":"Baseina b\u012bd\u0101mo jumtu konstrukcijas - ECO Baseini","isPartOf":{"@id":"https:\/\/www.ecobaseini.com\/#website"},"datePublished":"2016-11-13T11:04:03+00:00","dateModified":"2021-02-13T17:10:38+00:00","description":"{:lv}Meta..{:}","breadcrumb":{"@id":"https:\/\/www.ecobaseini.com\/baseina-bidamo-jumtu-konstrukcijas-2\/#breadcrumb"},"inLanguage":"en-US","potentialAction":[{"@type":"ReadAction","target":["https:\/\/www.ecobaseini.com\/baseina-bidamo-jumtu-konstrukcijas-2\/"]}]},{"@type":"BreadcrumbList","@id":"https:\/\/www.ecobaseini.com\/baseina-bidamo-jumtu-konstrukcijas-2\/#breadcrumb","itemListElement":[{"@type":"ListItem","position":1,"name":"Home","item":"https:\/\/www.ecobaseini.com\/"},{"@type":"ListItem","position":2,"name":"Baseina b\u012bd\u0101mo jumtu konstrukcijas"}]}]}},"_links":{"self":[{"href":"https:\/\/www.ecobaseini.com\/en\/wp-json\/wp\/v2\/pages\/205"}],"collection":[{"href":"https:\/\/www.ecobaseini.com\/en\/wp-json\/wp\/v2\/pages"}],"about":[{"href":"https:\/\/www.ecobaseini.com\/en\/wp-json\/wp\/v2\/types\/page"}],"author":[{"embeddable":true,"href":"https:\/\/www.ecobaseini.com\/en\/wp-json\/wp\/v2\/users\/1"}],"replies":[{"embeddable":true,"href":"https:\/\/www.ecobaseini.com\/en\/wp-json\/wp\/v2\/comments?post=205"}],"version-history":[{"count":5,"href":"https:\/\/www.ecobaseini.com\/en\/wp-json\/wp\/v2\/pages\/205\/revisions"}],"predecessor-version":[{"id":1008,"href":"https:\/\/www.ecobaseini.com\/en\/wp-json\/wp\/v2\/pages\/205\/revisions\/1008"}],"wp:attachment":[{"href":"https:\/\/www.ecobaseini.com\/en\/wp-json\/wp\/v2\/media?parent=205"}],"curies":[{"name":"wp","href":"https:\/\/api.w.org\/{rel}","templated":true}]}}