{"id":24,"date":"2016-11-11T13:43:28","date_gmt":"2016-11-11T11:43:28","guid":{"rendered":"http:\/\/www.ecobaseini.com\/?page_id=24"},"modified":"2021-02-07T14:26:42","modified_gmt":"2021-02-07T12:26:42","slug":"sakums","status":"publish","type":"page","link":"https:\/\/www.ecobaseini.com\/en\/","title":{"rendered":"S\u0101kums"},"content":{"rendered":"<p>Jebkura izm\u0113ra 4 standarta\u00a0formas (taisnst\u016bris, ov\u0101ls, aplis\u00a0un kvadr\u0101ts), k\u0101 ar\u012b nestandarta\u00a0formas, kas izgatavoti p\u0113c klienta individu\u0101la pas\u016bt\u012bjuma un v\u0113lm\u0113m, &#8211; polipropil\u0113na materi\u0101la p\u0101rpl\u016bdes un <em>skimmer<\/em> tipa pelbaseinus, tai skait\u0101:<\/p>\n<ul>\n<li>Priv\u0101to un publisko peldbaseinu jaun\u0101k\u0101s paaudzes iek\u0101rtas un apr\u012bkojumu;<\/li>\n<li>\u016adens dezinfekcijas l\u012bdzek\u013cus un t\u012br\u012b\u0161anas\u00a0invent\u0101ru baseiniem un Spa vann\u0101m;<\/li>\n<li>Servisa darbus peldbaseiniem un baseina\u00a0apr\u012bkojumam;<\/li>\n<li>Jaunu un eso\u0161u peldbaseinu moderniz\u0101cija;<\/li>\n<li>Individu\u0101li baseina t\u012br\u012b\u0161ana\u00a0darbi un ieziemo\u0161anas\/atziemo\u0161anas pakalpojums;<\/li>\n<li>B\u012bd\u0101mo baseinu jumtu konstrukcijas un to uzt\u0101d\u012b\u0161anu;<\/li>\n<li>Individu\u0101la baseinu projekt\u0113\u0161ana;<\/li>\n<li>u.c.<\/li>\n<\/ul>\n","protected":false},"excerpt":{"rendered":"<p>Jebkura izm\u0113ra 4 standarta\u00a0formas (taisnst\u016bris, ov\u0101ls, aplis\u00a0un kvadr\u0101ts), k\u0101 ar\u012b nestandarta\u00a0formas, kas izgatavoti p\u0113c klienta individu\u0101la pas\u016bt\u012bjuma un v\u0113lm\u0113m, &#8211; polipropil\u0113na materi\u0101la p\u0101rpl\u016bdes un skimmer tipa pelbaseinus, tai skait\u0101: Priv\u0101to un publisko peldbaseinu jaun\u0101k\u0101s paaudzes iek\u0101rtas un apr\u012bkojumu; \u016adens dezinfekcijas l\u012bdzek\u013cus un t\u012br\u012b\u0161anas\u00a0invent\u0101ru baseiniem un Spa vann\u0101m; Servisa darbus peldbaseiniem un baseina\u00a0apr\u012bkojumam; Jaunu un eso\u0161u<\/p>\n","protected":false},"author":1,"featured_media":0,"parent":0,"menu_order":0,"comment_status":"closed","ping_status":"closed","template":"","meta":[],"acf":[],"yoast_head":"<!-- This site is optimized with the Yoast SEO plugin v18.8 - https:\/\/yoast.com\/wordpress\/plugins\/seo\/ -->\n<title>Eco Baseini - Priv\u0101to un Publisko peldbaseinu iek\u0101rtas un baseina apr\u012bkojums<\/title>\n<meta name=\"description\" content=\"Eco Baseini izgatavo priv\u0101tus un sabiedriskus baseinus, Gatavus Polipropil\u0113na baseinus, pirts kubls pie pirt\u012bm, baseinus d\u0101rziem, pie m\u0101jas pagalm\u0101\" \/>\n<meta name=\"robots\" content=\"index, follow, max-snippet:-1, max-image-preview:large, max-video-preview:-1\" \/>\n<link rel=\"canonical\" href=\"https:\/\/www.ecobaseini.com\/\" \/>\n<meta property=\"og:locale\" content=\"en_US\" \/>\n<meta property=\"og:type\" content=\"article\" \/>\n<meta property=\"og:title\" content=\"Eco Baseini - Priv\u0101to un Publisko peldbaseinu iek\u0101rtas un baseina apr\u012bkojums\" \/>\n<meta property=\"og:description\" content=\"Eco Baseini izgatavo priv\u0101tus un sabiedriskus baseinus, Gatavus Polipropil\u0113na baseinus, pirts kubls pie pirt\u012bm, baseinus d\u0101rziem, pie m\u0101jas pagalm\u0101\" \/>\n<meta property=\"og:url\" content=\"https:\/\/www.ecobaseini.com\/\" \/>\n<meta property=\"og:site_name\" content=\"ECO Baseini\" \/>\n<meta property=\"article:modified_time\" content=\"2021-02-07T12:26:42+00:00\" \/>\n<meta name=\"twitter:card\" content=\"summary\" \/>\n<meta name=\"twitter:label1\" content=\"Est. reading time\" \/>\n\t<meta name=\"twitter:data1\" content=\"1 minute\" \/>\n<script type=\"application\/ld+json\" class=\"yoast-schema-graph\">{\"@context\":\"https:\/\/schema.org\",\"@graph\":[{\"@type\":\"WebSite\",\"@id\":\"https:\/\/www.ecobaseini.com\/#website\",\"url\":\"https:\/\/www.ecobaseini.com\/\",\"name\":\"ECO Baseini\",\"description\":\"Baseini - lab\u0101k\u0101 cena un kvalit\u0101te\",\"potentialAction\":[{\"@type\":\"SearchAction\",\"target\":{\"@type\":\"EntryPoint\",\"urlTemplate\":\"https:\/\/www.ecobaseini.com\/?s={search_term_string}\"},\"query-input\":\"required name=search_term_string\"}],\"inLanguage\":\"en-US\"},{\"@type\":\"WebPage\",\"@id\":\"https:\/\/www.ecobaseini.com\/#webpage\",\"url\":\"https:\/\/www.ecobaseini.com\/\",\"name\":\"Eco Baseini - Priv\u0101to un Publisko peldbaseinu iek\u0101rtas un baseina apr\u012bkojums\",\"isPartOf\":{\"@id\":\"https:\/\/www.ecobaseini.com\/#website\"},\"datePublished\":\"2016-11-11T11:43:28+00:00\",\"dateModified\":\"2021-02-07T12:26:42+00:00\",\"description\":\"Eco Baseini izgatavo priv\u0101tus un sabiedriskus baseinus, Gatavus Polipropil\u0113na baseinus, pirts kubls pie pirt\u012bm, baseinus d\u0101rziem, pie m\u0101jas pagalm\u0101\",\"breadcrumb\":{\"@id\":\"https:\/\/www.ecobaseini.com\/#breadcrumb\"},\"inLanguage\":\"en-US\",\"potentialAction\":[{\"@type\":\"ReadAction\",\"target\":[\"https:\/\/www.ecobaseini.com\/\"]}]},{\"@type\":\"BreadcrumbList\",\"@id\":\"https:\/\/www.ecobaseini.com\/#breadcrumb\",\"itemListElement\":[{\"@type\":\"ListItem\",\"position\":1,\"name\":\"Home\",\"item\":\"https:\/\/www.ecobaseini.com\/\"},{\"@type\":\"ListItem\",\"position\":2,\"name\":\"S\u0101kums\"}]}]}<\/script>\n<!-- \/ Yoast SEO plugin. -->","yoast_head_json":{"title":"Eco Baseini - Priv\u0101to un Publisko peldbaseinu iek\u0101rtas un baseina apr\u012bkojums","description":"Eco Baseini izgatavo priv\u0101tus un sabiedriskus baseinus, Gatavus Polipropil\u0113na baseinus, pirts kubls pie pirt\u012bm, baseinus d\u0101rziem, pie m\u0101jas pagalm\u0101","robots":{"index":"index","follow":"follow","max-snippet":"max-snippet:-1","max-image-preview":"max-image-preview:large","max-video-preview":"max-video-preview:-1"},"canonical":"https:\/\/www.ecobaseini.com\/","og_locale":"en_US","og_type":"article","og_title":"Eco Baseini - Priv\u0101to un Publisko peldbaseinu iek\u0101rtas un baseina apr\u012bkojums","og_description":"Eco Baseini izgatavo priv\u0101tus un sabiedriskus baseinus, Gatavus Polipropil\u0113na baseinus, pirts kubls pie pirt\u012bm, baseinus d\u0101rziem, pie m\u0101jas pagalm\u0101","og_url":"https:\/\/www.ecobaseini.com\/","og_site_name":"ECO Baseini","article_modified_time":"2021-02-07T12:26:42+00:00","twitter_card":"summary","twitter_misc":{"Est. reading time":"1 minute"},"schema":{"@context":"https:\/\/schema.org","@graph":[{"@type":"WebSite","@id":"https:\/\/www.ecobaseini.com\/#website","url":"https:\/\/www.ecobaseini.com\/","name":"ECO Baseini","description":"Baseini - lab\u0101k\u0101 cena un kvalit\u0101te","potentialAction":[{"@type":"SearchAction","target":{"@type":"EntryPoint","urlTemplate":"https:\/\/www.ecobaseini.com\/?s={search_term_string}"},"query-input":"required name=search_term_string"}],"inLanguage":"en-US"},{"@type":"WebPage","@id":"https:\/\/www.ecobaseini.com\/#webpage","url":"https:\/\/www.ecobaseini.com\/","name":"Eco Baseini - Priv\u0101to un Publisko peldbaseinu iek\u0101rtas un baseina apr\u012bkojums","isPartOf":{"@id":"https:\/\/www.ecobaseini.com\/#website"},"datePublished":"2016-11-11T11:43:28+00:00","dateModified":"2021-02-07T12:26:42+00:00","description":"Eco Baseini izgatavo priv\u0101tus un sabiedriskus baseinus, Gatavus Polipropil\u0113na baseinus, pirts kubls pie pirt\u012bm, baseinus d\u0101rziem, pie m\u0101jas pagalm\u0101","breadcrumb":{"@id":"https:\/\/www.ecobaseini.com\/#breadcrumb"},"inLanguage":"en-US","potentialAction":[{"@type":"ReadAction","target":["https:\/\/www.ecobaseini.com\/"]}]},{"@type":"BreadcrumbList","@id":"https:\/\/www.ecobaseini.com\/#breadcrumb","itemListElement":[{"@type":"ListItem","position":1,"name":"Home","item":"https:\/\/www.ecobaseini.com\/"},{"@type":"ListItem","position":2,"name":"S\u0101kums"}]}]}},"_links":{"self":[{"href":"https:\/\/www.ecobaseini.com\/en\/wp-json\/wp\/v2\/pages\/24"}],"collection":[{"href":"https:\/\/www.ecobaseini.com\/en\/wp-json\/wp\/v2\/pages"}],"about":[{"href":"https:\/\/www.ecobaseini.com\/en\/wp-json\/wp\/v2\/types\/page"}],"author":[{"embeddable":true,"href":"https:\/\/www.ecobaseini.com\/en\/wp-json\/wp\/v2\/users\/1"}],"replies":[{"embeddable":true,"href":"https:\/\/www.ecobaseini.com\/en\/wp-json\/wp\/v2\/comments?post=24"}],"version-history":[{"count":45,"href":"https:\/\/www.ecobaseini.com\/en\/wp-json\/wp\/v2\/pages\/24\/revisions"}],"predecessor-version":[{"id":916,"href":"https:\/\/www.ecobaseini.com\/en\/wp-json\/wp\/v2\/pages\/24\/revisions\/916"}],"wp:attachment":[{"href":"https:\/\/www.ecobaseini.com\/en\/wp-json\/wp\/v2\/media?parent=24"}],"curies":[{"name":"wp","href":"https:\/\/api.w.org\/{rel}","templated":true}]}}