{"id":260,"date":"2017-04-14T19:17:53","date_gmt":"2017-04-14T16:17:53","guid":{"rendered":"http:\/\/www.ecobaseini.com\/?page_id=260"},"modified":"2018-05-25T08:59:59","modified_gmt":"2018-05-25T05:59:59","slug":"darbi","status":"publish","type":"page","link":"https:\/\/www.ecobaseini.com\/en\/darbi\/","title":{"rendered":"Recently Completed Works"},"content":{"rendered":"","protected":false},"excerpt":{"rendered":"","protected":false},"author":1,"featured_media":0,"parent":0,"menu_order":0,"comment_status":"closed","ping_status":"closed","template":"page-templates\/template-darbi.php","meta":[],"acf":[],"yoast_head":"<!-- This site is optimized with the Yoast SEO plugin v18.8 - https:\/\/yoast.com\/wordpress\/plugins\/seo\/ -->\n<title>Recently Completed Works - ECO Baseini<\/title>\n<meta name=\"robots\" content=\"index, follow, max-snippet:-1, max-image-preview:large, max-video-preview:-1\" \/>\n<link rel=\"canonical\" href=\"https:\/\/www.ecobaseini.com\/darbi\/\" \/>\n<meta property=\"og:locale\" content=\"en_US\" \/>\n<meta property=\"og:type\" content=\"article\" \/>\n<meta property=\"og:title\" content=\"Recently Completed Works - ECO Baseini\" \/>\n<meta property=\"og:url\" content=\"https:\/\/www.ecobaseini.com\/darbi\/\" \/>\n<meta property=\"og:site_name\" content=\"ECO Baseini\" \/>\n<meta property=\"article:modified_time\" content=\"2018-05-25T05:59:59+00:00\" \/>\n<meta name=\"twitter:card\" content=\"summary\" \/>\n<script type=\"application\/ld+json\" class=\"yoast-schema-graph\">{\"@context\":\"https:\/\/schema.org\",\"@graph\":[{\"@type\":\"WebSite\",\"@id\":\"https:\/\/www.ecobaseini.com\/#website\",\"url\":\"https:\/\/www.ecobaseini.com\/\",\"name\":\"ECO Baseini\",\"description\":\"Baseini - lab\u0101k\u0101 cena un kvalit\u0101te\",\"potentialAction\":[{\"@type\":\"SearchAction\",\"target\":{\"@type\":\"EntryPoint\",\"urlTemplate\":\"https:\/\/www.ecobaseini.com\/?s={search_term_string}\"},\"query-input\":\"required name=search_term_string\"}],\"inLanguage\":\"en-US\"},{\"@type\":\"WebPage\",\"@id\":\"https:\/\/www.ecobaseini.com\/darbi\/#webpage\",\"url\":\"https:\/\/www.ecobaseini.com\/darbi\/\",\"name\":\"Recently Completed Works - ECO Baseini\",\"isPartOf\":{\"@id\":\"https:\/\/www.ecobaseini.com\/#website\"},\"datePublished\":\"2017-04-14T16:17:53+00:00\",\"dateModified\":\"2018-05-25T05:59:59+00:00\",\"breadcrumb\":{\"@id\":\"https:\/\/www.ecobaseini.com\/darbi\/#breadcrumb\"},\"inLanguage\":\"en-US\",\"potentialAction\":[{\"@type\":\"ReadAction\",\"target\":[\"https:\/\/www.ecobaseini.com\/darbi\/\"]}]},{\"@type\":\"BreadcrumbList\",\"@id\":\"https:\/\/www.ecobaseini.com\/darbi\/#breadcrumb\",\"itemListElement\":[{\"@type\":\"ListItem\",\"position\":1,\"name\":\"Home\",\"item\":\"https:\/\/www.ecobaseini.com\/\"},{\"@type\":\"ListItem\",\"position\":2,\"name\":\"Nesen paveiktie darbi\"}]}]}<\/script>\n<!-- \/ Yoast SEO plugin. -->","yoast_head_json":{"title":"Recently Completed Works - ECO Baseini","robots":{"index":"index","follow":"follow","max-snippet":"max-snippet:-1","max-image-preview":"max-image-preview:large","max-video-preview":"max-video-preview:-1"},"canonical":"https:\/\/www.ecobaseini.com\/darbi\/","og_locale":"en_US","og_type":"article","og_title":"Recently Completed Works - ECO Baseini","og_url":"https:\/\/www.ecobaseini.com\/darbi\/","og_site_name":"ECO Baseini","article_modified_time":"2018-05-25T05:59:59+00:00","twitter_card":"summary","schema":{"@context":"https:\/\/schema.org","@graph":[{"@type":"WebSite","@id":"https:\/\/www.ecobaseini.com\/#website","url":"https:\/\/www.ecobaseini.com\/","name":"ECO Baseini","description":"Baseini - lab\u0101k\u0101 cena un kvalit\u0101te","potentialAction":[{"@type":"SearchAction","target":{"@type":"EntryPoint","urlTemplate":"https:\/\/www.ecobaseini.com\/?s={search_term_string}"},"query-input":"required name=search_term_string"}],"inLanguage":"en-US"},{"@type":"WebPage","@id":"https:\/\/www.ecobaseini.com\/darbi\/#webpage","url":"https:\/\/www.ecobaseini.com\/darbi\/","name":"Recently Completed Works - ECO Baseini","isPartOf":{"@id":"https:\/\/www.ecobaseini.com\/#website"},"datePublished":"2017-04-14T16:17:53+00:00","dateModified":"2018-05-25T05:59:59+00:00","breadcrumb":{"@id":"https:\/\/www.ecobaseini.com\/darbi\/#breadcrumb"},"inLanguage":"en-US","potentialAction":[{"@type":"ReadAction","target":["https:\/\/www.ecobaseini.com\/darbi\/"]}]},{"@type":"BreadcrumbList","@id":"https:\/\/www.ecobaseini.com\/darbi\/#breadcrumb","itemListElement":[{"@type":"ListItem","position":1,"name":"Home","item":"https:\/\/www.ecobaseini.com\/"},{"@type":"ListItem","position":2,"name":"Nesen paveiktie darbi"}]}]}},"_links":{"self":[{"href":"https:\/\/www.ecobaseini.com\/en\/wp-json\/wp\/v2\/pages\/260"}],"collection":[{"href":"https:\/\/www.ecobaseini.com\/en\/wp-json\/wp\/v2\/pages"}],"about":[{"href":"https:\/\/www.ecobaseini.com\/en\/wp-json\/wp\/v2\/types\/page"}],"author":[{"embeddable":true,"href":"https:\/\/www.ecobaseini.com\/en\/wp-json\/wp\/v2\/users\/1"}],"replies":[{"embeddable":true,"href":"https:\/\/www.ecobaseini.com\/en\/wp-json\/wp\/v2\/comments?post=260"}],"version-history":[{"count":9,"href":"https:\/\/www.ecobaseini.com\/en\/wp-json\/wp\/v2\/pages\/260\/revisions"}],"predecessor-version":[{"id":678,"href":"https:\/\/www.ecobaseini.com\/en\/wp-json\/wp\/v2\/pages\/260\/revisions\/678"}],"wp:attachment":[{"href":"https:\/\/www.ecobaseini.com\/en\/wp-json\/wp\/v2\/media?parent=260"}],"curies":[{"name":"wp","href":"https:\/\/api.w.org\/{rel}","templated":true}]}}