{"id":4,"date":"2016-11-11T00:26:55","date_gmt":"2016-11-10T22:26:55","guid":{"rendered":"http:\/\/www.ecobaseini.com\/?page_id=4"},"modified":"2021-02-07T00:52:19","modified_gmt":"2021-02-06T22:52:19","slug":"par-uznemumu","status":"publish","type":"page","link":"https:\/\/www.ecobaseini.com\/en\/par-uznemumu\/","title":{"rendered":"About Us"},"content":{"rendered":"<p>SIA &#8220;ECO Baseini&#8221; ir viens no vado\u0161\u0101kajiem baseinu uz\u0146\u0113mumiem Eiropas tirg\u016b, kur\u0161 str\u0101d\u0101 kop\u0161 2004.gada un kuri pirmie ieviesa un s\u0101ka izgatavot Baltijas tirg\u016b priv\u0101tus un sabiedriskus Polipropil\u0113na baseinus, pirts kublas pie pirt\u012bm, d\u0101rziem, pie m\u0101jas pagalm\u0101, k\u0101 ar\u012b baseinus, kublas telp\u0101s utt.,tai skait\u0101 ar\u012b uzst\u0101da baseina apr\u012bkojumu un veic baseina servisa darbus.<\/p>\n<p>Polipropil\u0113na baseinu priek\u0161roc\u012bbas &#8211; nav j\u0101izgatavo dzelzbetona baseina kesonu, nav j\u0101veic apme\u0161anas un hidroizol\u0101cijas darbi baseina sien\u0101m, k\u0101 ar\u012b \u0161iem baseiniem nav nepiecie\u0161ama papildus siltumizol\u0101cija. Uz betona pl\u0101tnes tiek mont\u0113ts herm\u0113tisks polipropil\u0113na baseina \u010daula. \u0160aj\u0101 baseina pl\u0101tn\u0113 tiek uzst\u0101d\u012bti un hermetiz\u0113ti visi iekl\u0101jumi: baseina skimeri, atpaka\u013c\u016bdens un hidromas\u0101\u017eas baseina sprauslas, baseina dibena izlai\u0161anas sist\u0113ma, k\u0101 ar\u012b baseina apgaismojums, vienv\u0101rdsakot &#8211; viss, kas ieprojekt\u0113ts \u0161aj\u0101 basein\u0101. Betona ielie\u0161ana polipropil\u0113na baseina \u010daulai notiek praktiski bez veid\u0146u izmanto\u0161anas p\u0113c vienk\u0101r\u0161otas tehnolo\u0123ijas.<\/p>\n<p>Polipropil\u0113ns &#8211; ekolo\u0123iski t\u012brs materi\u0101ls, nerea\u0123\u0113 ar prepar\u0101tiem, kuri tiek izmantoti baseina \u016bdens dezinfic\u0113\u0161anai un \u016bdens at\u012br\u012b\u0161ana baseinos. Polipropil\u0113na \u012bpa\u0161\u012bbas un kr\u0101su neietekm\u0113 saules stari un gaisa temperat\u016bra: gan augsta, gan ar\u012b zema. Baseinus, kuri izgatavoti no polipropil\u0113na, lieliski var ekspluat\u0113t gan telp\u0101s, gan ar\u012b br\u012bv\u0101 dab\u0101. Polipropil\u0113ns &#8211; tas ir augsto tehnolo\u0123iju materi\u0101ls, t\u0101p\u0113c no \u0161\u012b materi\u0101la var izb\u016bv\u0113t jebkuras formas un izm\u0113ru baseinus. Sal\u012bdzin\u0101jum\u0101 ar tradicion\u0101lajiem dzelzbetona baseiniem, kuri izkl\u0101ti ar keramisk\u0101m vai mozaikas fl\u012bz\u0113m, polipropil\u0113na baseini ir divas reizes l\u0113t\u0101ki, bet to b\u016bvniec\u012bbas laiks &#8211; 3 reizes \u012bs\u0101ks.<\/p>","protected":false},"excerpt":{"rendered":"<p>SIA &#8220;ECO Baseini&#8221; ir viens no vado\u0161\u0101kajiem baseinu uz\u0146\u0113mumiem Eiropas tirg\u016b, kur\u0161 str\u0101d\u0101 kop\u0161 2004.gada un kuri pirmie ieviesa un s\u0101ka izgatavot Baltijas tirg\u016b priv\u0101tus un sabiedriskus Polipropil\u0113na baseinus, pirts kublas pie pirt\u012bm, d\u0101rziem, pie m\u0101jas pagalm\u0101, k\u0101 ar\u012b baseinus, kublas telp\u0101s utt.,tai skait\u0101 ar\u012b uzst\u0101da baseina apr\u012bkojumu un veic baseina servisa darbus. Polipropil\u0113na baseinu<\/p>\n","protected":false},"author":1,"featured_media":0,"parent":0,"menu_order":0,"comment_status":"closed","ping_status":"closed","template":"","meta":[],"acf":[],"yoast_head":"<!-- This site is optimized with the Yoast SEO plugin v18.8 - https:\/\/yoast.com\/wordpress\/plugins\/seo\/ -->\n<title>About Us - ECO Baseini<\/title>\n<meta name=\"robots\" content=\"index, follow, max-snippet:-1, max-image-preview:large, max-video-preview:-1\" \/>\n<link rel=\"canonical\" href=\"https:\/\/www.ecobaseini.com\/par-uznemumu\/\" \/>\n<meta property=\"og:locale\" content=\"en_US\" \/>\n<meta property=\"og:type\" content=\"article\" \/>\n<meta property=\"og:title\" content=\"About Us - ECO Baseini\" \/>\n<meta property=\"og:description\" content=\"SIA &#8220;ECO Baseini&#8221; ir viens no vado\u0161\u0101kajiem baseinu uz\u0146\u0113mumiem Eiropas tirg\u016b, kur\u0161 str\u0101d\u0101 kop\u0161 2004.gada un kuri pirmie ieviesa un s\u0101ka izgatavot Baltijas tirg\u016b priv\u0101tus un sabiedriskus Polipropil\u0113na baseinus, pirts kublas pie pirt\u012bm, d\u0101rziem, pie m\u0101jas pagalm\u0101, k\u0101 ar\u012b baseinus, kublas telp\u0101s utt.,tai skait\u0101 ar\u012b uzst\u0101da baseina apr\u012bkojumu un veic baseina servisa darbus. Polipropil\u0113na baseinu\" \/>\n<meta property=\"og:url\" content=\"https:\/\/www.ecobaseini.com\/par-uznemumu\/\" \/>\n<meta property=\"og:site_name\" content=\"ECO Baseini\" \/>\n<meta property=\"article:modified_time\" content=\"2021-02-06T22:52:19+00:00\" \/>\n<meta property=\"og:image\" content=\"http:\/\/www.ecobaseini.com\/wp-content\/uploads\/2016\/11\/sw.jpg\" \/>\n<meta name=\"twitter:card\" content=\"summary\" \/>\n<meta name=\"twitter:label1\" content=\"Est. reading time\" \/>\n\t<meta name=\"twitter:data1\" content=\"3 minutes\" \/>\n<script type=\"application\/ld+json\" class=\"yoast-schema-graph\">{\"@context\":\"https:\/\/schema.org\",\"@graph\":[{\"@type\":\"WebSite\",\"@id\":\"https:\/\/www.ecobaseini.com\/#website\",\"url\":\"https:\/\/www.ecobaseini.com\/\",\"name\":\"ECO Baseini\",\"description\":\"Baseini - lab\u0101k\u0101 cena un kvalit\u0101te\",\"potentialAction\":[{\"@type\":\"SearchAction\",\"target\":{\"@type\":\"EntryPoint\",\"urlTemplate\":\"https:\/\/www.ecobaseini.com\/?s={search_term_string}\"},\"query-input\":\"required name=search_term_string\"}],\"inLanguage\":\"en-US\"},{\"@type\":\"ImageObject\",\"inLanguage\":\"en-US\",\"@id\":\"https:\/\/www.ecobaseini.com\/par-uznemumu\/#primaryimage\",\"url\":\"https:\/\/www.ecobaseini.com\/wp-content\/uploads\/2016\/11\/sw.jpg\",\"contentUrl\":\"https:\/\/www.ecobaseini.com\/wp-content\/uploads\/2016\/11\/sw.jpg\",\"width\":1000,\"height\":817},{\"@type\":\"WebPage\",\"@id\":\"https:\/\/www.ecobaseini.com\/par-uznemumu\/#webpage\",\"url\":\"https:\/\/www.ecobaseini.com\/par-uznemumu\/\",\"name\":\"About Us - ECO Baseini\",\"isPartOf\":{\"@id\":\"https:\/\/www.ecobaseini.com\/#website\"},\"primaryImageOfPage\":{\"@id\":\"https:\/\/www.ecobaseini.com\/par-uznemumu\/#primaryimage\"},\"datePublished\":\"2016-11-10T22:26:55+00:00\",\"dateModified\":\"2021-02-06T22:52:19+00:00\",\"breadcrumb\":{\"@id\":\"https:\/\/www.ecobaseini.com\/par-uznemumu\/#breadcrumb\"},\"inLanguage\":\"en-US\",\"potentialAction\":[{\"@type\":\"ReadAction\",\"target\":[\"https:\/\/www.ecobaseini.com\/par-uznemumu\/\"]}]},{\"@type\":\"BreadcrumbList\",\"@id\":\"https:\/\/www.ecobaseini.com\/par-uznemumu\/#breadcrumb\",\"itemListElement\":[{\"@type\":\"ListItem\",\"position\":1,\"name\":\"Home\",\"item\":\"https:\/\/www.ecobaseini.com\/\"},{\"@type\":\"ListItem\",\"position\":2,\"name\":\"Par uz\u0146\u0113mumu\"}]}]}<\/script>\n<!-- \/ Yoast SEO plugin. -->","yoast_head_json":{"title":"About Us - ECO Baseini","robots":{"index":"index","follow":"follow","max-snippet":"max-snippet:-1","max-image-preview":"max-image-preview:large","max-video-preview":"max-video-preview:-1"},"canonical":"https:\/\/www.ecobaseini.com\/par-uznemumu\/","og_locale":"en_US","og_type":"article","og_title":"About Us - ECO Baseini","og_description":"SIA &#8220;ECO Baseini&#8221; ir viens no vado\u0161\u0101kajiem baseinu uz\u0146\u0113mumiem Eiropas tirg\u016b, kur\u0161 str\u0101d\u0101 kop\u0161 2004.gada un kuri pirmie ieviesa un s\u0101ka izgatavot Baltijas tirg\u016b priv\u0101tus un sabiedriskus Polipropil\u0113na baseinus, pirts kublas pie pirt\u012bm, d\u0101rziem, pie m\u0101jas pagalm\u0101, k\u0101 ar\u012b baseinus, kublas telp\u0101s utt.,tai skait\u0101 ar\u012b uzst\u0101da baseina apr\u012bkojumu un veic baseina servisa darbus. Polipropil\u0113na baseinu","og_url":"https:\/\/www.ecobaseini.com\/par-uznemumu\/","og_site_name":"ECO Baseini","article_modified_time":"2021-02-06T22:52:19+00:00","og_image":[{"url":"http:\/\/www.ecobaseini.com\/wp-content\/uploads\/2016\/11\/sw.jpg"}],"twitter_card":"summary","twitter_misc":{"Est. reading time":"3 minutes"},"schema":{"@context":"https:\/\/schema.org","@graph":[{"@type":"WebSite","@id":"https:\/\/www.ecobaseini.com\/#website","url":"https:\/\/www.ecobaseini.com\/","name":"ECO Baseini","description":"Baseini - lab\u0101k\u0101 cena un kvalit\u0101te","potentialAction":[{"@type":"SearchAction","target":{"@type":"EntryPoint","urlTemplate":"https:\/\/www.ecobaseini.com\/?s={search_term_string}"},"query-input":"required name=search_term_string"}],"inLanguage":"en-US"},{"@type":"ImageObject","inLanguage":"en-US","@id":"https:\/\/www.ecobaseini.com\/par-uznemumu\/#primaryimage","url":"https:\/\/www.ecobaseini.com\/wp-content\/uploads\/2016\/11\/sw.jpg","contentUrl":"https:\/\/www.ecobaseini.com\/wp-content\/uploads\/2016\/11\/sw.jpg","width":1000,"height":817},{"@type":"WebPage","@id":"https:\/\/www.ecobaseini.com\/par-uznemumu\/#webpage","url":"https:\/\/www.ecobaseini.com\/par-uznemumu\/","name":"About Us - ECO Baseini","isPartOf":{"@id":"https:\/\/www.ecobaseini.com\/#website"},"primaryImageOfPage":{"@id":"https:\/\/www.ecobaseini.com\/par-uznemumu\/#primaryimage"},"datePublished":"2016-11-10T22:26:55+00:00","dateModified":"2021-02-06T22:52:19+00:00","breadcrumb":{"@id":"https:\/\/www.ecobaseini.com\/par-uznemumu\/#breadcrumb"},"inLanguage":"en-US","potentialAction":[{"@type":"ReadAction","target":["https:\/\/www.ecobaseini.com\/par-uznemumu\/"]}]},{"@type":"BreadcrumbList","@id":"https:\/\/www.ecobaseini.com\/par-uznemumu\/#breadcrumb","itemListElement":[{"@type":"ListItem","position":1,"name":"Home","item":"https:\/\/www.ecobaseini.com\/"},{"@type":"ListItem","position":2,"name":"Par uz\u0146\u0113mumu"}]}]}},"_links":{"self":[{"href":"https:\/\/www.ecobaseini.com\/en\/wp-json\/wp\/v2\/pages\/4"}],"collection":[{"href":"https:\/\/www.ecobaseini.com\/en\/wp-json\/wp\/v2\/pages"}],"about":[{"href":"https:\/\/www.ecobaseini.com\/en\/wp-json\/wp\/v2\/types\/page"}],"author":[{"embeddable":true,"href":"https:\/\/www.ecobaseini.com\/en\/wp-json\/wp\/v2\/users\/1"}],"replies":[{"embeddable":true,"href":"https:\/\/www.ecobaseini.com\/en\/wp-json\/wp\/v2\/comments?post=4"}],"version-history":[{"count":7,"href":"https:\/\/www.ecobaseini.com\/en\/wp-json\/wp\/v2\/pages\/4\/revisions"}],"predecessor-version":[{"id":874,"href":"https:\/\/www.ecobaseini.com\/en\/wp-json\/wp\/v2\/pages\/4\/revisions\/874"}],"wp:attachment":[{"href":"https:\/\/www.ecobaseini.com\/en\/wp-json\/wp\/v2\/media?parent=4"}],"curies":[{"name":"wp","href":"https:\/\/api.w.org\/{rel}","templated":true}]}}