{"id":921,"date":"2021-02-12T18:03:10","date_gmt":"2021-02-12T16:03:10","guid":{"rendered":"http:\/\/www.ecobaseini.com\/?page_id=921"},"modified":"2021-02-13T17:40:58","modified_gmt":"2021-02-13T15:40:58","slug":"viva","status":"publish","type":"page","link":"https:\/\/www.ecobaseini.com\/en\/baseina-bidamo-jumtu-konstrukcijas-2\/viva\/","title":{"rendered":"VIVA"},"content":{"rendered":"<p class=\"qtranxs-available-languages-message qtranxs-available-languages-message-en\">Sorry, this entry is only available in <a href=\"https:\/\/www.ecobaseini.com\/lv\/wp-json\/wp\/v2\/pages\/921\" class=\"qtranxs-available-language-link qtranxs-available-language-link-lv\" title=\"LV\">Latvian<\/a>. For the sake of viewer convenience, the content is shown below in the alternative language. You may click the link to switch the active language.<\/p><p>\n<!-- Page-list plugin v.95.2 wordpress.org\/plugins\/page-list\/ -->\n<!-- no pages to show --><strong><br \/>\n<\/strong><\/p>\n<p id=\"tw-target-text\" class=\"tw-data-text tw-text-large XcVN5d tw-ta\" dir=\"ltr\" data-placeholder=\"Tulkojums\"><span lang=\"lv\">Jumta modelis ar \u012bpa\u0161o\u00a0sl\u012bd\u0113\u0161anas sist\u0113mu &#8211; sliede \u0161im modelim ir tikai vien\u0101 jumta pus\u0113, kaut visbie\u017e\u0101k\u00a0jumtiem ir divpus\u0113jas\u00a0sl\u012bdo\u0161\u0101s sliedes.<\/span><span lang=\"lv\">Pateicoties \u0161\u012b mode\u013ca tehnolo\u0123iskajam risin\u0101jumam, J\u016bs\u00a0variet\u00a0b\u016bt dro\u0161i gan par \u0113rtu jumta sl\u012bd\u0113\u0161anu, gan izmantot VIVA\u00a0mode\u013ca vienpus\u0113jo slie\u017eu\u00a0priek\u0161roc\u012bbu. Izv\u0113lieties\u00a0sliedi novietot taj\u0101 jumta pus\u0113, kuru J\u016bs ikdien\u0101 izmantojiet ret\u0101k, piem\u0113ram, tuv\u0101k \u017eogam vai dz\u012bv\u017eogam, atst\u0101jot otru pusi br\u012bvu no sliedes, kura J\u016bs n\u0101kotn\u0113 nekad\u00a0nesp\u0113s patrauc\u0113t\u00a0nedz vizu\u0101li, nedz ar\u012b praktiski.\u00a0<\/span><\/p>\n<p><\/p>","protected":false},"excerpt":{"rendered":"<p>Sorry, this entry is only available in Latvian. For the sake of viewer convenience, the content is shown below in the alternative language. You may click the link to switch the active language. Jumta modelis ar \u012bpa\u0161o\u00a0sl\u012bd\u0113\u0161anas sist\u0113mu &#8211; sliede \u0161im modelim ir tikai vien\u0101 jumta pus\u0113, kaut visbie\u017e\u0101k\u00a0jumtiem ir divpus\u0113jas\u00a0sl\u012bdo\u0161\u0101s sliedes.Pateicoties \u0161\u012b mode\u013ca tehnolo\u0123iskajam<\/p>\n","protected":false},"author":2,"featured_media":1073,"parent":205,"menu_order":2,"comment_status":"closed","ping_status":"closed","template":"","meta":[],"acf":[],"yoast_head":"<!-- This site is optimized with the Yoast SEO plugin v18.8 - https:\/\/yoast.com\/wordpress\/plugins\/seo\/ -->\n<title>VIVA - ECO Baseini<\/title>\n<meta name=\"robots\" content=\"index, follow, max-snippet:-1, max-image-preview:large, max-video-preview:-1\" \/>\n<link rel=\"canonical\" href=\"https:\/\/www.ecobaseini.com\/baseina-bidamo-jumtu-konstrukcijas-2\/viva\/\" \/>\n<meta property=\"og:locale\" content=\"en_US\" \/>\n<meta property=\"og:type\" content=\"article\" \/>\n<meta property=\"og:title\" content=\"VIVA - ECO Baseini\" \/>\n<meta property=\"og:description\" content=\"Sorry, this entry is only available in Latvian. For the sake of viewer convenience, the content is shown below in the alternative language. You may click the link to switch the active language. Jumta modelis ar \u012bpa\u0161o\u00a0sl\u012bd\u0113\u0161anas sist\u0113mu &#8211; sliede \u0161im modelim ir tikai vien\u0101 jumta pus\u0113, kaut visbie\u017e\u0101k\u00a0jumtiem ir divpus\u0113jas\u00a0sl\u012bdo\u0161\u0101s sliedes.Pateicoties \u0161\u012b mode\u013ca tehnolo\u0123iskajam\" \/>\n<meta property=\"og:url\" content=\"https:\/\/www.ecobaseini.com\/baseina-bidamo-jumtu-konstrukcijas-2\/viva\/\" \/>\n<meta property=\"og:site_name\" content=\"ECO Baseini\" \/>\n<meta property=\"article:modified_time\" content=\"2021-02-13T15:40:58+00:00\" \/>\n<meta property=\"og:image\" content=\"http:\/\/www.ecobaseini.com\/wp-content\/uploads\/2021\/02\/32311267567_5a092c7d5c_w.jpg\" \/>\n\t<meta property=\"og:image:width\" content=\"400\" \/>\n\t<meta property=\"og:image:height\" content=\"240\" \/>\n\t<meta property=\"og:image:type\" content=\"image\/jpeg\" \/>\n<meta name=\"twitter:card\" content=\"summary\" \/>\n<meta name=\"twitter:label1\" content=\"Est. reading time\" \/>\n\t<meta name=\"twitter:data1\" content=\"1 minute\" \/>\n<script type=\"application\/ld+json\" class=\"yoast-schema-graph\">{\"@context\":\"https:\/\/schema.org\",\"@graph\":[{\"@type\":\"WebSite\",\"@id\":\"https:\/\/www.ecobaseini.com\/#website\",\"url\":\"https:\/\/www.ecobaseini.com\/\",\"name\":\"ECO Baseini\",\"description\":\"Baseini - lab\u0101k\u0101 cena un kvalit\u0101te\",\"potentialAction\":[{\"@type\":\"SearchAction\",\"target\":{\"@type\":\"EntryPoint\",\"urlTemplate\":\"https:\/\/www.ecobaseini.com\/?s={search_term_string}\"},\"query-input\":\"required name=search_term_string\"}],\"inLanguage\":\"en-US\"},{\"@type\":\"ImageObject\",\"inLanguage\":\"en-US\",\"@id\":\"https:\/\/www.ecobaseini.com\/baseina-bidamo-jumtu-konstrukcijas-2\/viva\/#primaryimage\",\"url\":\"https:\/\/www.ecobaseini.com\/wp-content\/uploads\/2021\/02\/32311267567_5a092c7d5c_w.jpg\",\"contentUrl\":\"https:\/\/www.ecobaseini.com\/wp-content\/uploads\/2021\/02\/32311267567_5a092c7d5c_w.jpg\",\"width\":400,\"height\":240},{\"@type\":\"WebPage\",\"@id\":\"https:\/\/www.ecobaseini.com\/baseina-bidamo-jumtu-konstrukcijas-2\/viva\/#webpage\",\"url\":\"https:\/\/www.ecobaseini.com\/baseina-bidamo-jumtu-konstrukcijas-2\/viva\/\",\"name\":\"VIVA - ECO Baseini\",\"isPartOf\":{\"@id\":\"https:\/\/www.ecobaseini.com\/#website\"},\"primaryImageOfPage\":{\"@id\":\"https:\/\/www.ecobaseini.com\/baseina-bidamo-jumtu-konstrukcijas-2\/viva\/#primaryimage\"},\"datePublished\":\"2021-02-12T16:03:10+00:00\",\"dateModified\":\"2021-02-13T15:40:58+00:00\",\"breadcrumb\":{\"@id\":\"https:\/\/www.ecobaseini.com\/baseina-bidamo-jumtu-konstrukcijas-2\/viva\/#breadcrumb\"},\"inLanguage\":\"en-US\",\"potentialAction\":[{\"@type\":\"ReadAction\",\"target\":[\"https:\/\/www.ecobaseini.com\/baseina-bidamo-jumtu-konstrukcijas-2\/viva\/\"]}]},{\"@type\":\"BreadcrumbList\",\"@id\":\"https:\/\/www.ecobaseini.com\/baseina-bidamo-jumtu-konstrukcijas-2\/viva\/#breadcrumb\",\"itemListElement\":[{\"@type\":\"ListItem\",\"position\":1,\"name\":\"Home\",\"item\":\"https:\/\/www.ecobaseini.com\/\"},{\"@type\":\"ListItem\",\"position\":2,\"name\":\"Baseina b\u012bd\u0101mo jumtu konstrukcijas\",\"item\":\"https:\/\/www.ecobaseini.com\/baseina-bidamo-jumtu-konstrukcijas-2\/\"},{\"@type\":\"ListItem\",\"position\":3,\"name\":\"VIVA\"}]}]}<\/script>\n<!-- \/ Yoast SEO plugin. -->","yoast_head_json":{"title":"VIVA - ECO Baseini","robots":{"index":"index","follow":"follow","max-snippet":"max-snippet:-1","max-image-preview":"max-image-preview:large","max-video-preview":"max-video-preview:-1"},"canonical":"https:\/\/www.ecobaseini.com\/baseina-bidamo-jumtu-konstrukcijas-2\/viva\/","og_locale":"en_US","og_type":"article","og_title":"VIVA - ECO Baseini","og_description":"Sorry, this entry is only available in Latvian. For the sake of viewer convenience, the content is shown below in the alternative language. You may click the link to switch the active language. Jumta modelis ar \u012bpa\u0161o\u00a0sl\u012bd\u0113\u0161anas sist\u0113mu &#8211; sliede \u0161im modelim ir tikai vien\u0101 jumta pus\u0113, kaut visbie\u017e\u0101k\u00a0jumtiem ir divpus\u0113jas\u00a0sl\u012bdo\u0161\u0101s sliedes.Pateicoties \u0161\u012b mode\u013ca tehnolo\u0123iskajam","og_url":"https:\/\/www.ecobaseini.com\/baseina-bidamo-jumtu-konstrukcijas-2\/viva\/","og_site_name":"ECO Baseini","article_modified_time":"2021-02-13T15:40:58+00:00","og_image":[{"width":400,"height":240,"url":"http:\/\/www.ecobaseini.com\/wp-content\/uploads\/2021\/02\/32311267567_5a092c7d5c_w.jpg","type":"image\/jpeg"}],"twitter_card":"summary","twitter_misc":{"Est. reading time":"1 minute"},"schema":{"@context":"https:\/\/schema.org","@graph":[{"@type":"WebSite","@id":"https:\/\/www.ecobaseini.com\/#website","url":"https:\/\/www.ecobaseini.com\/","name":"ECO Baseini","description":"Baseini - lab\u0101k\u0101 cena un kvalit\u0101te","potentialAction":[{"@type":"SearchAction","target":{"@type":"EntryPoint","urlTemplate":"https:\/\/www.ecobaseini.com\/?s={search_term_string}"},"query-input":"required name=search_term_string"}],"inLanguage":"en-US"},{"@type":"ImageObject","inLanguage":"en-US","@id":"https:\/\/www.ecobaseini.com\/baseina-bidamo-jumtu-konstrukcijas-2\/viva\/#primaryimage","url":"https:\/\/www.ecobaseini.com\/wp-content\/uploads\/2021\/02\/32311267567_5a092c7d5c_w.jpg","contentUrl":"https:\/\/www.ecobaseini.com\/wp-content\/uploads\/2021\/02\/32311267567_5a092c7d5c_w.jpg","width":400,"height":240},{"@type":"WebPage","@id":"https:\/\/www.ecobaseini.com\/baseina-bidamo-jumtu-konstrukcijas-2\/viva\/#webpage","url":"https:\/\/www.ecobaseini.com\/baseina-bidamo-jumtu-konstrukcijas-2\/viva\/","name":"VIVA - ECO Baseini","isPartOf":{"@id":"https:\/\/www.ecobaseini.com\/#website"},"primaryImageOfPage":{"@id":"https:\/\/www.ecobaseini.com\/baseina-bidamo-jumtu-konstrukcijas-2\/viva\/#primaryimage"},"datePublished":"2021-02-12T16:03:10+00:00","dateModified":"2021-02-13T15:40:58+00:00","breadcrumb":{"@id":"https:\/\/www.ecobaseini.com\/baseina-bidamo-jumtu-konstrukcijas-2\/viva\/#breadcrumb"},"inLanguage":"en-US","potentialAction":[{"@type":"ReadAction","target":["https:\/\/www.ecobaseini.com\/baseina-bidamo-jumtu-konstrukcijas-2\/viva\/"]}]},{"@type":"BreadcrumbList","@id":"https:\/\/www.ecobaseini.com\/baseina-bidamo-jumtu-konstrukcijas-2\/viva\/#breadcrumb","itemListElement":[{"@type":"ListItem","position":1,"name":"Home","item":"https:\/\/www.ecobaseini.com\/"},{"@type":"ListItem","position":2,"name":"Baseina b\u012bd\u0101mo jumtu konstrukcijas","item":"https:\/\/www.ecobaseini.com\/baseina-bidamo-jumtu-konstrukcijas-2\/"},{"@type":"ListItem","position":3,"name":"VIVA"}]}]}},"_links":{"self":[{"href":"https:\/\/www.ecobaseini.com\/en\/wp-json\/wp\/v2\/pages\/921"}],"collection":[{"href":"https:\/\/www.ecobaseini.com\/en\/wp-json\/wp\/v2\/pages"}],"about":[{"href":"https:\/\/www.ecobaseini.com\/en\/wp-json\/wp\/v2\/types\/page"}],"author":[{"embeddable":true,"href":"https:\/\/www.ecobaseini.com\/en\/wp-json\/wp\/v2\/users\/2"}],"replies":[{"embeddable":true,"href":"https:\/\/www.ecobaseini.com\/en\/wp-json\/wp\/v2\/comments?post=921"}],"version-history":[{"count":5,"href":"https:\/\/www.ecobaseini.com\/en\/wp-json\/wp\/v2\/pages\/921\/revisions"}],"predecessor-version":[{"id":965,"href":"https:\/\/www.ecobaseini.com\/en\/wp-json\/wp\/v2\/pages\/921\/revisions\/965"}],"up":[{"embeddable":true,"href":"https:\/\/www.ecobaseini.com\/en\/wp-json\/wp\/v2\/pages\/205"}],"wp:featuredmedia":[{"embeddable":true,"href":"https:\/\/www.ecobaseini.com\/en\/wp-json\/wp\/v2\/media\/1073"}],"wp:attachment":[{"href":"https:\/\/www.ecobaseini.com\/en\/wp-json\/wp\/v2\/media?parent=921"}],"curies":[{"name":"wp","href":"https:\/\/api.w.org\/{rel}","templated":true}]}}