{"id":947,"date":"2021-02-12T18:56:36","date_gmt":"2021-02-12T16:56:36","guid":{"rendered":"http:\/\/www.ecobaseini.com\/?page_id=947"},"modified":"2021-02-13T20:14:58","modified_gmt":"2021-02-13T18:14:58","slug":"champion","status":"publish","type":"page","link":"https:\/\/www.ecobaseini.com\/en\/baseina-bidamo-jumtu-konstrukcijas-2\/champion\/","title":{"rendered":"CHAMPION"},"content":{"rendered":"<p class=\"qtranxs-available-languages-message qtranxs-available-languages-message-en\">Sorry, this entry is only available in <a href=\"https:\/\/www.ecobaseini.com\/lv\/wp-json\/wp\/v2\/pages\/947\" class=\"qtranxs-available-language-link qtranxs-available-language-link-lv\" title=\"LV\">Latvian<\/a>. For the sake of viewer convenience, the content is shown below in the alternative language. You may click the link to switch the active language.<\/p><p>\n<!-- Page-list plugin v.95.2 wordpress.org\/plugins\/page-list\/ -->\n<!-- no pages to show --><strong><br \/>\n<\/strong><\/p>\n<p>CHAMPION t\u0101pat k\u0101 AZURE ir t\u0101 d\u0113v\u0113tie &#8220;econom&#8221; klases jumti, jo\u00a0to ra\u017eo\u0161an\u0101 tiek izmantots maz\u0101k iztur\u012bgs alum\u012bnija profils un pl\u0101n\u0101ks polikarbon\u0101ts. Izv\u0113loties &#8220;econom&#8221; klases jumtu, \u012bpa\u0161i svar\u012bgi ir iev\u0113rot, ka \u0161o konstrukciju jumti\u00a0var\u0113tu\u00a0neiztur\u0113t sniega rad\u012bto slodzi ziemas period\u0101, t\u0101p\u0113c nepiecie\u0161ams \u012bpa\u0161u uzman\u012bbu piev\u0113rst, lai sniega sega tiktu regul\u0101ri not\u012br\u012bta. Ja saimnieks ir gatavs uz\u0146emties r\u016bpi pa savu jumtu, tad ar\u012b m\u016bsu platuma gr\u0101dos, t\u0101p\u0101t k\u0101 Skandin\u0101vijas valst\u012bs, klientiem ir iesp\u0113ja izv\u0113l\u0113ties\u00a0\u0161o konstrukciju jumtus. \u0145emiet v\u0113r\u0101, ka tirg\u016b ir pieejami jumti, kas ir ra\u017eoti no v\u0113l pl\u0101n\u0101ka alum\u012bnija profila nek\u0101 CHAMPION.<\/p>\n<p>CHAMPION ir pieejams ar\u012b ar elektriski darbin\u0101mu motoru. Izv\u0113lieties eCHAMPION elektriski darbin\u0101mo modeli J\u016bsu komfortam un \u0113rt\u012bb\u0101m. Sp\u0113c\u012bga, bet taj\u0101 pa\u0161\u0101 laik\u0101 klusa motora darb\u012bba ab\u0101s jumta pus\u0113s, \u013caus vienm\u0113r\u012bgi atv\u0113rt un\u00a0aizv\u0113rt baseinu. Motori tiek darbin\u0101ti ar uzticam\u0101m, integr\u0113t\u0101m baterij\u0101m (autonoma sist\u0113ma &#8211; saules uzl\u0101d\u0113jamas g\u0113la baterijas), kuras autom\u0101tiski uzl\u0101d\u0113 ieb\u016bv\u0113tie saules kolektori. Sliede ier\u012bkota no vienas baseina puses.\u00a0T\u0101lvad\u012bbas pulti aizsarg\u0101 dro\u0161\u012bbas kods. Padariet savu uztur\u0113\u0161anos pie baseina v\u0113l pat\u012bkam\u0101ku, izv\u0113loties autom\u0101tiski b\u012bd\u0101mo eCHAMPION jumtu.<\/p>\n<p id=\"tw-target-text\" class=\"tw-data-text tw-text-large XcVN5d tw-ta\" dir=\"ltr\" data-placeholder=\"Tulkojums\"><span lang=\"lv\">\u00a0<\/span><\/p>\n<p><\/p>","protected":false},"excerpt":{"rendered":"<p>Sorry, this entry is only available in Latvian. For the sake of viewer convenience, the content is shown below in the alternative language. You may click the link to switch the active language. CHAMPION t\u0101pat k\u0101 AZURE ir t\u0101 d\u0113v\u0113tie &#8220;econom&#8221; klases jumti, jo\u00a0to ra\u017eo\u0161an\u0101 tiek izmantots maz\u0101k iztur\u012bgs alum\u012bnija profils un pl\u0101n\u0101ks polikarbon\u0101ts. Izv\u0113loties<\/p>\n","protected":false},"author":2,"featured_media":1148,"parent":205,"menu_order":6,"comment_status":"closed","ping_status":"closed","template":"","meta":[],"acf":[],"yoast_head":"<!-- This site is optimized with the Yoast SEO plugin v18.8 - https:\/\/yoast.com\/wordpress\/plugins\/seo\/ -->\n<title>CHAMPION - ECO Baseini<\/title>\n<meta name=\"robots\" content=\"index, follow, max-snippet:-1, max-image-preview:large, max-video-preview:-1\" \/>\n<link rel=\"canonical\" href=\"https:\/\/www.ecobaseini.com\/baseina-bidamo-jumtu-konstrukcijas-2\/champion\/\" \/>\n<meta property=\"og:locale\" content=\"en_US\" \/>\n<meta property=\"og:type\" content=\"article\" \/>\n<meta property=\"og:title\" content=\"CHAMPION - ECO Baseini\" \/>\n<meta property=\"og:description\" content=\"Sorry, this entry is only available in Latvian. For the sake of viewer convenience, the content is shown below in the alternative language. You may click the link to switch the active language. CHAMPION t\u0101pat k\u0101 AZURE ir t\u0101 d\u0113v\u0113tie &#8220;econom&#8221; klases jumti, jo\u00a0to ra\u017eo\u0161an\u0101 tiek izmantots maz\u0101k iztur\u012bgs alum\u012bnija profils un pl\u0101n\u0101ks polikarbon\u0101ts. Izv\u0113loties\" \/>\n<meta property=\"og:url\" content=\"https:\/\/www.ecobaseini.com\/baseina-bidamo-jumtu-konstrukcijas-2\/champion\/\" \/>\n<meta property=\"og:site_name\" content=\"ECO Baseini\" \/>\n<meta property=\"article:modified_time\" content=\"2021-02-13T18:14:58+00:00\" \/>\n<meta property=\"og:image\" content=\"http:\/\/www.ecobaseini.com\/wp-content\/uploads\/2021\/02\/49459336097_e3353cc7d3_c.jpg\" \/>\n\t<meta property=\"og:image:width\" content=\"800\" \/>\n\t<meta property=\"og:image:height\" content=\"389\" \/>\n\t<meta property=\"og:image:type\" content=\"image\/jpeg\" \/>\n<meta name=\"twitter:card\" content=\"summary\" \/>\n<meta name=\"twitter:label1\" content=\"Est. reading time\" \/>\n\t<meta name=\"twitter:data1\" content=\"1 minute\" \/>\n<script type=\"application\/ld+json\" class=\"yoast-schema-graph\">{\"@context\":\"https:\/\/schema.org\",\"@graph\":[{\"@type\":\"WebSite\",\"@id\":\"https:\/\/www.ecobaseini.com\/#website\",\"url\":\"https:\/\/www.ecobaseini.com\/\",\"name\":\"ECO Baseini\",\"description\":\"Baseini - lab\u0101k\u0101 cena un kvalit\u0101te\",\"potentialAction\":[{\"@type\":\"SearchAction\",\"target\":{\"@type\":\"EntryPoint\",\"urlTemplate\":\"https:\/\/www.ecobaseini.com\/?s={search_term_string}\"},\"query-input\":\"required name=search_term_string\"}],\"inLanguage\":\"en-US\"},{\"@type\":\"ImageObject\",\"inLanguage\":\"en-US\",\"@id\":\"https:\/\/www.ecobaseini.com\/baseina-bidamo-jumtu-konstrukcijas-2\/champion\/#primaryimage\",\"url\":\"https:\/\/www.ecobaseini.com\/wp-content\/uploads\/2021\/02\/49459336097_e3353cc7d3_c.jpg\",\"contentUrl\":\"https:\/\/www.ecobaseini.com\/wp-content\/uploads\/2021\/02\/49459336097_e3353cc7d3_c.jpg\",\"width\":800,\"height\":389},{\"@type\":\"WebPage\",\"@id\":\"https:\/\/www.ecobaseini.com\/baseina-bidamo-jumtu-konstrukcijas-2\/champion\/#webpage\",\"url\":\"https:\/\/www.ecobaseini.com\/baseina-bidamo-jumtu-konstrukcijas-2\/champion\/\",\"name\":\"CHAMPION - ECO Baseini\",\"isPartOf\":{\"@id\":\"https:\/\/www.ecobaseini.com\/#website\"},\"primaryImageOfPage\":{\"@id\":\"https:\/\/www.ecobaseini.com\/baseina-bidamo-jumtu-konstrukcijas-2\/champion\/#primaryimage\"},\"datePublished\":\"2021-02-12T16:56:36+00:00\",\"dateModified\":\"2021-02-13T18:14:58+00:00\",\"breadcrumb\":{\"@id\":\"https:\/\/www.ecobaseini.com\/baseina-bidamo-jumtu-konstrukcijas-2\/champion\/#breadcrumb\"},\"inLanguage\":\"en-US\",\"potentialAction\":[{\"@type\":\"ReadAction\",\"target\":[\"https:\/\/www.ecobaseini.com\/baseina-bidamo-jumtu-konstrukcijas-2\/champion\/\"]}]},{\"@type\":\"BreadcrumbList\",\"@id\":\"https:\/\/www.ecobaseini.com\/baseina-bidamo-jumtu-konstrukcijas-2\/champion\/#breadcrumb\",\"itemListElement\":[{\"@type\":\"ListItem\",\"position\":1,\"name\":\"Home\",\"item\":\"https:\/\/www.ecobaseini.com\/\"},{\"@type\":\"ListItem\",\"position\":2,\"name\":\"Baseina b\u012bd\u0101mo jumtu konstrukcijas\",\"item\":\"https:\/\/www.ecobaseini.com\/baseina-bidamo-jumtu-konstrukcijas-2\/\"},{\"@type\":\"ListItem\",\"position\":3,\"name\":\"CHAMPION\"}]}]}<\/script>\n<!-- \/ Yoast SEO plugin. -->","yoast_head_json":{"title":"CHAMPION - ECO Baseini","robots":{"index":"index","follow":"follow","max-snippet":"max-snippet:-1","max-image-preview":"max-image-preview:large","max-video-preview":"max-video-preview:-1"},"canonical":"https:\/\/www.ecobaseini.com\/baseina-bidamo-jumtu-konstrukcijas-2\/champion\/","og_locale":"en_US","og_type":"article","og_title":"CHAMPION - ECO Baseini","og_description":"Sorry, this entry is only available in Latvian. For the sake of viewer convenience, the content is shown below in the alternative language. You may click the link to switch the active language. CHAMPION t\u0101pat k\u0101 AZURE ir t\u0101 d\u0113v\u0113tie &#8220;econom&#8221; klases jumti, jo\u00a0to ra\u017eo\u0161an\u0101 tiek izmantots maz\u0101k iztur\u012bgs alum\u012bnija profils un pl\u0101n\u0101ks polikarbon\u0101ts. Izv\u0113loties","og_url":"https:\/\/www.ecobaseini.com\/baseina-bidamo-jumtu-konstrukcijas-2\/champion\/","og_site_name":"ECO Baseini","article_modified_time":"2021-02-13T18:14:58+00:00","og_image":[{"width":800,"height":389,"url":"http:\/\/www.ecobaseini.com\/wp-content\/uploads\/2021\/02\/49459336097_e3353cc7d3_c.jpg","type":"image\/jpeg"}],"twitter_card":"summary","twitter_misc":{"Est. reading time":"1 minute"},"schema":{"@context":"https:\/\/schema.org","@graph":[{"@type":"WebSite","@id":"https:\/\/www.ecobaseini.com\/#website","url":"https:\/\/www.ecobaseini.com\/","name":"ECO Baseini","description":"Baseini - lab\u0101k\u0101 cena un kvalit\u0101te","potentialAction":[{"@type":"SearchAction","target":{"@type":"EntryPoint","urlTemplate":"https:\/\/www.ecobaseini.com\/?s={search_term_string}"},"query-input":"required name=search_term_string"}],"inLanguage":"en-US"},{"@type":"ImageObject","inLanguage":"en-US","@id":"https:\/\/www.ecobaseini.com\/baseina-bidamo-jumtu-konstrukcijas-2\/champion\/#primaryimage","url":"https:\/\/www.ecobaseini.com\/wp-content\/uploads\/2021\/02\/49459336097_e3353cc7d3_c.jpg","contentUrl":"https:\/\/www.ecobaseini.com\/wp-content\/uploads\/2021\/02\/49459336097_e3353cc7d3_c.jpg","width":800,"height":389},{"@type":"WebPage","@id":"https:\/\/www.ecobaseini.com\/baseina-bidamo-jumtu-konstrukcijas-2\/champion\/#webpage","url":"https:\/\/www.ecobaseini.com\/baseina-bidamo-jumtu-konstrukcijas-2\/champion\/","name":"CHAMPION - ECO Baseini","isPartOf":{"@id":"https:\/\/www.ecobaseini.com\/#website"},"primaryImageOfPage":{"@id":"https:\/\/www.ecobaseini.com\/baseina-bidamo-jumtu-konstrukcijas-2\/champion\/#primaryimage"},"datePublished":"2021-02-12T16:56:36+00:00","dateModified":"2021-02-13T18:14:58+00:00","breadcrumb":{"@id":"https:\/\/www.ecobaseini.com\/baseina-bidamo-jumtu-konstrukcijas-2\/champion\/#breadcrumb"},"inLanguage":"en-US","potentialAction":[{"@type":"ReadAction","target":["https:\/\/www.ecobaseini.com\/baseina-bidamo-jumtu-konstrukcijas-2\/champion\/"]}]},{"@type":"BreadcrumbList","@id":"https:\/\/www.ecobaseini.com\/baseina-bidamo-jumtu-konstrukcijas-2\/champion\/#breadcrumb","itemListElement":[{"@type":"ListItem","position":1,"name":"Home","item":"https:\/\/www.ecobaseini.com\/"},{"@type":"ListItem","position":2,"name":"Baseina b\u012bd\u0101mo jumtu konstrukcijas","item":"https:\/\/www.ecobaseini.com\/baseina-bidamo-jumtu-konstrukcijas-2\/"},{"@type":"ListItem","position":3,"name":"CHAMPION"}]}]}},"_links":{"self":[{"href":"https:\/\/www.ecobaseini.com\/en\/wp-json\/wp\/v2\/pages\/947"}],"collection":[{"href":"https:\/\/www.ecobaseini.com\/en\/wp-json\/wp\/v2\/pages"}],"about":[{"href":"https:\/\/www.ecobaseini.com\/en\/wp-json\/wp\/v2\/types\/page"}],"author":[{"embeddable":true,"href":"https:\/\/www.ecobaseini.com\/en\/wp-json\/wp\/v2\/users\/2"}],"replies":[{"embeddable":true,"href":"https:\/\/www.ecobaseini.com\/en\/wp-json\/wp\/v2\/comments?post=947"}],"version-history":[{"count":3,"href":"https:\/\/www.ecobaseini.com\/en\/wp-json\/wp\/v2\/pages\/947\/revisions"}],"predecessor-version":[{"id":963,"href":"https:\/\/www.ecobaseini.com\/en\/wp-json\/wp\/v2\/pages\/947\/revisions\/963"}],"up":[{"embeddable":true,"href":"https:\/\/www.ecobaseini.com\/en\/wp-json\/wp\/v2\/pages\/205"}],"wp:featuredmedia":[{"embeddable":true,"href":"https:\/\/www.ecobaseini.com\/en\/wp-json\/wp\/v2\/media\/1148"}],"wp:attachment":[{"href":"https:\/\/www.ecobaseini.com\/en\/wp-json\/wp\/v2\/media?parent=947"}],"curies":[{"name":"wp","href":"https:\/\/api.w.org\/{rel}","templated":true}]}}