{"id":10,"date":"2016-11-11T00:27:47","date_gmt":"2016-11-10T22:27:47","guid":{"rendered":"http:\/\/www.ecobaseini.com\/?page_id=10"},"modified":"2021-02-12T18:21:28","modified_gmt":"2021-02-12T16:21:28","slug":"kublu-noma","status":"publish","type":"page","link":"https:\/\/www.ecobaseini.com\/ru\/kublu-noma\/","title":{"rendered":"\u0410\u0440\u0435\u043d\u0434\u0430 \u043a\u0443\u0431\u043b"},"content":{"rendered":"<p><div role=\"form\" class=\"wpcf7\" id=\"wpcf7-f169-o1\" lang=\"lv\" dir=\"ltr\">\n<div class=\"screen-reader-response\"><p role=\"status\" aria-live=\"polite\" aria-atomic=\"true\"><\/p> <ul><\/ul><\/div>\n<form action=\"\/ru\/wp-json\/wp\/v2\/pages\/10#wpcf7-f169-o1\" method=\"post\" class=\"wpcf7-form init\" novalidate=\"novalidate\" data-status=\"init\">\n<div style=\"display: none;\">\n<input type=\"hidden\" name=\"_wpcf7\" value=\"169\" \/>\n<input type=\"hidden\" name=\"_wpcf7_version\" value=\"5.5.6\" \/>\n<input type=\"hidden\" name=\"_wpcf7_locale\" value=\"lv\" \/>\n<input type=\"hidden\" name=\"_wpcf7_unit_tag\" value=\"wpcf7-f169-o1\" \/>\n<input type=\"hidden\" name=\"_wpcf7_container_post\" value=\"0\" \/>\n<input type=\"hidden\" name=\"_wpcf7_posted_data_hash\" value=\"\" \/>\n<\/div>\n<div class=\"gap-noma\"><\/div>\n<p><span class=\"wpcf7-form-control-wrap invoice\"><input type=\"hidden\" name=\"invoice\" value=\"3991-2026-04-17\" size=\"40\" class=\"wpcf7-form-control wpcf7dtx-dynamictext wpcf7-dynamichidden\" aria-invalid=\"false\" \/><\/span><\/p>\n<h5>Kubla nomas deta\u013cas<\/h5>\n<div class=\"form-box\">\n<div class=\"form-group\">\n<div class=\"row\">\n<div class=\"col-sm-5 col-md-4\"><span class=\"minigap\"><\/span><label>Kubla<\/label><\/div>\n<div class=\"col-sm-7 col-md-8\"><span class=\"wpcf7-form-control-wrap kulbs\"><select name=\"kulbs\" class=\"wpcf7-form-control wpcf7-select wpcf7-validates-as-required form-control\" aria-required=\"true\" aria-invalid=\"false\"><option value=\"\">---<\/option><option value=\"Kubls 2,0m D 6-8 cilv\u0113kiem\">Kubls 2,0m D 6-8 cilv\u0113kiem<\/option><option value=\"Kubls 1,7m D 4-6 cilv\u0113kiem\">Kubls 1,7m D 4-6 cilv\u0113kiem<\/option><\/select><\/span><\/div>\n<\/div>\n<\/div>\n<div class=\"form-group\">\n<div class=\"row\">\n<div class=\"col-sm-5 col-md-4\"><span class=\"minigap\"><\/span><label>Malka<\/label><\/div>\n<div class=\"col-sm-7 col-md-8\"><span class=\"wpcf7-form-control-wrap malka\"><select name=\"malka\" class=\"wpcf7-form-control wpcf7-select wpcf7-validates-as-required form-control\" aria-required=\"true\" aria-invalid=\"false\"><option value=\"\">---<\/option><option value=\"0 maisi malkas\">0 maisi malkas<\/option><option value=\"1 maiss malkas\">1 maiss malkas<\/option><option value=\"2 maisi malkas\">2 maisi malkas<\/option><option value=\"3 maisi malkas\">3 maisi malkas<\/option><option value=\"4 maisi malkas\">4 maisi malkas<\/option><option value=\"5 maisi malkas\">5 maisi malkas<\/option><\/select><\/span><\/div>\n<\/div>\n<\/div>\n<div class=\"form-group\">\n<div class=\"row\">\n<div class=\"col-sm-5 col-md-4\"><span class=\"minigap\"><\/span><label>Datums <span class=\"sm-text\">uz kuru v\u0113laties rezerv\u0113t<\/span><\/label><\/div>\n<div class=\"col-sm-7 col-md-8\"><span class=\"wpcf7-form-control-wrap datums\"><input type=\"text\" name=\"datums\" value=\"\" size=\"40\" class=\"wpcf7-form-control wpcf7-text wpcf7-validates-as-required form-control\" id=\"datums\" aria-required=\"true\" aria-invalid=\"false\" \/><\/span><\/div>\n<\/div>\n<\/div>\n<\/div>\n<h5>Kontaktinform\u0101cija<\/h5>\n<div class=\"form-box\">\n<div class=\"form-group\">\n<div class=\"row\">\n<div class=\"col-sm-5 col-md-4\"><span class=\"minigap\"><\/span><label>V\u0101rds Uzv\u0101rds<\/label><\/div>\n<div class=\"col-sm-7 col-md-8\"><span class=\"wpcf7-form-control-wrap vards\"><input type=\"text\" name=\"vards\" value=\"\" size=\"40\" class=\"wpcf7-form-control wpcf7-text wpcf7-validates-as-required form-control\" aria-required=\"true\" aria-invalid=\"false\" \/><\/span><\/div>\n<\/div>\n<\/div>\n<div class=\"form-group\">\n<div class=\"row\">\n<div class=\"col-sm-5 col-md-4\"><span class=\"minigap\"><\/span><label>Personas kods<\/label><\/div>\n<div class=\"col-sm-7 col-md-8\"><span class=\"wpcf7-form-control-wrap pkods\"><input type=\"text\" name=\"pkods\" value=\"\" size=\"40\" class=\"wpcf7-form-control wpcf7-text wpcf7-validates-as-required form-control\" aria-required=\"true\" aria-invalid=\"false\" \/><\/span><\/div>\n<\/div>\n<\/div>\n<div class=\"form-group\">\n<div class=\"row\">\n<div class=\"col-sm-5 col-md-4\"><span class=\"minigap\"><\/span><label>Pieg\u0101des adrese <span class=\"sm-text\">(Ja nepiecie\u0161ama)<span><\/label><\/div>\n<div class=\"col-sm-7 col-md-8\"><span class=\"wpcf7-form-control-wrap padrese\"><input type=\"text\" name=\"padrese\" value=\"\" size=\"40\" class=\"wpcf7-form-control wpcf7-text wpcf7-validates-as-required form-control\" aria-required=\"true\" aria-invalid=\"false\" \/><\/span><\/div>\n<\/div>\n<\/div>\n<div class=\"form-group\">\n<div class=\"row\">\n<div class=\"col-sm-5 col-md-4\"><span class=\"minigap\"><\/span><label>T\u0101lrunis<\/label><\/div>\n<div class=\"col-sm-7 col-md-8\"><span class=\"wpcf7-form-control-wrap telefons\"><input type=\"text\" name=\"telefons\" value=\"\" size=\"40\" class=\"wpcf7-form-control wpcf7-text wpcf7-validates-as-required form-control\" aria-required=\"true\" aria-invalid=\"false\" \/><\/span><\/div>\n<\/div>\n<\/div>\n<div class=\"form-group\">\n<div class=\"row\">\n<div class=\"col-sm-5 col-md-4\"><span class=\"minigap\"><\/span><label>Epasts<\/label><\/div>\n<div class=\"col-sm-7 col-md-8\"><span class=\"wpcf7-form-control-wrap epasts\"><input type=\"text\" name=\"epasts\" value=\"\" size=\"40\" class=\"wpcf7-form-control wpcf7-text wpcf7-validates-as-required form-control\" aria-required=\"true\" aria-invalid=\"false\" \/><\/span><\/div>\n<\/div>\n<\/div>\n<\/div>\n<div class=\"gap\"><\/div>\n<div class=\"text-center\"><input type=\"submit\" value=\"S\u016bt\u012bt\" class=\"wpcf7-form-control has-spinner wpcf7-submit btn btn-lg btn-primary\" \/><\/div>\n<div class=\"wpcf7-response-output\" aria-hidden=\"true\"><\/div><\/form><\/div><\/p>","protected":false},"excerpt":{"rendered":"<p>\u0418\u0437\u0432\u0438\u043d\u0438\u0442\u0435, \u044d\u0442\u043e\u0442 \u0442\u0435\u0445\u0442 \u0434\u043e\u0441\u0442\u0443\u043f\u0435\u043d \u0442\u043e\u043b\u044c\u043a\u043e \u0432 \u201c\u041b\u0430\u0442\u044b\u0448\u0441\u043a\u0438\u0439\u201d. For the sake of viewer convenience, the content is shown below in the alternative language. You may click the link to switch the active language. Kublu izmaksas : Darbadien\u0101s &#8212; 50 EUR 24h Br\u012bvdienas &#8212; 120\u00a0EUR 24h Pas\u016bt\u012bt kublu:<\/p>\n","protected":false},"author":1,"featured_media":0,"parent":0,"menu_order":0,"comment_status":"closed","ping_status":"closed","template":"page-templates\/template-noma.php","meta":[],"acf":[],"yoast_head":"<!-- This site is optimized with the Yoast SEO plugin v18.8 - https:\/\/yoast.com\/wordpress\/plugins\/seo\/ -->\n<title>\u0410\u0440\u0435\u043d\u0434\u0430 \u043a\u0443\u0431\u043b - ECO Baseini<\/title>\n<meta name=\"robots\" content=\"index, follow, max-snippet:-1, max-image-preview:large, max-video-preview:-1\" \/>\n<link rel=\"canonical\" href=\"https:\/\/www.ecobaseini.com\/kublu-noma\/\" \/>\n<meta property=\"og:locale\" content=\"ru_RU\" \/>\n<meta property=\"og:type\" content=\"article\" \/>\n<meta property=\"og:title\" content=\"\u0410\u0440\u0435\u043d\u0434\u0430 \u043a\u0443\u0431\u043b - ECO Baseini\" \/>\n<meta property=\"og:description\" content=\"\u0418\u0437\u0432\u0438\u043d\u0438\u0442\u0435, \u044d\u0442\u043e\u0442 \u0442\u0435\u0445\u0442 \u0434\u043e\u0441\u0442\u0443\u043f\u0435\u043d \u0442\u043e\u043b\u044c\u043a\u043e \u0432 \u201c\u041b\u0430\u0442\u044b\u0448\u0441\u043a\u0438\u0439\u201d. For the sake of viewer convenience, the content is shown below in the alternative language. You may click the link to switch the active language. Kublu izmaksas : Darbadien\u0101s &#8212; 50 EUR 24h Br\u012bvdienas &#8212; 120\u00a0EUR 24h Pas\u016bt\u012bt kublu:\" \/>\n<meta property=\"og:url\" content=\"https:\/\/www.ecobaseini.com\/kublu-noma\/\" \/>\n<meta property=\"og:site_name\" content=\"ECO Baseini\" \/>\n<meta property=\"article:modified_time\" content=\"2021-02-12T16:21:28+00:00\" \/>\n<meta name=\"twitter:card\" content=\"summary\" \/>\n<script type=\"application\/ld+json\" class=\"yoast-schema-graph\">{\"@context\":\"https:\/\/schema.org\",\"@graph\":[{\"@type\":\"WebSite\",\"@id\":\"https:\/\/www.ecobaseini.com\/#website\",\"url\":\"https:\/\/www.ecobaseini.com\/\",\"name\":\"ECO Baseini\",\"description\":\"Baseini - lab\u0101k\u0101 cena un kvalit\u0101te\",\"potentialAction\":[{\"@type\":\"SearchAction\",\"target\":{\"@type\":\"EntryPoint\",\"urlTemplate\":\"https:\/\/www.ecobaseini.com\/?s={search_term_string}\"},\"query-input\":\"required name=search_term_string\"}],\"inLanguage\":\"ru-RU\"},{\"@type\":\"WebPage\",\"@id\":\"https:\/\/www.ecobaseini.com\/kublu-noma\/#webpage\",\"url\":\"https:\/\/www.ecobaseini.com\/kublu-noma\/\",\"name\":\"\u0410\u0440\u0435\u043d\u0434\u0430 \u043a\u0443\u0431\u043b - ECO Baseini\",\"isPartOf\":{\"@id\":\"https:\/\/www.ecobaseini.com\/#website\"},\"datePublished\":\"2016-11-10T22:27:47+00:00\",\"dateModified\":\"2021-02-12T16:21:28+00:00\",\"breadcrumb\":{\"@id\":\"https:\/\/www.ecobaseini.com\/kublu-noma\/#breadcrumb\"},\"inLanguage\":\"ru-RU\",\"potentialAction\":[{\"@type\":\"ReadAction\",\"target\":[\"https:\/\/www.ecobaseini.com\/kublu-noma\/\"]}]},{\"@type\":\"BreadcrumbList\",\"@id\":\"https:\/\/www.ecobaseini.com\/kublu-noma\/#breadcrumb\",\"itemListElement\":[{\"@type\":\"ListItem\",\"position\":1,\"name\":\"Home\",\"item\":\"https:\/\/www.ecobaseini.com\/\"},{\"@type\":\"ListItem\",\"position\":2,\"name\":\"Kublu noma\"}]}]}<\/script>\n<!-- \/ Yoast SEO plugin. -->","yoast_head_json":{"title":"\u0410\u0440\u0435\u043d\u0434\u0430 \u043a\u0443\u0431\u043b - ECO Baseini","robots":{"index":"index","follow":"follow","max-snippet":"max-snippet:-1","max-image-preview":"max-image-preview:large","max-video-preview":"max-video-preview:-1"},"canonical":"https:\/\/www.ecobaseini.com\/kublu-noma\/","og_locale":"ru_RU","og_type":"article","og_title":"\u0410\u0440\u0435\u043d\u0434\u0430 \u043a\u0443\u0431\u043b - ECO Baseini","og_description":"\u0418\u0437\u0432\u0438\u043d\u0438\u0442\u0435, \u044d\u0442\u043e\u0442 \u0442\u0435\u0445\u0442 \u0434\u043e\u0441\u0442\u0443\u043f\u0435\u043d \u0442\u043e\u043b\u044c\u043a\u043e \u0432 \u201c\u041b\u0430\u0442\u044b\u0448\u0441\u043a\u0438\u0439\u201d. For the sake of viewer convenience, the content is shown below in the alternative language. You may click the link to switch the active language. Kublu izmaksas : Darbadien\u0101s &#8212; 50 EUR 24h Br\u012bvdienas &#8212; 120\u00a0EUR 24h Pas\u016bt\u012bt kublu:","og_url":"https:\/\/www.ecobaseini.com\/kublu-noma\/","og_site_name":"ECO Baseini","article_modified_time":"2021-02-12T16:21:28+00:00","twitter_card":"summary","schema":{"@context":"https:\/\/schema.org","@graph":[{"@type":"WebSite","@id":"https:\/\/www.ecobaseini.com\/#website","url":"https:\/\/www.ecobaseini.com\/","name":"ECO Baseini","description":"Baseini - lab\u0101k\u0101 cena un kvalit\u0101te","potentialAction":[{"@type":"SearchAction","target":{"@type":"EntryPoint","urlTemplate":"https:\/\/www.ecobaseini.com\/?s={search_term_string}"},"query-input":"required name=search_term_string"}],"inLanguage":"ru-RU"},{"@type":"WebPage","@id":"https:\/\/www.ecobaseini.com\/kublu-noma\/#webpage","url":"https:\/\/www.ecobaseini.com\/kublu-noma\/","name":"\u0410\u0440\u0435\u043d\u0434\u0430 \u043a\u0443\u0431\u043b - ECO Baseini","isPartOf":{"@id":"https:\/\/www.ecobaseini.com\/#website"},"datePublished":"2016-11-10T22:27:47+00:00","dateModified":"2021-02-12T16:21:28+00:00","breadcrumb":{"@id":"https:\/\/www.ecobaseini.com\/kublu-noma\/#breadcrumb"},"inLanguage":"ru-RU","potentialAction":[{"@type":"ReadAction","target":["https:\/\/www.ecobaseini.com\/kublu-noma\/"]}]},{"@type":"BreadcrumbList","@id":"https:\/\/www.ecobaseini.com\/kublu-noma\/#breadcrumb","itemListElement":[{"@type":"ListItem","position":1,"name":"Home","item":"https:\/\/www.ecobaseini.com\/"},{"@type":"ListItem","position":2,"name":"Kublu noma"}]}]}},"_links":{"self":[{"href":"https:\/\/www.ecobaseini.com\/ru\/wp-json\/wp\/v2\/pages\/10"}],"collection":[{"href":"https:\/\/www.ecobaseini.com\/ru\/wp-json\/wp\/v2\/pages"}],"about":[{"href":"https:\/\/www.ecobaseini.com\/ru\/wp-json\/wp\/v2\/types\/page"}],"author":[{"embeddable":true,"href":"https:\/\/www.ecobaseini.com\/ru\/wp-json\/wp\/v2\/users\/1"}],"replies":[{"embeddable":true,"href":"https:\/\/www.ecobaseini.com\/ru\/wp-json\/wp\/v2\/comments?post=10"}],"version-history":[{"count":13,"href":"https:\/\/www.ecobaseini.com\/ru\/wp-json\/wp\/v2\/pages\/10\/revisions"}],"predecessor-version":[{"id":792,"href":"https:\/\/www.ecobaseini.com\/ru\/wp-json\/wp\/v2\/pages\/10\/revisions\/792"}],"wp:attachment":[{"href":"https:\/\/www.ecobaseini.com\/ru\/wp-json\/wp\/v2\/media?parent=10"}],"curies":[{"name":"wp","href":"https:\/\/api.w.org\/{rel}","templated":true}]}}