{"id":1173,"date":"2022-05-11T13:47:40","date_gmt":"2022-05-11T10:47:40","guid":{"rendered":"https:\/\/www.ecobaseini.com\/?page_id=1173"},"modified":"2022-05-11T14:52:46","modified_gmt":"2022-05-11T11:52:46","slug":"privatuma-politika","status":"publish","type":"page","link":"https:\/\/www.ecobaseini.com\/ru\/privatuma-politika\/","title":{"rendered":"Priv\u0101tuma Politika"},"content":{"rendered":"\n<p>\u0160aj\u0101 priv\u0101tuma politik\u0101 sniegta inform\u0101cija par to, k\u0101 v\u0101cam, izmantojam, glab\u0101jam un apstr\u0101d\u0101jam j\u016bsu personas datus, t\u0101d\u0113\u013c r\u016bp\u012bgi izlasiet \u0161o Priv\u0101tuma politiku, pirms s\u0101kat izmantot <strong>SIA \u201cECO Baseini\u201d <\/strong>pakalpojumus. Re\u0123istr\u0113joties vai k\u0101 cit\u0101di, izmantojot <strong>SIA \u201cECO Baseini\u201d <\/strong>t\u012bmek\u013ca vietni, jums b\u016bs j\u0101apliecina, ka izlas\u012bj\u0101t un izprat\u0101t \u0161o Priv\u0101tuma politiku.<\/p>\n\n\n\n<p>Lietot\u0101s defin\u012bcijas:<\/p>\n\n\n\n<p><strong>Personas dati \u2013 <\/strong>jebkura inform\u0101cija, kas attiecas uz identific\u0113tu vai identific\u0113jamu fizisku personu.<\/p>\n\n\n\n<p><strong>Datu subjekts \u2013 <\/strong>identific\u0113ta vai identific\u0113jama fiziska persona (turpm\u0101k \u2013 Klients).<\/p>\n\n\n\n<p><strong>P\u0101rzinis<\/strong> \u2013 <strong>SIA \u201cECO Baseini\u201d.<\/strong><\/p>\n\n\n\n<p><strong>Apstr\u0101d\u0101t\u0101js<\/strong> \u2013 fiziska vai juridiska persona, kura p\u0101rzi\u0146a <strong>SIA \u201cECO Baseini\u201d <\/strong>v\u0101rd\u0101 apstr\u0101d\u0101 personas datus.<\/p>\n\n\n\n<p><strong>Datu subjekta (klienta) piekri\u0161ana<\/strong> \u2013 pazi\u0146ojuma vai skaidri apstiprino\u0161as darb\u012bbas veid\u0101 br\u012bvi sniegta, konkr\u0113ta, apzin\u0101ta un viennoz\u012bm\u012bga Klienta nor\u0101de, ka Klients piekr\u012bt savu personas datu apstr\u0101dei.<\/p>\n\n\n\n<h2 class=\"has-medium-font-size\"><strong>1. Visp\u0101r\u0113jie noteikumi<\/strong><\/h2>\n\n\n\n<p>1.1.<strong> SIA \u201cECO Baseini\u201d <\/strong>Ir ap\u0146\u0113musies aizsarg\u0101t un iev\u0113rot J\u016bsu priv\u0101tumu. Dar\u0101m visu iesp\u0113jamo, lai m\u016bsu veikt\u0101 personas datu apstr\u0101de atbilstu 2016. gada 27. apr\u012b\u013ca Eiropas Parlamenta un Padomes regulai (ES) 2016\/679 par fizisku personu aizsardz\u012bbu attiec\u012bb\u0101 uz personas datu apstr\u0101di un \u0161\u0101du datu br\u012bvu apriti un ar ko atce\u013c Direkt\u012bvu 95\/46\/EK (Visp\u0101r\u012bg\u0101 datu aizsardz\u012bbas regula).<\/p>\n\n\n\n<p>1.2.J\u016bsu personas datu p\u0101rzinis ir <strong>SIA \u201cECO Baseini\u201d, <\/strong>vienotais re\u0123istr\u0101cijas numurs: LV43603063501, juridisk\u0101 adrese: Tirgus iela 2C-30, Iecava, Bauskas novads, LV-3913, t\u0101lr. numurs: +371 25 211 729<\/p>\n\n\n\n<p>1.3. J\u016bsu personas datu apstr\u0101d\u0101t\u0101ji ir juridisk\u0101s personas, kuras <strong>SIA \u201cECO Baseini\u201d <\/strong>v\u0101rd\u0101 un atbilsto\u0161i <strong>SIA \u201cECO Baseini\u201d <\/strong>nor\u0101d\u012bjumiem apstr\u0101d\u0101 personas datus, un kuri ir ap\u0146\u0113mu\u0161ies iev\u0113rot normat\u012bvo aktu pras\u012bbas datu apstr\u0101des jom\u0101.<\/p>\n\n\n\n<p>1.4.1. Veicot personu datu apstr\u0101di P\u0101rzinis:<\/p>\n\n\n\n<p>1.4.1. nodro\u0161ina personas datu apstr\u0101des likum\u012bbu un godpr\u0101t\u012bbu;<\/p>\n\n\n\n<p>1.4.2. iev\u0113ro Klienta ties\u012bbas;<\/p>\n\n\n\n<p>1.4.3. Klientam tiek sniegta p\u0101rredzama inform\u0101cija par to, ka vi\u0146u personas datus v\u0101c, izmanto, apl\u016bko vai cit\u0101di apstr\u0101d\u0101, un to, k\u0101d\u0101 apjom\u0101 personas dati tiek vai tiks apstr\u0101d\u0101ti, nor\u0101dot konkr\u0113tus apstr\u0101des nol\u016bkus;<\/p>\n\n\n\n<p>1.4.4. nodro\u0161ina, ka personas dati ir adekv\u0101ti, atbilst\u012bgi un tie ir nepiecie\u0161ami tiem nol\u016bkiem, k\u0101diem tie tiek apstr\u0101d\u0101ti. P\u0101rzinis apstr\u0101d\u0101 tikai t\u0101dus datus un t\u0101d\u0101 apm\u0113r\u0101, kas atbilst P\u0101rzi\u0146a saimnieciskai darb\u012bbai, lai nodro\u0161in\u0101tu pakalpojumu snieg\u0161anu\/pre\u010du p\u0101rdo\u0161anu.<\/p>\n\n\n\n<p>1.4.5. nodro\u0161ina, ka Personas dati netiek uzglab\u0101ti ilg\u0101k, nek\u0101 nepiecie\u0161ams, tas ir &#8212; kam\u0113r ir sp\u0113k\u0101 ar Klientu nosl\u0113gtais l\u012bgums, kam\u0113r \u0101r\u0113jos normat\u012bvajos aktos noteiktaj\u0101 k\u0101rt\u012bb\u0101 P\u0101rzinisvai Klients var realiz\u0113t savas le\u0123it\u012bm\u0101s intereses, kam\u0113r k\u0101dai no pus\u0113m past\u0101v juridisks pien\u0101kums datus glab\u0101t, kam\u0113r ir sp\u0113k\u0101 Klienta piekri\u0161ana attiec\u012bgai personas datu apstr\u0101dei, ja nepast\u0101v cits datu apstr\u0101des likum\u012bgs pamats. P\u0113c tam, kad personas datu glab\u0101\u0161anas termi\u0146\u0161 ir beidzies, personas dati tiek neatgriezeniski dz\u0113sti.<\/p>\n\n\n\n<p>1.4.6. nodro\u0161ina, ka Personas dati ir prec\u012bzi, nodro\u0161ina, ka neprec\u012bzi personas dati tiek laboti vai dz\u0113sti.<\/p>\n\n\n\n<p>1.4.7. nodro\u0161ina, ka Personas datus apstr\u0101d\u0101 veid\u0101, kas nodro\u0161ina personas datu pien\u0101c\u012bgu dro\u0161\u012bbu un konfidencialit\u0101ti, tostarp nepie\u013caujot neat\u013cautu piek\u013cuvi Personas datiem vai to neat\u013cautu izmanto\u0161anu un neat\u013cautu piek\u013cuvi sist\u0113m\u0101m un apr\u012bkojumam, kas tiek izmantots datu apstr\u0101dei.<\/p>\n\n\n\n<p>1.4.8. nodro\u0161ina, ka Personas dati netiek p\u0101rs\u016bt\u012bti bez dro\u0161as un adekv\u0101tas aizsardz\u012bbas.<\/p>\n\n\n\n<h2 class=\"has-medium-font-size\"><strong>2. Personas datu apstr\u0101des tiesiskie pamati<\/strong><\/h2>\n\n\n\n<p>2.1. J\u016bsu personas dati tiek apstr\u0101d\u0101ti, pamatojoties uz turpm\u0101k nor\u0101d\u012btajiem tiesiskajiem pamatiem:<\/p>\n\n\n\n<ul><li>Visp\u0101r\u012bg\u0101s datu aizsardz\u012bbas regulas 6. panta pirm\u0101s da\u013cas (a) punkts \u2013 kad sa\u0146emta J\u016bsu piekri\u0161ana;<\/li><li>Visp\u0101r\u012bg\u0101s datu aizsardz\u012bbas regulas 6. panta pirm\u0101s da\u013cas (b) punkts &#8212; lai nodro\u0161in\u0101tu l\u012bguma izpildi;<\/li><li>Visp\u0101r\u012bg\u0101s datu aizsardz\u012bbas regulas 6. panta pirm\u0101s da\u013cas (c) punkts &#8212; juridiska pien\u0101kuma izpildes nodro\u0161in\u0101\u0161anai;<\/li><li>Visp\u0101r\u012bg\u0101s datu aizsardz\u012bbas regulas 6. panta pirm\u0101s da\u013cas (f) punkts &#8212; m\u016bsu vai tre\u0161o personu le\u0123it\u012bmo intere\u0161u aizsardz\u012bbai;<\/li><\/ul>\n\n\n\n<p>2.2. Izv\u0113loties nesniegt personas datus k\u0101d\u0101 da\u013c\u0101 vai ar\u012b atsaucot piekri\u0161anu piln\u012bb\u0101 vai k\u0101d\u0101 t\u0101s da\u013c\u0101 (attiec\u012bb\u0101 uz konkr\u0113tiem, sniegtiem datiem), <strong>SIA \u201cECO Baseini\u201d <\/strong>nevar\u0113s sniegt klientam tos pakalpojumus, kuru snieg\u0161anai ir nepiecie\u0161ami attiec\u012bgie personas dati.<\/p>\n\n\n\n<h2 class=\"has-medium-font-size\"><strong>3. Personu dati un to apstr\u0101des nol\u016bki<\/strong><\/h2>\n\n\n\n<p>3.1. P\u0101rzinis veic personas datu apstr\u0101di sekojo\u0161iem nol\u016bkiem:<\/p>\n\n\n\n<p>3.1.1. Klienta identific\u0113\u0161anai;<\/p>\n\n\n\n<p>3.1.2. l\u012bguma sagatavo\u0161anai un nosl\u0113g\u0161anai;<\/p>\n\n\n\n<p>3.1.3. pre\u010du pieg\u0101dei un pakalpojumu snieg\u0161anai (l\u012bguma saist\u012bbu izpildei);<\/p>\n\n\n\n<p>3.1.4. Klientu apkalpo\u0161anai;<\/p>\n\n\n\n<p>3.1.5. iebildumu izskat\u012b\u0161anai un apstr\u0101dei;<\/p>\n\n\n\n<p>3.1.6. nor\u0113\u0137inu administr\u0113\u0161anai;<\/p>\n\n\n\n<p>3.1.7. dro\u0161\u012bbas nodro\u0161in\u0101\u0161anai.<\/p>\n\n\n\n<p>3.2. P\u0101rzinis veic \u0161\u0101du personas datu apstr\u0101di:<\/p>\n\n\n\n<p>3.2.1. klienta identific\u0113\u0161anai, l\u012bguma nosl\u0113g\u0161anai &#8212; v\u0101rds, uzv\u0101rds, personas kods, maks\u0101juma inform\u0101cija, e-pasts, t\u0101lrunis, pieg\u0101des adrese.<\/p>\n\n\n\n<p>3.2.2. pieg\u0101des datu apstr\u0101dei &#8212; v\u0101rds, uzv\u0101rds, e-pasts, mobilais t\u0101lrunis, adrese, pieg\u0101des veids, maks\u0101juma veids, maks\u0101juma inform\u0101cija.<\/p>\n\n\n\n<p>3.2.3. gr\u0101matved\u012bbas datu apstr\u0101dei \u2013 pas\u016bt\u012bjumu v\u0113sture, maks\u0101jumu inform\u0101cija, pieg\u0101des inform\u0101cija.<\/p>\n\n\n\n<p>3.2.4. pras\u012bjuma ties\u012bb\u0101m \u2013 v\u0101rds, uzv\u0101rds, kontaktinform\u0101cija, pas\u016bt\u012bjuma un pieg\u0101des inform\u0101cija.<\/p>\n\n\n\n<h2 class=\"has-medium-font-size\"><strong>4. K\u0101dus personas datus m\u0113s nododam tre\u0161aj\u0101m person\u0101m<\/strong><\/h2>\n\n\n\n<p>4.1. Klienta personas datus varam nodot t\u0101l\u0101k tekst\u0101 nor\u0101d\u012bto kategoriju datu sa\u0146\u0113m\u0113jiem:<\/p>\n\n\n\n<p>4.1.1. Specifisku pakalpojumu snieg\u0161anas nol\u016bk\u0101 Klienta personas datus varam nodot citiem pakalpojumu sniedz\u0113jiem, piem\u0113ram, interneta vietnes mitin\u0101\u0161anas pakalpojumu sniedz\u0113jiem, serveru un to tehnisk\u0101s uztur\u0113\u0161anas pakalpojumu sniedz\u0113jiem, e-pasta pakalpojumu sniedz\u0113jiem, gr\u0101matved\u012bbas pakalpojumu sniedz\u0113jiem.<\/p>\n\n\n\n<p>4.2. Klienta personas datus varam nodot ne tikai iepriek\u0161 nor\u0101d\u012btajos gad\u012bjumos, bet ar\u012b pildot savas juridisk\u0101s saist\u012bbas, k\u0101 ar\u012b, ja rodas nepiecie\u0161am\u012bba, aizsarg\u0101t Klienta vai citu personu intereses, piem\u0113ram, v\u0113r\u0161oties ties\u0101 vai valsts instit\u016bcij\u0101s.<\/p>\n\n\n\n<p>4.3. Klienta personas datus varam nodot valsts iest\u0101d\u0113m atbilsto\u0161i Latvijas Republik\u0101 sp\u0113k\u0101 eso\u0161ajiem normat\u012bvajiem aktiem, normat\u012bvajos aktos noteiktaj\u0101 k\u0101rt\u012bb\u0101 un apjom\u0101.<\/p>\n\n\n\n<p>4.4. M\u0113s piesaist\u012bsim tikai tos pakalpojumu sniedz\u0113jus, kuri ir ieviesu\u0161i attiec\u012bgus tehniskos un organizatoriskos pas\u0101kumus, kas nodro\u0161in\u0101s attiec\u012bgu datu apstr\u0101des dro\u0161\u012bbas l\u012bmeni, kas nodro\u0161ina normat\u012bvajos aktos noteikt\u0101s proced\u016bras &#8212; personas datu apstr\u0101des un aizsardz\u012bbas l\u012bmeni, kas l\u012bdzv\u0113rt\u012bgs Visp\u0101r\u012bg\u0101s datu aizsardz\u012bbas regulas noteiktaj\u0101m pras\u012bb\u0101m.<\/p>\n\n\n\n<p>4.5. Personas dati netiek nodoti uz tre\u0161aj\u0101m valst\u012bm, kuras nav ES un\/vai EEZ dal\u012bbvalstis.<\/p>\n\n\n\n<h2 class=\"has-medium-font-size\"><strong>5. J\u016bsu ties\u012bbas<\/strong><\/h2>\n\n\n\n<p>5.1. ties\u012bbas sa\u0146emt inform\u0101ciju par personas datu apstr\u0101di;<\/p>\n\n\n\n<p>5.2. ties\u012bbas iepaz\u012bties ar saviem personas datiem, kurus m\u0113s uzglab\u0101jam;<\/p>\n\n\n\n<p>5.3. ties\u012bbas piepras\u012bt labot J\u016bsu personas datus, kurus m\u0113s glab\u0101jam (liel\u0101ko da\u013cu no tiem varat labot, <a href=\"mailto:https:\/\/www.1a.lv\/users\/sign_in\">piesl\u0113dzoties savam kontam<\/a>);<\/p>\n\n\n\n<p>5.4. ties\u012bbas l\u016bgt mums dz\u0113st J\u016bsu personas datus (\u201cties\u012bbas b\u016bt aizmirstam\u201d);<\/p>\n\n\n\n<p>5.5. ties\u012bbas ierobe\u017eot J\u016bsu personas datu apstr\u0101di;<\/p>\n\n\n\n<p>5.6. ties\u012bbas nepiekrist, lai tiktu apstr\u0101d\u0101ti J\u016bsu personas dati;<\/p>\n\n\n\n<p>5.7. ties\u012bbas nepiekrist, lai J\u016bsu personas dati tiek apstr\u0101d\u0101ti tie\u0161\u0101 m\u0101rketinga nol\u016bkos;<\/p>\n\n\n\n<p>5.8. ties\u012bbas nepiekrist, lai tiktu veikta autom\u0101tisk\u0101 personas datu apstr\u0101de;<\/p>\n\n\n\n<p>5.9. ties\u012bbas uz datu p\u0101rne\u0161anu;<\/p>\n\n\n\n<p>5.10. ties\u012bbas atsaukt piekri\u0161anu par J\u016bsu personas datu apstr\u0101di;<\/p>\n\n\n\n<p>5.11. ties\u012bbas iesniegt s\u016bdz\u012bbu uzraudz\u012bbas iest\u0101dei;<\/p>\n\n\n\n<p>5.12. Ja v\u0113laties izmantot savas ties\u012bbas, vai gad\u012bjum\u0101, ja rodas jaut\u0101jumi par personas datu apstr\u0101di vai ties\u012bbu realiz\u0113\u0161anu, sazinieties ar mums pa e-pastu.<\/p>\n\n\n\n<p>5.13. Ja uzskat\u0101t, ka, apstr\u0101d\u0101jot J\u016bsu personas datus, p\u0101rk\u0101pjam personas datu aizsardz\u012bbu regul\u0113jo\u0161us ties\u012bbu aktus, Jums ir ties\u012bbas iesniegt s\u016bdz\u012bbu Valsts datu aizsardz\u012bbas inspekcijai, kas <strong>Elijas iela 17, R\u012bga, LV-1050<\/strong>, <a href=\"https:\/\/www.dvi.gov.lv\/lv\/\">https:\/\/www.dvi.gov.lv\/lv\/<\/a>. Visos gad\u012bjumos pirms s\u016bdz\u012bbas snieg\u0161anas sazinieties ar mums, lai kop\u0101 var\u0113tu atrast piem\u0113rotu risin\u0101jumu.<\/p>\n\n\n\n<h2 class=\"has-medium-font-size\"><strong>6. Piekri\u0161ana un Priv\u0101tumu politikas izmai\u0146as<\/strong><\/h2>\n\n\n\n<p>6.1. Izmantojot Interneta veikalu&nbsp;<strong>www.ecobaseini.com<\/strong>&nbsp;un\/vai piedaloties&nbsp;<strong>www.ecobaseini.com<\/strong>&nbsp;aktivit\u0101t\u0113s, Klients apliecina savu piekri\u0161anu personas datu apstr\u0101dei.<\/p>\n\n\n\n<p>6.2. Piekri\u0161anas atsaukums neietekm\u0113 datu apstr\u0101des, kuras veiktas taj\u0101 laik\u0101, kad Klienta piekri\u0161ana bija sp\u0113k\u0101.<\/p>\n\n\n\n<p>6.3. Atsaucot piekri\u0161anu, nevar tikt p\u0101rtraukta datu apstr\u0101de, kuru veic, pamatojoties uz citiem tiesiskiem pamatiem.<\/p>\n\n\n\n<p>6.4. Sa\u0146emot Klienta piepras\u012bjumu par savu ties\u012bbu \u012bsteno\u0161anu, P\u0101rzinis p\u0101rliecin\u0101s par Klienta identit\u0101ti, izv\u0113rt\u0113 piepras\u012bjumu un izpilda to saska\u0146\u0101 ar normat\u012bvajiem aktiem.<\/p>\n\n\n\n<p>6.5. P\u0101rzinis atbildi Klientam nos\u016bta pa pastu uz vi\u0146a nor\u0101d\u012bto kontaktadresi ierakst\u012bt\u0101 v\u0113stul\u0113, elektroniski parakst\u012btu atbildi e-past\u0101 p\u0113c klienta piepras\u012bjuma, p\u0113c iesp\u0113jas \u0146emot v\u0113r\u0101 Klienta nor\u0101d\u012bto atbildes sa\u0146em\u0161anas veidu.<\/p>\n\n\n\n<p>6.6. P\u0101rzinis nodro\u0161ina datu apstr\u0101des un aizsardz\u012bbas pras\u012bbu izpildi saska\u0146\u0101 ar normat\u012bvajiem aktiem un Klienta iebildumu gad\u012bjum\u0101 veic lietder\u012bg\u0101s darb\u012bbas, lai iebildumu atrisin\u0101tu. Tom\u0113r, ja tas neizdodas, Klientam ir ties\u012bbas v\u0113rsties uzraudz\u012bbas iest\u0101d\u0113.<\/p>\n\n\n\n<p>6.7. P\u0101rzinis patur ties\u012bbas bez br\u012bdin\u0101juma jebkur\u0101 laik\u0101 vienpus\u0113ji main\u012bt un papildin\u0101t Priv\u0101tuma politiku, izmai\u0146as public\u0113jot&nbsp;www.butterfly.lv&nbsp;sada\u013c\u0101 Priv\u0101tuma politika.<\/p>\n\n\n\n<h2 class=\"has-medium-font-size\"><strong>7. Sazi\u0146a ar mums<\/strong><\/h2>\n\n\n\n<p>7.1.Lai uzlabotu m\u016bsu sniegto pakalpojumu kvalit\u0101ti, m\u0113s vienm\u0113r v\u0113lamies uzklaus\u012bt savu klientu atsauksmes, k\u0101 ar\u012b esam gatavi atbild\u0113t uz jaut\u0101jumiem, kas var\u0113tu rasties.<\/p>\n\n\n\n<p>7.2. Sazi\u0146ai ar mums J\u016bs varat izmantot jebkuru Jums \u0113rt\u0101ko sazi\u0146as veidu, kuri nor\u0101d\u012bti Priv\u0101tuma politik\u0101 vai interneta vietn\u0113 <strong>www.ecobaseini.com<\/strong>&nbsp; sada\u013c\u0101 Kontakti.<\/p>\n\n\n\n<p><strong>Priv\u0101tuma politika p\u0113d\u0113jo reizi aktualiz\u0113ta:<\/strong><\/p>\n\n\n\n<p>2022. gada 28. febru\u0101r\u012b<\/p>\n\n\n\n<p><br><\/p>\n","protected":false},"excerpt":{"rendered":"<p>\u0160aj\u0101 priv\u0101tuma politik\u0101 sniegta inform\u0101cija par to, k\u0101 v\u0101cam, izmantojam, glab\u0101jam un apstr\u0101d\u0101jam j\u016bsu personas datus, t\u0101d\u0113\u013c r\u016bp\u012bgi izlasiet \u0161o Priv\u0101tuma politiku, pirms s\u0101kat izmantot SIA \u201cECO Baseini\u201d pakalpojumus. Re\u0123istr\u0113joties vai k\u0101 cit\u0101di, izmantojot SIA \u201cECO Baseini\u201d t\u012bmek\u013ca vietni, jums b\u016bs j\u0101apliecina, ka izlas\u012bj\u0101t un izprat\u0101t \u0161o Priv\u0101tuma politiku. Lietot\u0101s defin\u012bcijas: Personas dati \u2013 jebkura<\/p>\n","protected":false},"author":2,"featured_media":0,"parent":0,"menu_order":0,"comment_status":"closed","ping_status":"closed","template":"","meta":[],"acf":[],"yoast_head":"<!-- This site is optimized with the Yoast SEO plugin v18.8 - https:\/\/yoast.com\/wordpress\/plugins\/seo\/ -->\n<title>Priv\u0101tuma Politika - ECO Baseini<\/title>\n<meta name=\"description\" content=\"\u0160aj\u0101 priv\u0101tuma politik\u0101 sniegta inform\u0101cija par to, k\u0101 v\u0101cam, izmantojam, glab\u0101jam un apstr\u0101d\u0101jam j\u016bsu personas datus, t\u0101d\u0113\u013c r\u016bp\u012bgi izlasiet \u0161o Priv\u0101tuma politiku, pirms s\u0101kat izmantot SIA \u201cECO Baseini\u201d pakalpojumus. Re\u0123istr\u0113joties vai k\u0101 cit\u0101di, izmantojot SIA \u201cECO Baseini\u201d t\u012bmek\u013ca vietni, jums b\u016bs j\u0101apliecina, ka izlas\u012bj\u0101t un izprat\u0101t \u0161o Priv\u0101tuma politiku.\" \/>\n<meta name=\"robots\" content=\"index, follow, max-snippet:-1, max-image-preview:large, max-video-preview:-1\" \/>\n<link rel=\"canonical\" href=\"https:\/\/www.ecobaseini.com\/privatuma-politika\/\" \/>\n<meta property=\"og:locale\" content=\"ru_RU\" \/>\n<meta property=\"og:type\" content=\"article\" \/>\n<meta property=\"og:title\" content=\"Priv\u0101tuma Politika - ECO Baseini\" \/>\n<meta property=\"og:description\" content=\"{:lv}\u0160aj\u0101 priv\u0101tuma politik\u0101 sniegta inform\u0101cija par to, k\u0101 v\u0101cam, izmantojam, glab\u0101jam un apstr\u0101d\u0101jam j\u016bsu personas datus, t\u0101d\u0113\u013c r\u016bp\u012bgi izlasiet \u0161o Priv\u0101tuma politiku, pirms s\u0101kat izmantot SIA \u201cECO Baseini\u201d pakalpojumus. Re\u0123istr\u0113joties vai k\u0101 cit\u0101di, izmantojot SIA \u201cECO Baseini\u201d t\u012bmek\u013ca vietni, jums b\u016bs j\u0101apliecina, ka izlas\u012bj\u0101t un izprat\u0101t \u0161o Priv\u0101tuma politiku.{:}\" \/>\n<meta property=\"og:url\" content=\"https:\/\/www.ecobaseini.com\/privatuma-politika\/\" \/>\n<meta property=\"og:site_name\" content=\"ECO Baseini\" \/>\n<meta property=\"article:modified_time\" content=\"2022-05-11T11:52:46+00:00\" \/>\n<meta name=\"twitter:card\" content=\"summary\" \/>\n<meta name=\"twitter:label1\" content=\"\u041f\u0440\u0438\u043c\u0435\u0440\u043d\u043e\u0435 \u0432\u0440\u0435\u043c\u044f \u0434\u043b\u044f \u0447\u0442\u0435\u043d\u0438\u044f\" \/>\n\t<meta name=\"twitter:data1\" content=\"6 \u043c\u0438\u043d\u0443\u0442\" \/>\n<script type=\"application\/ld+json\" class=\"yoast-schema-graph\">{\"@context\":\"https:\/\/schema.org\",\"@graph\":[{\"@type\":\"WebSite\",\"@id\":\"https:\/\/www.ecobaseini.com\/#website\",\"url\":\"https:\/\/www.ecobaseini.com\/\",\"name\":\"ECO Baseini\",\"description\":\"Baseini - lab\u0101k\u0101 cena un kvalit\u0101te\",\"potentialAction\":[{\"@type\":\"SearchAction\",\"target\":{\"@type\":\"EntryPoint\",\"urlTemplate\":\"https:\/\/www.ecobaseini.com\/?s={search_term_string}\"},\"query-input\":\"required name=search_term_string\"}],\"inLanguage\":\"ru-RU\"},{\"@type\":\"WebPage\",\"@id\":\"https:\/\/www.ecobaseini.com\/privatuma-politika\/#webpage\",\"url\":\"https:\/\/www.ecobaseini.com\/privatuma-politika\/\",\"name\":\"Priv\u0101tuma Politika - ECO Baseini\",\"isPartOf\":{\"@id\":\"https:\/\/www.ecobaseini.com\/#website\"},\"datePublished\":\"2022-05-11T10:47:40+00:00\",\"dateModified\":\"2022-05-11T11:52:46+00:00\",\"description\":\"{:lv}\u0160aj\u0101 priv\u0101tuma politik\u0101 sniegta inform\u0101cija par to, k\u0101 v\u0101cam, izmantojam, glab\u0101jam un apstr\u0101d\u0101jam j\u016bsu personas datus, t\u0101d\u0113\u013c r\u016bp\u012bgi izlasiet \u0161o Priv\u0101tuma politiku, pirms s\u0101kat izmantot SIA \u201cECO Baseini\u201d pakalpojumus. Re\u0123istr\u0113joties vai k\u0101 cit\u0101di, izmantojot SIA \u201cECO Baseini\u201d t\u012bmek\u013ca vietni, jums b\u016bs j\u0101apliecina, ka izlas\u012bj\u0101t un izprat\u0101t \u0161o Priv\u0101tuma politiku.{:}\",\"breadcrumb\":{\"@id\":\"https:\/\/www.ecobaseini.com\/privatuma-politika\/#breadcrumb\"},\"inLanguage\":\"ru-RU\",\"potentialAction\":[{\"@type\":\"ReadAction\",\"target\":[\"https:\/\/www.ecobaseini.com\/privatuma-politika\/\"]}]},{\"@type\":\"BreadcrumbList\",\"@id\":\"https:\/\/www.ecobaseini.com\/privatuma-politika\/#breadcrumb\",\"itemListElement\":[{\"@type\":\"ListItem\",\"position\":1,\"name\":\"Home\",\"item\":\"https:\/\/www.ecobaseini.com\/\"},{\"@type\":\"ListItem\",\"position\":2,\"name\":\"Priv\u0101tuma Politika\"}]}]}<\/script>\n<!-- \/ Yoast SEO plugin. -->","yoast_head_json":{"title":"Priv\u0101tuma Politika - ECO Baseini","description":"\u0160aj\u0101 priv\u0101tuma politik\u0101 sniegta inform\u0101cija par to, k\u0101 v\u0101cam, izmantojam, glab\u0101jam un apstr\u0101d\u0101jam j\u016bsu personas datus, t\u0101d\u0113\u013c r\u016bp\u012bgi izlasiet \u0161o Priv\u0101tuma politiku, pirms s\u0101kat izmantot SIA \u201cECO Baseini\u201d pakalpojumus. Re\u0123istr\u0113joties vai k\u0101 cit\u0101di, izmantojot SIA \u201cECO Baseini\u201d t\u012bmek\u013ca vietni, jums b\u016bs j\u0101apliecina, ka izlas\u012bj\u0101t un izprat\u0101t \u0161o Priv\u0101tuma politiku.","robots":{"index":"index","follow":"follow","max-snippet":"max-snippet:-1","max-image-preview":"max-image-preview:large","max-video-preview":"max-video-preview:-1"},"canonical":"https:\/\/www.ecobaseini.com\/privatuma-politika\/","og_locale":"ru_RU","og_type":"article","og_title":"Priv\u0101tuma Politika - ECO Baseini","og_description":"{:lv}\u0160aj\u0101 priv\u0101tuma politik\u0101 sniegta inform\u0101cija par to, k\u0101 v\u0101cam, izmantojam, glab\u0101jam un apstr\u0101d\u0101jam j\u016bsu personas datus, t\u0101d\u0113\u013c r\u016bp\u012bgi izlasiet \u0161o Priv\u0101tuma politiku, pirms s\u0101kat izmantot SIA \u201cECO Baseini\u201d pakalpojumus. Re\u0123istr\u0113joties vai k\u0101 cit\u0101di, izmantojot SIA \u201cECO Baseini\u201d t\u012bmek\u013ca vietni, jums b\u016bs j\u0101apliecina, ka izlas\u012bj\u0101t un izprat\u0101t \u0161o Priv\u0101tuma politiku.{:}","og_url":"https:\/\/www.ecobaseini.com\/privatuma-politika\/","og_site_name":"ECO Baseini","article_modified_time":"2022-05-11T11:52:46+00:00","twitter_card":"summary","twitter_misc":{"\u041f\u0440\u0438\u043c\u0435\u0440\u043d\u043e\u0435 \u0432\u0440\u0435\u043c\u044f \u0434\u043b\u044f \u0447\u0442\u0435\u043d\u0438\u044f":"6 \u043c\u0438\u043d\u0443\u0442"},"schema":{"@context":"https:\/\/schema.org","@graph":[{"@type":"WebSite","@id":"https:\/\/www.ecobaseini.com\/#website","url":"https:\/\/www.ecobaseini.com\/","name":"ECO Baseini","description":"Baseini - lab\u0101k\u0101 cena un kvalit\u0101te","potentialAction":[{"@type":"SearchAction","target":{"@type":"EntryPoint","urlTemplate":"https:\/\/www.ecobaseini.com\/?s={search_term_string}"},"query-input":"required name=search_term_string"}],"inLanguage":"ru-RU"},{"@type":"WebPage","@id":"https:\/\/www.ecobaseini.com\/privatuma-politika\/#webpage","url":"https:\/\/www.ecobaseini.com\/privatuma-politika\/","name":"Priv\u0101tuma Politika - ECO Baseini","isPartOf":{"@id":"https:\/\/www.ecobaseini.com\/#website"},"datePublished":"2022-05-11T10:47:40+00:00","dateModified":"2022-05-11T11:52:46+00:00","description":"{:lv}\u0160aj\u0101 priv\u0101tuma politik\u0101 sniegta inform\u0101cija par to, k\u0101 v\u0101cam, izmantojam, glab\u0101jam un apstr\u0101d\u0101jam j\u016bsu personas datus, t\u0101d\u0113\u013c r\u016bp\u012bgi izlasiet \u0161o Priv\u0101tuma politiku, pirms s\u0101kat izmantot SIA \u201cECO Baseini\u201d pakalpojumus. Re\u0123istr\u0113joties vai k\u0101 cit\u0101di, izmantojot SIA \u201cECO Baseini\u201d t\u012bmek\u013ca vietni, jums b\u016bs j\u0101apliecina, ka izlas\u012bj\u0101t un izprat\u0101t \u0161o Priv\u0101tuma politiku.{:}","breadcrumb":{"@id":"https:\/\/www.ecobaseini.com\/privatuma-politika\/#breadcrumb"},"inLanguage":"ru-RU","potentialAction":[{"@type":"ReadAction","target":["https:\/\/www.ecobaseini.com\/privatuma-politika\/"]}]},{"@type":"BreadcrumbList","@id":"https:\/\/www.ecobaseini.com\/privatuma-politika\/#breadcrumb","itemListElement":[{"@type":"ListItem","position":1,"name":"Home","item":"https:\/\/www.ecobaseini.com\/"},{"@type":"ListItem","position":2,"name":"Priv\u0101tuma Politika"}]}]}},"_links":{"self":[{"href":"https:\/\/www.ecobaseini.com\/ru\/wp-json\/wp\/v2\/pages\/1173"}],"collection":[{"href":"https:\/\/www.ecobaseini.com\/ru\/wp-json\/wp\/v2\/pages"}],"about":[{"href":"https:\/\/www.ecobaseini.com\/ru\/wp-json\/wp\/v2\/types\/page"}],"author":[{"embeddable":true,"href":"https:\/\/www.ecobaseini.com\/ru\/wp-json\/wp\/v2\/users\/2"}],"replies":[{"embeddable":true,"href":"https:\/\/www.ecobaseini.com\/ru\/wp-json\/wp\/v2\/comments?post=1173"}],"version-history":[{"count":13,"href":"https:\/\/www.ecobaseini.com\/ru\/wp-json\/wp\/v2\/pages\/1173\/revisions"}],"predecessor-version":[{"id":1222,"href":"https:\/\/www.ecobaseini.com\/ru\/wp-json\/wp\/v2\/pages\/1173\/revisions\/1222"}],"wp:attachment":[{"href":"https:\/\/www.ecobaseini.com\/ru\/wp-json\/wp\/v2\/media?parent=1173"}],"curies":[{"name":"wp","href":"https:\/\/api.w.org\/{rel}","templated":true}]}}