{"id":14,"date":"2016-11-11T00:28:17","date_gmt":"2016-11-10T22:28:17","guid":{"rendered":"http:\/\/www.ecobaseini.com\/?page_id=14"},"modified":"2021-02-18T09:03:28","modified_gmt":"2021-02-18T07:03:28","slug":"kontakti","status":"publish","type":"page","link":"https:\/\/www.ecobaseini.com\/ru\/kontakti\/","title":{"rendered":"\u041a\u043e\u043d\u0442\u0430\u043a\u0442"},"content":{"rendered":"<p><\/p>\n<h5>SIA &#171;ECO Baseini&#187;<\/h5>\n<p>Re\u0123. PVN nr. LV43603063501<\/p>\n<p>A\/S Swedbank, Kods: HABALV22<br \/>\nLV41HABA0551038046268<\/p>\n<h5>Birojs<\/h5>\n<p><i class=\"mdi mdi-map-marker\"><\/i> Iecavas nov. R\u012bgas iela 49a LV-3913<br \/>\n<i class=\"mdi mdi-cellphone-iphone\"><\/i>\u00a0 +371 25211729<br \/>\n<i class=\"mdi mdi-cellphone-iphone\"><\/i> \u00a0+371 24334455<br \/>\n<i class=\"mdi mdi-email\"><\/i> info@ecobaseini.com<\/p>\n<h5>Darba laiks<\/h5>\n<p>09:00 &#8212; 17:00<br \/>\nS. SV. p\u0113c pieraksta<\/p>","protected":false},"excerpt":{"rendered":"<p>SIA &#171;ECO Baseini&#187; Re\u0123. PVN nr. LV43603063501 A\/S Swedbank, Kods: HABALV22 LV41HABA0551038046268 Birojs Iecavas nov. R\u012bgas iela 49a LV-3913 \u00a0 +371 25211729 \u00a0+371 24334455 info@ecobaseini.com Darba laiks 09:00 &#8212; 17:00 S. SV. p\u0113c pieraksta<\/p>\n","protected":false},"author":1,"featured_media":0,"parent":0,"menu_order":0,"comment_status":"closed","ping_status":"closed","template":"page-templates\/template-kontakti.php","meta":[],"acf":[],"yoast_head":"<!-- This site is optimized with the Yoast SEO plugin v18.8 - https:\/\/yoast.com\/wordpress\/plugins\/seo\/ -->\n<title>\u041a\u043e\u043d\u0442\u0430\u043a\u0442 - ECO Baseini<\/title>\n<meta name=\"robots\" content=\"index, follow, max-snippet:-1, max-image-preview:large, max-video-preview:-1\" \/>\n<link rel=\"canonical\" href=\"https:\/\/www.ecobaseini.com\/kontakti\/\" \/>\n<meta property=\"og:locale\" content=\"ru_RU\" \/>\n<meta property=\"og:type\" content=\"article\" \/>\n<meta property=\"og:title\" content=\"\u041a\u043e\u043d\u0442\u0430\u043a\u0442 - ECO Baseini\" \/>\n<meta property=\"og:description\" content=\"SIA &#171;ECO Baseini&#187; Re\u0123. PVN nr. LV43603063501 A\/S Swedbank, Kods: HABALV22 LV41HABA0551038046268 Birojs Iecavas nov. R\u012bgas iela 49a LV-3913 \u00a0 +371 25211729 \u00a0+371 24334455 info@ecobaseini.com Darba laiks 09:00 &#8212; 17:00 S. SV. p\u0113c pieraksta\" \/>\n<meta property=\"og:url\" content=\"https:\/\/www.ecobaseini.com\/kontakti\/\" \/>\n<meta property=\"og:site_name\" content=\"ECO Baseini\" \/>\n<meta property=\"article:modified_time\" content=\"2021-02-18T07:03:28+00:00\" \/>\n<meta name=\"twitter:card\" content=\"summary\" \/>\n<meta name=\"twitter:label1\" content=\"\u041f\u0440\u0438\u043c\u0435\u0440\u043d\u043e\u0435 \u0432\u0440\u0435\u043c\u044f \u0434\u043b\u044f \u0447\u0442\u0435\u043d\u0438\u044f\" \/>\n\t<meta name=\"twitter:data1\" content=\"1 \u043c\u0438\u043d\u0443\u0442\u0430\" \/>\n<script type=\"application\/ld+json\" class=\"yoast-schema-graph\">{\"@context\":\"https:\/\/schema.org\",\"@graph\":[{\"@type\":\"WebSite\",\"@id\":\"https:\/\/www.ecobaseini.com\/#website\",\"url\":\"https:\/\/www.ecobaseini.com\/\",\"name\":\"ECO Baseini\",\"description\":\"Baseini - lab\u0101k\u0101 cena un kvalit\u0101te\",\"potentialAction\":[{\"@type\":\"SearchAction\",\"target\":{\"@type\":\"EntryPoint\",\"urlTemplate\":\"https:\/\/www.ecobaseini.com\/?s={search_term_string}\"},\"query-input\":\"required name=search_term_string\"}],\"inLanguage\":\"ru-RU\"},{\"@type\":\"WebPage\",\"@id\":\"https:\/\/www.ecobaseini.com\/kontakti\/#webpage\",\"url\":\"https:\/\/www.ecobaseini.com\/kontakti\/\",\"name\":\"\u041a\u043e\u043d\u0442\u0430\u043a\u0442 - ECO Baseini\",\"isPartOf\":{\"@id\":\"https:\/\/www.ecobaseini.com\/#website\"},\"datePublished\":\"2016-11-10T22:28:17+00:00\",\"dateModified\":\"2021-02-18T07:03:28+00:00\",\"breadcrumb\":{\"@id\":\"https:\/\/www.ecobaseini.com\/kontakti\/#breadcrumb\"},\"inLanguage\":\"ru-RU\",\"potentialAction\":[{\"@type\":\"ReadAction\",\"target\":[\"https:\/\/www.ecobaseini.com\/kontakti\/\"]}]},{\"@type\":\"BreadcrumbList\",\"@id\":\"https:\/\/www.ecobaseini.com\/kontakti\/#breadcrumb\",\"itemListElement\":[{\"@type\":\"ListItem\",\"position\":1,\"name\":\"Home\",\"item\":\"https:\/\/www.ecobaseini.com\/\"},{\"@type\":\"ListItem\",\"position\":2,\"name\":\"Kontakti\"}]}]}<\/script>\n<!-- \/ Yoast SEO plugin. -->","yoast_head_json":{"title":"\u041a\u043e\u043d\u0442\u0430\u043a\u0442 - ECO Baseini","robots":{"index":"index","follow":"follow","max-snippet":"max-snippet:-1","max-image-preview":"max-image-preview:large","max-video-preview":"max-video-preview:-1"},"canonical":"https:\/\/www.ecobaseini.com\/kontakti\/","og_locale":"ru_RU","og_type":"article","og_title":"\u041a\u043e\u043d\u0442\u0430\u043a\u0442 - ECO Baseini","og_description":"SIA &#171;ECO Baseini&#187; Re\u0123. PVN nr. LV43603063501 A\/S Swedbank, Kods: HABALV22 LV41HABA0551038046268 Birojs Iecavas nov. R\u012bgas iela 49a LV-3913 \u00a0 +371 25211729 \u00a0+371 24334455 info@ecobaseini.com Darba laiks 09:00 &#8212; 17:00 S. SV. p\u0113c pieraksta","og_url":"https:\/\/www.ecobaseini.com\/kontakti\/","og_site_name":"ECO Baseini","article_modified_time":"2021-02-18T07:03:28+00:00","twitter_card":"summary","twitter_misc":{"\u041f\u0440\u0438\u043c\u0435\u0440\u043d\u043e\u0435 \u0432\u0440\u0435\u043c\u044f \u0434\u043b\u044f \u0447\u0442\u0435\u043d\u0438\u044f":"1 \u043c\u0438\u043d\u0443\u0442\u0430"},"schema":{"@context":"https:\/\/schema.org","@graph":[{"@type":"WebSite","@id":"https:\/\/www.ecobaseini.com\/#website","url":"https:\/\/www.ecobaseini.com\/","name":"ECO Baseini","description":"Baseini - lab\u0101k\u0101 cena un kvalit\u0101te","potentialAction":[{"@type":"SearchAction","target":{"@type":"EntryPoint","urlTemplate":"https:\/\/www.ecobaseini.com\/?s={search_term_string}"},"query-input":"required name=search_term_string"}],"inLanguage":"ru-RU"},{"@type":"WebPage","@id":"https:\/\/www.ecobaseini.com\/kontakti\/#webpage","url":"https:\/\/www.ecobaseini.com\/kontakti\/","name":"\u041a\u043e\u043d\u0442\u0430\u043a\u0442 - ECO Baseini","isPartOf":{"@id":"https:\/\/www.ecobaseini.com\/#website"},"datePublished":"2016-11-10T22:28:17+00:00","dateModified":"2021-02-18T07:03:28+00:00","breadcrumb":{"@id":"https:\/\/www.ecobaseini.com\/kontakti\/#breadcrumb"},"inLanguage":"ru-RU","potentialAction":[{"@type":"ReadAction","target":["https:\/\/www.ecobaseini.com\/kontakti\/"]}]},{"@type":"BreadcrumbList","@id":"https:\/\/www.ecobaseini.com\/kontakti\/#breadcrumb","itemListElement":[{"@type":"ListItem","position":1,"name":"Home","item":"https:\/\/www.ecobaseini.com\/"},{"@type":"ListItem","position":2,"name":"Kontakti"}]}]}},"_links":{"self":[{"href":"https:\/\/www.ecobaseini.com\/ru\/wp-json\/wp\/v2\/pages\/14"}],"collection":[{"href":"https:\/\/www.ecobaseini.com\/ru\/wp-json\/wp\/v2\/pages"}],"about":[{"href":"https:\/\/www.ecobaseini.com\/ru\/wp-json\/wp\/v2\/types\/page"}],"author":[{"embeddable":true,"href":"https:\/\/www.ecobaseini.com\/ru\/wp-json\/wp\/v2\/users\/1"}],"replies":[{"embeddable":true,"href":"https:\/\/www.ecobaseini.com\/ru\/wp-json\/wp\/v2\/comments?post=14"}],"version-history":[{"count":7,"href":"https:\/\/www.ecobaseini.com\/ru\/wp-json\/wp\/v2\/pages\/14\/revisions"}],"predecessor-version":[{"id":1150,"href":"https:\/\/www.ecobaseini.com\/ru\/wp-json\/wp\/v2\/pages\/14\/revisions\/1150"}],"wp:attachment":[{"href":"https:\/\/www.ecobaseini.com\/ru\/wp-json\/wp\/v2\/media?parent=14"}],"curies":[{"name":"wp","href":"https:\/\/api.w.org\/{rel}","templated":true}]}}