{"id":196,"date":"2016-11-13T13:00:27","date_gmt":"2016-11-13T11:00:27","guid":{"rendered":"http:\/\/www.ecobaseini.com\/?page_id=196"},"modified":"2017-04-08T22:22:19","modified_gmt":"2017-04-08T19:22:19","slug":"baseina-tame","status":"publish","type":"page","link":"https:\/\/www.ecobaseini.com\/ru\/baseini\/baseina-tame\/","title":{"rendered":"\u0421\u043c\u0435\u0442\u0430 \u0431\u0430\u0441\u0441\u0435\u0439\u043d\u0430"},"content":{"rendered":"<p class=\"qtranxs-available-languages-message qtranxs-available-languages-message-ru\">\u0418\u0437\u0432\u0438\u043d\u0438\u0442\u0435, \u044d\u0442\u043e\u0442 \u0442\u0435\u0445\u0442 \u0434\u043e\u0441\u0442\u0443\u043f\u0435\u043d \u0442\u043e\u043b\u044c\u043a\u043e \u0432 \u201c<a href=\"https:\/\/www.ecobaseini.com\/lv\/wp-json\/wp\/v2\/pages\/196\" class=\"qtranxs-available-language-link qtranxs-available-language-link-lv\" title=\"LV\">\u041b\u0430\u0442\u044b\u0448\u0441\u043a\u0438\u0439<\/a>\u201d. For the sake of viewer convenience, the content is shown below in the alternative language. You may click the link to switch the active language.<\/p><p><div role=\"form\" class=\"wpcf7\" id=\"wpcf7-f311-o1\" lang=\"lv-LV\" dir=\"ltr\">\n<div class=\"screen-reader-response\"><p role=\"status\" aria-live=\"polite\" aria-atomic=\"true\"><\/p> <ul><\/ul><\/div>\n<form action=\"\/ru\/wp-json\/wp\/v2\/pages\/196#wpcf7-f311-o1\" method=\"post\" class=\"wpcf7-form init\" novalidate=\"novalidate\" data-status=\"init\">\n<div style=\"display: none;\">\n<input type=\"hidden\" name=\"_wpcf7\" value=\"311\" \/>\n<input type=\"hidden\" name=\"_wpcf7_version\" value=\"5.5.6\" \/>\n<input type=\"hidden\" name=\"_wpcf7_locale\" value=\"lv_LV\" \/>\n<input type=\"hidden\" name=\"_wpcf7_unit_tag\" value=\"wpcf7-f311-o1\" \/>\n<input type=\"hidden\" name=\"_wpcf7_container_post\" value=\"0\" \/>\n<input type=\"hidden\" name=\"_wpcf7_posted_data_hash\" value=\"\" \/>\n<\/div>\n<div class=\"row\">\n<div class=\"col-md-6\">\n<h5>Baseina pielietojums:<\/h5>\n<div class=\"form-box\">\n <span class=\"wpcf7-form-control-wrap pielietojums\"><span class=\"wpcf7-form-control wpcf7-radio form-check\"><span class=\"wpcf7-list-item first\"><label><input type=\"radio\" name=\"pielietojums\" value=\"Priv\u0101ts\" \/><span class=\"wpcf7-list-item-label\">Priv\u0101ts<\/span><\/label><\/span><span class=\"wpcf7-list-item last\"><label><input type=\"radio\" name=\"pielietojums\" value=\"Publisks\" \/><span class=\"wpcf7-list-item-label\">Publisks<\/span><\/label><\/span><\/span><\/span>\n<\/div>\n<\/div>\n<div class=\"col-md-6\">\n<h5>Baseina novietojums:<\/h5>\n<div class=\"form-box\">\n <span class=\"wpcf7-form-control-wrap novietojums\"><span class=\"wpcf7-form-control wpcf7-radio form-check\"><span class=\"wpcf7-list-item first\"><label><input type=\"radio\" name=\"novietojums\" value=\"Iek\u0161telpas\" \/><span class=\"wpcf7-list-item-label\">Iek\u0161telpas<\/span><\/label><\/span><span class=\"wpcf7-list-item last\"><label><input type=\"radio\" name=\"novietojums\" value=\"\u0100ra\" \/><span class=\"wpcf7-list-item-label\">\u0100ra<\/span><\/label><\/span><\/span><\/span>\n<\/div>\n<\/div>\n<\/div>\n<div class=\"row\">\n<div class=\"col-md-6\">\n<h5>Baseina forma:<\/h5>\n<div class=\"form-box\">\n <span class=\"wpcf7-form-control-wrap forma\"><span class=\"wpcf7-form-control wpcf7-radio form-check\"><span class=\"wpcf7-list-item first\"><label><input type=\"radio\" name=\"forma\" value=\"Ov\u0101ls\" \/><span class=\"wpcf7-list-item-label\">Ov\u0101ls<\/span><\/label><\/span><span class=\"wpcf7-list-item\"><label><input type=\"radio\" name=\"forma\" value=\"Taisnst\u016bris\" \/><span class=\"wpcf7-list-item-label\">Taisnst\u016bris<\/span><\/label><\/span><span class=\"wpcf7-list-item\"><label><input type=\"radio\" name=\"forma\" value=\"Apa\u013c\u0161\" \/><span class=\"wpcf7-list-item-label\">Apa\u013c\u0161<\/span><\/label><\/span><span class=\"wpcf7-list-item\"><label><input type=\"radio\" name=\"forma\" value=\"Neregul\u0101ras formas\" \/><span class=\"wpcf7-list-item-label\">Neregul\u0101ras formas<\/span><\/label><\/span><span class=\"wpcf7-list-item last\"><label><input type=\"radio\" name=\"forma\" value=\"Ban\u0101na\" \/><span class=\"wpcf7-list-item-label\">Ban\u0101na<\/span><\/label><\/span><\/span><\/span>\n<\/div>\n<\/div>\n<div class=\"col-md-6\">\n<h5>Baseina dzi\u013cums:<\/h5>\n<div class=\"form-box\">\n <span class=\"wpcf7-form-control-wrap dzilums\"><span class=\"wpcf7-form-control wpcf7-radio form-check add-input\"><span class=\"wpcf7-list-item first\"><label><input type=\"radio\" name=\"dzilums\" value=\"1.20m\" \/><span class=\"wpcf7-list-item-label\">1.20m<\/span><\/label><\/span><span class=\"wpcf7-list-item\"><label><input type=\"radio\" name=\"dzilums\" value=\"1.30m\" \/><span class=\"wpcf7-list-item-label\">1.30m<\/span><\/label><\/span><span class=\"wpcf7-list-item\"><label><input type=\"radio\" name=\"dzilums\" value=\"1.50m\" \/><span class=\"wpcf7-list-item-label\">1.50m<\/span><\/label><\/span><span class=\"wpcf7-list-item last\"><label><input type=\"radio\" name=\"dzilums\" value=\"Cits\" \/><span class=\"wpcf7-list-item-label\">Cits<\/span><\/label><\/span><\/span><\/span><br \/>\n<span class=\"wpcf7-form-control-wrap cits-dzilums\"><input type=\"text\" name=\"cits-dzilums\" value=\"\" size=\"40\" class=\"wpcf7-form-control wpcf7-text form-control\" id=\"citsdzilums\" aria-invalid=\"false\" placeholder=\"(Maksim\u0101lais dzi\u013cums 1.50 m)\" \/><\/span>\n<\/div>\n<\/div>\n<\/div>\n<div class=\"row\">\n<div class=\"col-md-6\">\n<h5>Baseina izm\u0113ri:<\/h5>\n<div class=\"form-box\">\n<div class=\"row\">\n<div class=\"col-sm-7\"><span class=\"minigap\"><\/span>Garums (m):<\/div>\n<div class=\"col-sm-5 relative\"><span class=\"wpcf7-form-control-wrap garums\"><input type=\"text\" name=\"garums\" value=\"\" size=\"40\" class=\"wpcf7-form-control wpcf7-text wpcf7-validates-as-required form-control\" aria-required=\"true\" aria-invalid=\"false\" \/><\/span><\/div>\n<\/div>\n<div class=\"row\">\n<div class=\"col-sm-7\"><span class=\"minigap\"><\/span>Platums (m):<\/div>\n<div class=\"col-sm-5 relative\"><span class=\"wpcf7-form-control-wrap platums\"><input type=\"text\" name=\"platums\" value=\"\" size=\"40\" class=\"wpcf7-form-control wpcf7-text wpcf7-validates-as-required form-control\" aria-required=\"true\" aria-invalid=\"false\" \/><\/span><\/div>\n<\/div>\n<div class=\"row\">\n<div class=\"col-sm-7\"><span class=\"minigap\"><\/span>Diametrs apa\u013cam baseinam (m):<\/div>\n<div class=\"col-sm-5 relative\"><span class=\"wpcf7-form-control-wrap diametrs\"><input type=\"text\" name=\"diametrs\" value=\"\" size=\"40\" class=\"wpcf7-form-control wpcf7-text form-control\" aria-invalid=\"false\" \/><\/span><\/div>\n<\/div>\n<div class=\"row\">\n<div class=\"col-sm-7\"><span class=\"minigap\"><\/span>Att\u0101lums no baseina l\u012bdz filtr\u0101cijas telpai:<\/div>\n<div class=\"col-sm-5 relative\"><span class=\"wpcf7-form-control-wrap attalums\"><input type=\"text\" name=\"attalums\" value=\"\" size=\"40\" class=\"wpcf7-form-control wpcf7-text wpcf7-validates-as-required form-control\" aria-required=\"true\" aria-invalid=\"false\" \/><\/span><\/div>\n<\/div>\n<\/div>\n<\/div>\n<div class=\"col-md-6\">\n<h5>Baseina veids:<\/h5>\n<div class=\"form-box\">\n <span class=\"wpcf7-form-control-wrap veids\"><span class=\"wpcf7-form-control wpcf7-checkbox form-check\"><span class=\"wpcf7-list-item first\"><label><input type=\"checkbox\" name=\"veids[]\" value=\"P\u0101rpl\u016bdes\" \/><span class=\"wpcf7-list-item-label\">P\u0101rpl\u016bdes<\/span><\/label><\/span><span class=\"wpcf7-list-item last\"><label><input type=\"checkbox\" name=\"veids[]\" value=\"Skimera\" \/><span class=\"wpcf7-list-item-label\">Skimera<\/span><\/label><\/span><\/span><\/span>\n<\/div>\n<\/div>\n<\/div>\n<div class=\"row\">\n<div class=\"col-md-6\">\n<h5>Baseina apr\u012bkojums:<\/h5>\n<div class=\"form-box\">\n <span class=\"wpcf7-form-control-wrap filtracija\"><span class=\"wpcf7-form-control wpcf7-checkbox form-check\"><span class=\"wpcf7-list-item first last\"><label><input type=\"checkbox\" name=\"filtracija[]\" value=\"Filtr\u0101cijas sist\u0113ma\" \/><span class=\"wpcf7-list-item-label\">Filtr\u0101cijas sist\u0113ma<\/span><\/label><\/span><\/span><\/span><\/p>\n<div class=\"row\">\n<div class=\"col-sm-7\"><span class=\"minigap\"><\/span>Elektriskais sild\u012bt\u0101js (kw):<\/div>\n<div class=\"col-sm-5 relative\"><span class=\"wpcf7-form-control-wrap silditajs\"><input type=\"text\" name=\"silditajs\" value=\"\" size=\"40\" class=\"wpcf7-form-control wpcf7-text form-control\" aria-invalid=\"false\" \/><\/span><\/div>\n<\/div>\n<div class=\"row\">\n<div class=\"col-sm-7\"><span class=\"minigap\"><\/span>Siltummainis (kw):<\/div>\n<div class=\"col-sm-5 relative\"><span class=\"wpcf7-form-control-wrap siltumainis\"><input type=\"text\" name=\"siltumainis\" value=\"\" size=\"40\" class=\"wpcf7-form-control wpcf7-text form-control\" aria-invalid=\"false\" \/><\/span><\/div>\n<\/div>\n<\/div>\n<\/div>\n<div class=\"col-md-6\">\n<h5>Papildus apr\u012bkojums:<\/h5>\n<div class=\"form-box\">\n <span class=\"wpcf7-form-control-wrap apgaismojums\"><span class=\"wpcf7-form-control wpcf7-checkbox form-check\"><span class=\"wpcf7-list-item first last\"><label><input type=\"checkbox\" name=\"apgaismojums[]\" value=\"Zem\u016bdens apgaismojums\" \/><span class=\"wpcf7-list-item-label\">Zem\u016bdens apgaismojums<\/span><\/label><\/span><\/span><\/span><br \/>\n <span class=\"wpcf7-form-control-wrap kapnes\"><span class=\"wpcf7-form-control wpcf7-radio form-check\"><span class=\"wpcf7-list-item first\"><label><input type=\"radio\" name=\"kapnes\" value=\"Ieb\u016bv\u0113jam\u0101s baseina k\u0101pnes\" \/><span class=\"wpcf7-list-item-label\">Ieb\u016bv\u0113jam\u0101s baseina k\u0101pnes<\/span><\/label><\/span><span class=\"wpcf7-list-item last\"><label><input type=\"radio\" name=\"kapnes\" value=\"Ner.t\u0113rauda baseina k\u0101pnes\" \/><span class=\"wpcf7-list-item-label\">Ner.t\u0113rauda baseina k\u0101pnes<\/span><\/label><\/span><\/span><\/span>\n<\/div>\n<\/div>\n<\/div>\n<div class=\"row\">\n<div class=\"col-md-6\">\n<h5>P\u0101rkl\u0101ja meh\u0101nisms:<\/h5>\n<div class=\"form-box\">\n <span class=\"wpcf7-form-control-wrap pepleve\"><span class=\"wpcf7-form-control wpcf7-checkbox form-check\"><span class=\"wpcf7-list-item first last\"><label><input type=\"checkbox\" name=\"pepleve[]\" value=\"PE pl\u0113ve\" \/><span class=\"wpcf7-list-item-label\">PE pl\u0113ve<\/span><\/label><\/span><\/span><\/span><br \/>\n <span class=\"wpcf7-form-control-wrap umehanisms\"><span class=\"wpcf7-form-control wpcf7-radio form-check\"><span class=\"wpcf7-list-item first\"><label><input type=\"radio\" name=\"umehanisms\" value=\"Manu\u0101lais uzt\u012b\u0161anas meh\u0101nisms\" \/><span class=\"wpcf7-list-item-label\">Manu\u0101lais uzt\u012b\u0161anas meh\u0101nisms<\/span><\/label><\/span><span class=\"wpcf7-list-item last\"><label><input type=\"radio\" name=\"umehanisms\" value=\"Autom\u0101tiskais uzt\u012b\u0161anas meh\u0101nisms (\u017eal\u016bzijas)\" \/><span class=\"wpcf7-list-item-label\">Autom\u0101tiskais uzt\u012b\u0161anas meh\u0101nisms (\u017eal\u016bzijas)<\/span><\/label><\/span><\/span><\/span>\n<\/div>\n<\/div>\n<div class=\"col-md-6\">\n<h5>Baseina atraktivit\u0101tes:<\/h5>\n<div class=\"form-box\">\n <span class=\"wpcf7-form-control-wrap atraktivitates\"><span class=\"wpcf7-form-control wpcf7-checkbox form-check\"><span class=\"wpcf7-list-item first\"><label><input type=\"checkbox\" name=\"atraktivitates[]\" value=\"Pretstraume\" \/><span class=\"wpcf7-list-item-label\">Pretstraume<\/span><\/label><\/span><span class=\"wpcf7-list-item last\"><label><input type=\"checkbox\" name=\"atraktivitates[]\" value=\"Kask\u0101de\" \/><span class=\"wpcf7-list-item-label\">Kask\u0101de<\/span><\/label><\/span><\/span><\/span>\n<\/div>\n<\/div>\n<\/div>\n<div class=\"row\">\n<div class=\"col-md-6\">\n<h5>B\u012bd\u0101mo jumtu Konstrukcijas:<\/h5>\n<div class=\"form-box\">\n <span class=\"wpcf7-form-control-wrap jumtuk\"><span class=\"wpcf7-form-control wpcf7-radio form-check\"><span class=\"wpcf7-list-item first\"><label><input type=\"radio\" name=\"jumtuk\" value=\"J\u0101\" \/><span class=\"wpcf7-list-item-label\">J\u0101<\/span><\/label><\/span><span class=\"wpcf7-list-item last\"><label><input type=\"radio\" name=\"jumtuk\" value=\"N\u0113\" \/><span class=\"wpcf7-list-item-label\">N\u0113<\/span><\/label><\/span><\/span><\/span>\n<\/div>\n<\/div>\n<div class=\"col-md-6\">\n<h5>Citas v\u0113lmes:<\/h5>\n<div class=\"form-box\">\n<label>Ierakstiet citas v\u0113lmes<\/label><br \/>\n <span class=\"wpcf7-form-control-wrap citasvelmes\"><textarea name=\"citasvelmes\" cols=\"40\" rows=\"10\" class=\"wpcf7-form-control wpcf7-textarea form-control\" aria-invalid=\"false\"><\/textarea><\/span>\n<\/div>\n<\/div>\n<\/div>\n<div class=\"row\">\n<div class=\"col-md-6\">\n<h5>Kontaktinform\u0101cija:<\/h5>\n<div class=\"form-box\">\n<div class=\"row\">\n<div class=\"col-sm-5\"><span class=\"minigap\"><\/span>V\u0101rds<\/div>\n<div class=\"col-sm-7 relative\"><span class=\"wpcf7-form-control-wrap vards\"><input type=\"text\" name=\"vards\" value=\"\" size=\"40\" class=\"wpcf7-form-control wpcf7-text wpcf7-validates-as-required form-control\" aria-required=\"true\" aria-invalid=\"false\" \/><\/span><\/div>\n<\/div>\n<div class=\"row\">\n<div class=\"col-sm-5\"><span class=\"minigap\"><\/span>T\u0101lrunis<\/div>\n<div class=\"col-sm-7 relative\"><span class=\"wpcf7-form-control-wrap telefons\"><input type=\"text\" name=\"telefons\" value=\"\" size=\"40\" class=\"wpcf7-form-control wpcf7-text wpcf7-validates-as-required form-control\" aria-required=\"true\" aria-invalid=\"false\" \/><\/span><\/div>\n<\/div>\n<div class=\"row\">\n<div class=\"col-sm-5\"><span class=\"minigap\"><\/span>E-pasts<\/div>\n<div class=\"col-sm-7 relative\"><span class=\"wpcf7-form-control-wrap epasts\"><input type=\"text\" name=\"epasts\" value=\"\" size=\"40\" class=\"wpcf7-form-control wpcf7-text wpcf7-validates-as-required form-control\" aria-required=\"true\" aria-invalid=\"false\" \/><\/span><\/div>\n<\/div>\n<div class=\"row\">\n<div class=\"col-sm-5\"><span class=\"minigap\"><\/span>Fakss<\/div>\n<div class=\"col-sm-7 relative\"><span class=\"wpcf7-form-control-wrap fakss\"><input type=\"text\" name=\"fakss\" value=\"\" size=\"40\" class=\"wpcf7-form-control wpcf7-text form-control\" aria-invalid=\"false\" \/><\/span><\/div>\n<\/div>\n<div class=\"row\">\n<div class=\"col-sm-5\"><span class=\"minigap\"><\/span>Baseina atra\u0161an\u0101s vieta<\/div>\n<div class=\"col-sm-7 relative\"><span class=\"wpcf7-form-control-wrap baseina_vieta\"><input type=\"text\" name=\"baseina_vieta\" value=\"\" size=\"40\" class=\"wpcf7-form-control wpcf7-text form-control\" aria-invalid=\"false\" \/><\/span><\/div>\n<\/div>\n<\/div>\n<\/div>\n<div class=\"col-md-6\">\n<h5>K\u0101d\u0101 veid\u0101 v\u0113lieties sa\u0146emt atbildi:<\/h5>\n<div class=\"form-box\">\n <span class=\"wpcf7-form-control-wrap atbilde\"><span class=\"wpcf7-form-control wpcf7-radio form-check\"><span class=\"wpcf7-list-item first\"><label><input type=\"radio\" name=\"atbilde\" value=\"Pa faksu\" \/><span class=\"wpcf7-list-item-label\">Pa faksu<\/span><\/label><\/span><span class=\"wpcf7-list-item\"><label><input type=\"radio\" name=\"atbilde\" value=\"Pa e-pastu\" \/><span class=\"wpcf7-list-item-label\">Pa e-pastu<\/span><\/label><\/span><span class=\"wpcf7-list-item\"><label><input type=\"radio\" name=\"atbilde\" value=\"Sazinoties\" \/><span class=\"wpcf7-list-item-label\">Sazinoties<\/span><\/label><\/span><span class=\"wpcf7-list-item last\"><label><input type=\"radio\" name=\"atbilde\" value=\"Tiekoties\" \/><span class=\"wpcf7-list-item-label\">Tiekoties<\/span><\/label><\/span><\/span><\/span>\n<\/div>\n<\/div>\n<\/div>\n<div class=\"gap\"><\/div>\n<div class=\"text-center\"><input type=\"submit\" value=\"S\u016bt\u012bt\" class=\"wpcf7-form-control has-spinner wpcf7-submit btn btn-lg btn-primary\" \/><\/div>\n<p><span class=\"wpcf7-form-control-wrap invoice\"><input type=\"hidden\" name=\"invoice\" value=\"4001-2026-05-13\" size=\"40\" class=\"wpcf7-form-control wpcf7dtx-dynamictext wpcf7-dynamichidden\" aria-invalid=\"false\" \/><\/span><\/p>\n<div class=\"wpcf7-response-output\" aria-hidden=\"true\"><\/div><\/form><\/div><\/p>","protected":false},"excerpt":{"rendered":"","protected":false},"author":1,"featured_media":0,"parent":6,"menu_order":0,"comment_status":"closed","ping_status":"closed","template":"","meta":[],"acf":[],"yoast_head":"<!-- This site is optimized with the Yoast SEO plugin v18.8 - https:\/\/yoast.com\/wordpress\/plugins\/seo\/ -->\n<title>\u0421\u043c\u0435\u0442\u0430 \u0431\u0430\u0441\u0441\u0435\u0439\u043d\u0430 - ECO Baseini<\/title>\n<meta name=\"robots\" content=\"index, follow, max-snippet:-1, max-image-preview:large, max-video-preview:-1\" \/>\n<link rel=\"canonical\" href=\"https:\/\/www.ecobaseini.com\/baseini\/baseina-tame\/\" \/>\n<meta property=\"og:locale\" content=\"ru_RU\" \/>\n<meta property=\"og:type\" content=\"article\" \/>\n<meta property=\"og:title\" content=\"\u0421\u043c\u0435\u0442\u0430 \u0431\u0430\u0441\u0441\u0435\u0439\u043d\u0430 - ECO Baseini\" \/>\n<meta property=\"og:url\" content=\"https:\/\/www.ecobaseini.com\/baseini\/baseina-tame\/\" \/>\n<meta property=\"og:site_name\" content=\"ECO Baseini\" \/>\n<meta property=\"article:modified_time\" content=\"2017-04-08T19:22:19+00:00\" \/>\n<meta name=\"twitter:card\" content=\"summary\" \/>\n<script type=\"application\/ld+json\" class=\"yoast-schema-graph\">{\"@context\":\"https:\/\/schema.org\",\"@graph\":[{\"@type\":\"WebSite\",\"@id\":\"https:\/\/www.ecobaseini.com\/#website\",\"url\":\"https:\/\/www.ecobaseini.com\/\",\"name\":\"ECO Baseini\",\"description\":\"Baseini - lab\u0101k\u0101 cena un kvalit\u0101te\",\"potentialAction\":[{\"@type\":\"SearchAction\",\"target\":{\"@type\":\"EntryPoint\",\"urlTemplate\":\"https:\/\/www.ecobaseini.com\/?s={search_term_string}\"},\"query-input\":\"required name=search_term_string\"}],\"inLanguage\":\"ru-RU\"},{\"@type\":\"WebPage\",\"@id\":\"https:\/\/www.ecobaseini.com\/baseini\/baseina-tame\/#webpage\",\"url\":\"https:\/\/www.ecobaseini.com\/baseini\/baseina-tame\/\",\"name\":\"\u0421\u043c\u0435\u0442\u0430 \u0431\u0430\u0441\u0441\u0435\u0439\u043d\u0430 - ECO Baseini\",\"isPartOf\":{\"@id\":\"https:\/\/www.ecobaseini.com\/#website\"},\"datePublished\":\"2016-11-13T11:00:27+00:00\",\"dateModified\":\"2017-04-08T19:22:19+00:00\",\"breadcrumb\":{\"@id\":\"https:\/\/www.ecobaseini.com\/baseini\/baseina-tame\/#breadcrumb\"},\"inLanguage\":\"ru-RU\",\"potentialAction\":[{\"@type\":\"ReadAction\",\"target\":[\"https:\/\/www.ecobaseini.com\/baseini\/baseina-tame\/\"]}]},{\"@type\":\"BreadcrumbList\",\"@id\":\"https:\/\/www.ecobaseini.com\/baseini\/baseina-tame\/#breadcrumb\",\"itemListElement\":[{\"@type\":\"ListItem\",\"position\":1,\"name\":\"Home\",\"item\":\"https:\/\/www.ecobaseini.com\/\"},{\"@type\":\"ListItem\",\"position\":2,\"name\":\"Baseini\",\"item\":\"https:\/\/www.ecobaseini.com\/baseini\/\"},{\"@type\":\"ListItem\",\"position\":3,\"name\":\"Baseina t\u0101me\"}]}]}<\/script>\n<!-- \/ Yoast SEO plugin. -->","yoast_head_json":{"title":"\u0421\u043c\u0435\u0442\u0430 \u0431\u0430\u0441\u0441\u0435\u0439\u043d\u0430 - ECO Baseini","robots":{"index":"index","follow":"follow","max-snippet":"max-snippet:-1","max-image-preview":"max-image-preview:large","max-video-preview":"max-video-preview:-1"},"canonical":"https:\/\/www.ecobaseini.com\/baseini\/baseina-tame\/","og_locale":"ru_RU","og_type":"article","og_title":"\u0421\u043c\u0435\u0442\u0430 \u0431\u0430\u0441\u0441\u0435\u0439\u043d\u0430 - ECO Baseini","og_url":"https:\/\/www.ecobaseini.com\/baseini\/baseina-tame\/","og_site_name":"ECO Baseini","article_modified_time":"2017-04-08T19:22:19+00:00","twitter_card":"summary","schema":{"@context":"https:\/\/schema.org","@graph":[{"@type":"WebSite","@id":"https:\/\/www.ecobaseini.com\/#website","url":"https:\/\/www.ecobaseini.com\/","name":"ECO Baseini","description":"Baseini - lab\u0101k\u0101 cena un kvalit\u0101te","potentialAction":[{"@type":"SearchAction","target":{"@type":"EntryPoint","urlTemplate":"https:\/\/www.ecobaseini.com\/?s={search_term_string}"},"query-input":"required name=search_term_string"}],"inLanguage":"ru-RU"},{"@type":"WebPage","@id":"https:\/\/www.ecobaseini.com\/baseini\/baseina-tame\/#webpage","url":"https:\/\/www.ecobaseini.com\/baseini\/baseina-tame\/","name":"\u0421\u043c\u0435\u0442\u0430 \u0431\u0430\u0441\u0441\u0435\u0439\u043d\u0430 - ECO Baseini","isPartOf":{"@id":"https:\/\/www.ecobaseini.com\/#website"},"datePublished":"2016-11-13T11:00:27+00:00","dateModified":"2017-04-08T19:22:19+00:00","breadcrumb":{"@id":"https:\/\/www.ecobaseini.com\/baseini\/baseina-tame\/#breadcrumb"},"inLanguage":"ru-RU","potentialAction":[{"@type":"ReadAction","target":["https:\/\/www.ecobaseini.com\/baseini\/baseina-tame\/"]}]},{"@type":"BreadcrumbList","@id":"https:\/\/www.ecobaseini.com\/baseini\/baseina-tame\/#breadcrumb","itemListElement":[{"@type":"ListItem","position":1,"name":"Home","item":"https:\/\/www.ecobaseini.com\/"},{"@type":"ListItem","position":2,"name":"Baseini","item":"https:\/\/www.ecobaseini.com\/baseini\/"},{"@type":"ListItem","position":3,"name":"Baseina t\u0101me"}]}]}},"_links":{"self":[{"href":"https:\/\/www.ecobaseini.com\/ru\/wp-json\/wp\/v2\/pages\/196"}],"collection":[{"href":"https:\/\/www.ecobaseini.com\/ru\/wp-json\/wp\/v2\/pages"}],"about":[{"href":"https:\/\/www.ecobaseini.com\/ru\/wp-json\/wp\/v2\/types\/page"}],"author":[{"embeddable":true,"href":"https:\/\/www.ecobaseini.com\/ru\/wp-json\/wp\/v2\/users\/1"}],"replies":[{"embeddable":true,"href":"https:\/\/www.ecobaseini.com\/ru\/wp-json\/wp\/v2\/comments?post=196"}],"version-history":[{"count":2,"href":"https:\/\/www.ecobaseini.com\/ru\/wp-json\/wp\/v2\/pages\/196\/revisions"}],"predecessor-version":[{"id":275,"href":"https:\/\/www.ecobaseini.com\/ru\/wp-json\/wp\/v2\/pages\/196\/revisions\/275"}],"up":[{"embeddable":true,"href":"https:\/\/www.ecobaseini.com\/ru\/wp-json\/wp\/v2\/pages\/6"}],"wp:attachment":[{"href":"https:\/\/www.ecobaseini.com\/ru\/wp-json\/wp\/v2\/media?parent=196"}],"curies":[{"name":"wp","href":"https:\/\/api.w.org\/{rel}","templated":true}]}}