{"id":423,"date":"2016-12-05T19:58:36","date_gmt":"2016-12-05T17:58:36","guid":{"rendered":"http:\/\/www.ecobaseini.com\/?page_id=423"},"modified":"2019-10-06T13:57:50","modified_gmt":"2019-10-06T10:57:50","slug":"bio","status":"publish","type":"page","link":"https:\/\/www.ecobaseini.com\/ru\/bio\/","title":{"rendered":"B"},"content":{"rendered":"<p>ECO Baseini sadarb\u012bb\u0101 ar SIA Inbank l\u012bzings pied\u0101v\u0101 individu\u0101lus finans\u0113\u0161anas nosac\u012bjumus. Ieg\u0101d\u0101jies preci uz Nomaksu l\u012bdz 10 000 EUR un izv\u0113lies atmaksas termi\u0146u l\u012bdz pat 72 m\u0113ne\u0161iem.<\/p>\n<p><strong>Nosac\u012bjumi, lai ieg\u0101d\u0101tos preci uz Nomaksu:<\/strong><\/p>\n<ul>\n<li>Klients nav jaun\u0101ks par 20 gadiem.<\/li>\n<li>Ikm\u0113ne\u0161a ien\u0101kumi ir vismaz 160 EUR p\u0113c nodok\u013cu nomaksas.<\/li>\n<li>Pozit\u012bva kred\u012btv\u0113sture.<\/li>\n<li>Nomaksas summa tiek noteikta atbilsto\u0161i aiz\u0146\u0113m\u0113ja ien\u0101kumiem un eso\u0161o saist\u012bbu apm\u0113ram.<\/li>\n<\/ul>\n<p><strong>Nomaksas nosac\u012bjumi:<\/strong><\/p>\n<ul>\n<li>Summa no 600 l\u012bdz 10 000 EUR.<\/li>\n<li>Atmaksas termi\u0146\u0161 l\u012bdz 6 gadiem.<\/li>\n<li>Pirmstermi\u0146a atmaksa piln\u0101 apm\u0113r\u0101 tiek veikta bez maksas.<\/li>\n<li>Veiciet pirmo iemaksu, ja tas b\u016bs nepiecie\u0161ams.<\/li>\n<\/ul>\n<p>M\u0113s priec\u0101simies atbild\u0113t uz visiem J\u016bsu jaut\u0101jumiem, kas saist\u012bti ar Nomaksu!<\/p>\n<p>SIA Inbank l\u012bzings<\/p>\n<p>+371 66 939 000<\/p>\n","protected":false},"excerpt":{"rendered":"<p>ECO Baseini sadarb\u012bb\u0101 ar SIA Inbank l\u012bzings pied\u0101v\u0101 individu\u0101lus finans\u0113\u0161anas nosac\u012bjumus. Ieg\u0101d\u0101jies preci uz Nomaksu l\u012bdz 10 000 EUR un izv\u0113lies atmaksas termi\u0146u l\u012bdz pat 72 m\u0113ne\u0161iem. Nosac\u012bjumi, lai ieg\u0101d\u0101tos preci uz Nomaksu: Klients nav jaun\u0101ks par 20 gadiem. Ikm\u0113ne\u0161a ien\u0101kumi ir vismaz 160 EUR p\u0113c nodok\u013cu nomaksas. Pozit\u012bva kred\u012btv\u0113sture. Nomaksas summa tiek noteikta atbilsto\u0161i<\/p>\n","protected":false},"author":1,"featured_media":0,"parent":0,"menu_order":0,"comment_status":"closed","ping_status":"closed","template":"","meta":[],"acf":[],"yoast_head":"<!-- This site is optimized with the Yoast SEO plugin v18.8 - https:\/\/yoast.com\/wordpress\/plugins\/seo\/ -->\n<title>B - ECO Baseini<\/title>\n<meta name=\"robots\" content=\"index, follow, max-snippet:-1, max-image-preview:large, max-video-preview:-1\" \/>\n<link rel=\"canonical\" href=\"https:\/\/www.ecobaseini.com\/bio\/\" \/>\n<meta property=\"og:locale\" content=\"ru_RU\" \/>\n<meta property=\"og:type\" content=\"article\" \/>\n<meta property=\"og:title\" content=\"B - ECO Baseini\" \/>\n<meta property=\"og:description\" content=\"ECO Baseini sadarb\u012bb\u0101 ar SIA Inbank l\u012bzings pied\u0101v\u0101 individu\u0101lus finans\u0113\u0161anas nosac\u012bjumus. Ieg\u0101d\u0101jies preci uz Nomaksu l\u012bdz 10 000 EUR un izv\u0113lies atmaksas termi\u0146u l\u012bdz pat 72 m\u0113ne\u0161iem. Nosac\u012bjumi, lai ieg\u0101d\u0101tos preci uz Nomaksu: Klients nav jaun\u0101ks par 20 gadiem. Ikm\u0113ne\u0161a ien\u0101kumi ir vismaz 160 EUR p\u0113c nodok\u013cu nomaksas. Pozit\u012bva kred\u012btv\u0113sture. Nomaksas summa tiek noteikta atbilsto\u0161i\" \/>\n<meta property=\"og:url\" content=\"https:\/\/www.ecobaseini.com\/bio\/\" \/>\n<meta property=\"og:site_name\" content=\"ECO Baseini\" \/>\n<meta property=\"article:modified_time\" content=\"2019-10-06T10:57:50+00:00\" \/>\n<meta name=\"twitter:card\" content=\"summary\" \/>\n<meta name=\"twitter:label1\" content=\"\u041f\u0440\u0438\u043c\u0435\u0440\u043d\u043e\u0435 \u0432\u0440\u0435\u043c\u044f \u0434\u043b\u044f \u0447\u0442\u0435\u043d\u0438\u044f\" \/>\n\t<meta name=\"twitter:data1\" content=\"1 \u043c\u0438\u043d\u0443\u0442\u0430\" \/>\n<script type=\"application\/ld+json\" class=\"yoast-schema-graph\">{\"@context\":\"https:\/\/schema.org\",\"@graph\":[{\"@type\":\"WebSite\",\"@id\":\"https:\/\/www.ecobaseini.com\/#website\",\"url\":\"https:\/\/www.ecobaseini.com\/\",\"name\":\"ECO Baseini\",\"description\":\"Baseini - lab\u0101k\u0101 cena un kvalit\u0101te\",\"potentialAction\":[{\"@type\":\"SearchAction\",\"target\":{\"@type\":\"EntryPoint\",\"urlTemplate\":\"https:\/\/www.ecobaseini.com\/?s={search_term_string}\"},\"query-input\":\"required name=search_term_string\"}],\"inLanguage\":\"ru-RU\"},{\"@type\":\"WebPage\",\"@id\":\"https:\/\/www.ecobaseini.com\/bio\/#webpage\",\"url\":\"https:\/\/www.ecobaseini.com\/bio\/\",\"name\":\"B - ECO Baseini\",\"isPartOf\":{\"@id\":\"https:\/\/www.ecobaseini.com\/#website\"},\"datePublished\":\"2016-12-05T17:58:36+00:00\",\"dateModified\":\"2019-10-06T10:57:50+00:00\",\"breadcrumb\":{\"@id\":\"https:\/\/www.ecobaseini.com\/bio\/#breadcrumb\"},\"inLanguage\":\"ru-RU\",\"potentialAction\":[{\"@type\":\"ReadAction\",\"target\":[\"https:\/\/www.ecobaseini.com\/bio\/\"]}]},{\"@type\":\"BreadcrumbList\",\"@id\":\"https:\/\/www.ecobaseini.com\/bio\/#breadcrumb\",\"itemListElement\":[{\"@type\":\"ListItem\",\"position\":1,\"name\":\"Home\",\"item\":\"https:\/\/www.ecobaseini.com\/\"},{\"@type\":\"ListItem\",\"position\":2,\"name\":\"Kred\u012bts baseinam\"}]}]}<\/script>\n<!-- \/ Yoast SEO plugin. -->","yoast_head_json":{"title":"B - ECO Baseini","robots":{"index":"index","follow":"follow","max-snippet":"max-snippet:-1","max-image-preview":"max-image-preview:large","max-video-preview":"max-video-preview:-1"},"canonical":"https:\/\/www.ecobaseini.com\/bio\/","og_locale":"ru_RU","og_type":"article","og_title":"B - ECO Baseini","og_description":"ECO Baseini sadarb\u012bb\u0101 ar SIA Inbank l\u012bzings pied\u0101v\u0101 individu\u0101lus finans\u0113\u0161anas nosac\u012bjumus. Ieg\u0101d\u0101jies preci uz Nomaksu l\u012bdz 10 000 EUR un izv\u0113lies atmaksas termi\u0146u l\u012bdz pat 72 m\u0113ne\u0161iem. Nosac\u012bjumi, lai ieg\u0101d\u0101tos preci uz Nomaksu: Klients nav jaun\u0101ks par 20 gadiem. Ikm\u0113ne\u0161a ien\u0101kumi ir vismaz 160 EUR p\u0113c nodok\u013cu nomaksas. Pozit\u012bva kred\u012btv\u0113sture. Nomaksas summa tiek noteikta atbilsto\u0161i","og_url":"https:\/\/www.ecobaseini.com\/bio\/","og_site_name":"ECO Baseini","article_modified_time":"2019-10-06T10:57:50+00:00","twitter_card":"summary","twitter_misc":{"\u041f\u0440\u0438\u043c\u0435\u0440\u043d\u043e\u0435 \u0432\u0440\u0435\u043c\u044f \u0434\u043b\u044f \u0447\u0442\u0435\u043d\u0438\u044f":"1 \u043c\u0438\u043d\u0443\u0442\u0430"},"schema":{"@context":"https:\/\/schema.org","@graph":[{"@type":"WebSite","@id":"https:\/\/www.ecobaseini.com\/#website","url":"https:\/\/www.ecobaseini.com\/","name":"ECO Baseini","description":"Baseini - lab\u0101k\u0101 cena un kvalit\u0101te","potentialAction":[{"@type":"SearchAction","target":{"@type":"EntryPoint","urlTemplate":"https:\/\/www.ecobaseini.com\/?s={search_term_string}"},"query-input":"required name=search_term_string"}],"inLanguage":"ru-RU"},{"@type":"WebPage","@id":"https:\/\/www.ecobaseini.com\/bio\/#webpage","url":"https:\/\/www.ecobaseini.com\/bio\/","name":"B - ECO Baseini","isPartOf":{"@id":"https:\/\/www.ecobaseini.com\/#website"},"datePublished":"2016-12-05T17:58:36+00:00","dateModified":"2019-10-06T10:57:50+00:00","breadcrumb":{"@id":"https:\/\/www.ecobaseini.com\/bio\/#breadcrumb"},"inLanguage":"ru-RU","potentialAction":[{"@type":"ReadAction","target":["https:\/\/www.ecobaseini.com\/bio\/"]}]},{"@type":"BreadcrumbList","@id":"https:\/\/www.ecobaseini.com\/bio\/#breadcrumb","itemListElement":[{"@type":"ListItem","position":1,"name":"Home","item":"https:\/\/www.ecobaseini.com\/"},{"@type":"ListItem","position":2,"name":"Kred\u012bts baseinam"}]}]}},"_links":{"self":[{"href":"https:\/\/www.ecobaseini.com\/ru\/wp-json\/wp\/v2\/pages\/423"}],"collection":[{"href":"https:\/\/www.ecobaseini.com\/ru\/wp-json\/wp\/v2\/pages"}],"about":[{"href":"https:\/\/www.ecobaseini.com\/ru\/wp-json\/wp\/v2\/types\/page"}],"author":[{"embeddable":true,"href":"https:\/\/www.ecobaseini.com\/ru\/wp-json\/wp\/v2\/users\/1"}],"replies":[{"embeddable":true,"href":"https:\/\/www.ecobaseini.com\/ru\/wp-json\/wp\/v2\/comments?post=423"}],"version-history":[{"count":6,"href":"https:\/\/www.ecobaseini.com\/ru\/wp-json\/wp\/v2\/pages\/423\/revisions"}],"predecessor-version":[{"id":795,"href":"https:\/\/www.ecobaseini.com\/ru\/wp-json\/wp\/v2\/pages\/423\/revisions\/795"}],"wp:attachment":[{"href":"https:\/\/www.ecobaseini.com\/ru\/wp-json\/wp\/v2\/media?parent=423"}],"curies":[{"name":"wp","href":"https:\/\/api.w.org\/{rel}","templated":true}]}}