{"id":425,"date":"2016-12-05T19:59:01","date_gmt":"2016-12-05T17:59:01","guid":{"rendered":"http:\/\/www.ecobaseini.com\/?page_id=425"},"modified":"2021-02-07T01:03:08","modified_gmt":"2021-02-06T23:03:08","slug":"terases","status":"publish","type":"page","link":"https:\/\/www.ecobaseini.com\/ru\/terases\/","title":{"rendered":"\u0422\u0435\u0440\u0440\u0430\u0441\u044b"},"content":{"rendered":"<p>SIA\u00a0&#171;ECO Baseini&#187; s\u0101k ar\u012b izgatavot un uzst\u0101d\u012bt baseina autom\u0101tisk\u0101s b\u012bd\u0101m\u0101s terases.\u00a0Pied\u0101v\u0101jam pilna servisa uzst\u0101d\u012b\u0161anas darbus, k\u0101 ar\u012b ieteiksim lab\u0101ko risin\u0101jumu J\u016bsu baseinam vai J\u016bsu atp\u016btas vietai.<\/p>\n<p>Priek\u0161roc\u012bbas:<\/p>\n<ul>\n<li>Dro\u0161\u012bba (aizsarg\u0101 no nev\u0113lamas b\u0113rnu piek\u013c\u016b\u0161anas baseinam);<\/li>\n<li>Siltuma uztur\u0113\u0161ana;<\/li>\n<li>Samazina\u00a0\u016bdens izgaro\u0161anu;<\/li>\n<li>Maz\u0101k j\u0101lieto baseina \u0137\u012bmija;<\/li>\n<li>T\u012br\u012bba &#8212; baseins praktiski nav j\u0101t\u012bra;<\/li>\n<li>Var izmantot k\u0101 atp\u016btas vietu, kas nav iesp\u0113jams, ja tiek uzst\u0101d\u012bts zemais\u00a0baseina jumts.<\/li>\n<\/ul>\n<p>Terases izcenojumu var piepras\u012bt rakstot uz e-mail. info@ecobaseini.com\u00a0<a href=\"http:\/\/www.ecobaseini.com\/wp-content\/uploads\/2016\/12\/ECO-Baseini-terase.mov\">Skat\u012bt \u0161eit &#8212; Video<\/a><\/p>","protected":false},"excerpt":{"rendered":"<p>SIA\u00a0&#171;ECO Baseini&#187; s\u0101k ar\u012b izgatavot un uzst\u0101d\u012bt baseina autom\u0101tisk\u0101s b\u012bd\u0101m\u0101s terases.\u00a0Pied\u0101v\u0101jam pilna servisa uzst\u0101d\u012b\u0161anas darbus, k\u0101 ar\u012b ieteiksim lab\u0101ko risin\u0101jumu J\u016bsu baseinam vai J\u016bsu atp\u016btas vietai. Priek\u0161roc\u012bbas: Dro\u0161\u012bba (aizsarg\u0101 no nev\u0113lamas b\u0113rnu piek\u013c\u016b\u0161anas baseinam); Siltuma uztur\u0113\u0161ana; Samazina\u00a0\u016bdens izgaro\u0161anu; Maz\u0101k j\u0101lieto baseina \u0137\u012bmija; T\u012br\u012bba &#8212; baseins praktiski nav j\u0101t\u012bra; Var izmantot k\u0101 atp\u016btas vietu, kas nav<\/p>\n","protected":false},"author":1,"featured_media":0,"parent":0,"menu_order":0,"comment_status":"closed","ping_status":"closed","template":"","meta":[],"acf":[],"yoast_head":"<!-- This site is optimized with the Yoast SEO plugin v18.8 - https:\/\/yoast.com\/wordpress\/plugins\/seo\/ -->\n<title>\u0422\u0435\u0440\u0440\u0430\u0441\u044b - ECO Baseini<\/title>\n<meta name=\"robots\" content=\"index, follow, max-snippet:-1, max-image-preview:large, max-video-preview:-1\" \/>\n<link rel=\"canonical\" href=\"https:\/\/www.ecobaseini.com\/terases\/\" \/>\n<meta property=\"og:locale\" content=\"ru_RU\" \/>\n<meta property=\"og:type\" content=\"article\" \/>\n<meta property=\"og:title\" content=\"\u0422\u0435\u0440\u0440\u0430\u0441\u044b - ECO Baseini\" \/>\n<meta property=\"og:description\" content=\"SIA\u00a0&#171;ECO Baseini&#187; s\u0101k ar\u012b izgatavot un uzst\u0101d\u012bt baseina autom\u0101tisk\u0101s b\u012bd\u0101m\u0101s terases.\u00a0Pied\u0101v\u0101jam pilna servisa uzst\u0101d\u012b\u0161anas darbus, k\u0101 ar\u012b ieteiksim lab\u0101ko risin\u0101jumu J\u016bsu baseinam vai J\u016bsu atp\u016btas vietai. Priek\u0161roc\u012bbas: Dro\u0161\u012bba (aizsarg\u0101 no nev\u0113lamas b\u0113rnu piek\u013c\u016b\u0161anas baseinam); Siltuma uztur\u0113\u0161ana; Samazina\u00a0\u016bdens izgaro\u0161anu; Maz\u0101k j\u0101lieto baseina \u0137\u012bmija; T\u012br\u012bba &#8212; baseins praktiski nav j\u0101t\u012bra; Var izmantot k\u0101 atp\u016btas vietu, kas nav\" \/>\n<meta property=\"og:url\" content=\"https:\/\/www.ecobaseini.com\/terases\/\" \/>\n<meta property=\"og:site_name\" content=\"ECO Baseini\" \/>\n<meta property=\"article:modified_time\" content=\"2021-02-06T23:03:08+00:00\" \/>\n<meta name=\"twitter:card\" content=\"summary\" \/>\n<meta name=\"twitter:label1\" content=\"\u041f\u0440\u0438\u043c\u0435\u0440\u043d\u043e\u0435 \u0432\u0440\u0435\u043c\u044f \u0434\u043b\u044f \u0447\u0442\u0435\u043d\u0438\u044f\" \/>\n\t<meta name=\"twitter:data1\" content=\"2 \u043c\u0438\u043d\u0443\u0442\u044b\" \/>\n<script type=\"application\/ld+json\" class=\"yoast-schema-graph\">{\"@context\":\"https:\/\/schema.org\",\"@graph\":[{\"@type\":\"WebSite\",\"@id\":\"https:\/\/www.ecobaseini.com\/#website\",\"url\":\"https:\/\/www.ecobaseini.com\/\",\"name\":\"ECO Baseini\",\"description\":\"Baseini - lab\u0101k\u0101 cena un kvalit\u0101te\",\"potentialAction\":[{\"@type\":\"SearchAction\",\"target\":{\"@type\":\"EntryPoint\",\"urlTemplate\":\"https:\/\/www.ecobaseini.com\/?s={search_term_string}\"},\"query-input\":\"required name=search_term_string\"}],\"inLanguage\":\"ru-RU\"},{\"@type\":\"WebPage\",\"@id\":\"https:\/\/www.ecobaseini.com\/terases\/#webpage\",\"url\":\"https:\/\/www.ecobaseini.com\/terases\/\",\"name\":\"\u0422\u0435\u0440\u0440\u0430\u0441\u044b - ECO Baseini\",\"isPartOf\":{\"@id\":\"https:\/\/www.ecobaseini.com\/#website\"},\"datePublished\":\"2016-12-05T17:59:01+00:00\",\"dateModified\":\"2021-02-06T23:03:08+00:00\",\"breadcrumb\":{\"@id\":\"https:\/\/www.ecobaseini.com\/terases\/#breadcrumb\"},\"inLanguage\":\"ru-RU\",\"potentialAction\":[{\"@type\":\"ReadAction\",\"target\":[\"https:\/\/www.ecobaseini.com\/terases\/\"]}]},{\"@type\":\"BreadcrumbList\",\"@id\":\"https:\/\/www.ecobaseini.com\/terases\/#breadcrumb\",\"itemListElement\":[{\"@type\":\"ListItem\",\"position\":1,\"name\":\"Home\",\"item\":\"https:\/\/www.ecobaseini.com\/\"},{\"@type\":\"ListItem\",\"position\":2,\"name\":\"Terases\"}]}]}<\/script>\n<!-- \/ Yoast SEO plugin. -->","yoast_head_json":{"title":"\u0422\u0435\u0440\u0440\u0430\u0441\u044b - ECO Baseini","robots":{"index":"index","follow":"follow","max-snippet":"max-snippet:-1","max-image-preview":"max-image-preview:large","max-video-preview":"max-video-preview:-1"},"canonical":"https:\/\/www.ecobaseini.com\/terases\/","og_locale":"ru_RU","og_type":"article","og_title":"\u0422\u0435\u0440\u0440\u0430\u0441\u044b - ECO Baseini","og_description":"SIA\u00a0&#171;ECO Baseini&#187; s\u0101k ar\u012b izgatavot un uzst\u0101d\u012bt baseina autom\u0101tisk\u0101s b\u012bd\u0101m\u0101s terases.\u00a0Pied\u0101v\u0101jam pilna servisa uzst\u0101d\u012b\u0161anas darbus, k\u0101 ar\u012b ieteiksim lab\u0101ko risin\u0101jumu J\u016bsu baseinam vai J\u016bsu atp\u016btas vietai. Priek\u0161roc\u012bbas: Dro\u0161\u012bba (aizsarg\u0101 no nev\u0113lamas b\u0113rnu piek\u013c\u016b\u0161anas baseinam); Siltuma uztur\u0113\u0161ana; Samazina\u00a0\u016bdens izgaro\u0161anu; Maz\u0101k j\u0101lieto baseina \u0137\u012bmija; T\u012br\u012bba &#8212; baseins praktiski nav j\u0101t\u012bra; Var izmantot k\u0101 atp\u016btas vietu, kas nav","og_url":"https:\/\/www.ecobaseini.com\/terases\/","og_site_name":"ECO Baseini","article_modified_time":"2021-02-06T23:03:08+00:00","twitter_card":"summary","twitter_misc":{"\u041f\u0440\u0438\u043c\u0435\u0440\u043d\u043e\u0435 \u0432\u0440\u0435\u043c\u044f \u0434\u043b\u044f \u0447\u0442\u0435\u043d\u0438\u044f":"2 \u043c\u0438\u043d\u0443\u0442\u044b"},"schema":{"@context":"https:\/\/schema.org","@graph":[{"@type":"WebSite","@id":"https:\/\/www.ecobaseini.com\/#website","url":"https:\/\/www.ecobaseini.com\/","name":"ECO Baseini","description":"Baseini - lab\u0101k\u0101 cena un kvalit\u0101te","potentialAction":[{"@type":"SearchAction","target":{"@type":"EntryPoint","urlTemplate":"https:\/\/www.ecobaseini.com\/?s={search_term_string}"},"query-input":"required name=search_term_string"}],"inLanguage":"ru-RU"},{"@type":"WebPage","@id":"https:\/\/www.ecobaseini.com\/terases\/#webpage","url":"https:\/\/www.ecobaseini.com\/terases\/","name":"\u0422\u0435\u0440\u0440\u0430\u0441\u044b - ECO Baseini","isPartOf":{"@id":"https:\/\/www.ecobaseini.com\/#website"},"datePublished":"2016-12-05T17:59:01+00:00","dateModified":"2021-02-06T23:03:08+00:00","breadcrumb":{"@id":"https:\/\/www.ecobaseini.com\/terases\/#breadcrumb"},"inLanguage":"ru-RU","potentialAction":[{"@type":"ReadAction","target":["https:\/\/www.ecobaseini.com\/terases\/"]}]},{"@type":"BreadcrumbList","@id":"https:\/\/www.ecobaseini.com\/terases\/#breadcrumb","itemListElement":[{"@type":"ListItem","position":1,"name":"Home","item":"https:\/\/www.ecobaseini.com\/"},{"@type":"ListItem","position":2,"name":"Terases"}]}]}},"_links":{"self":[{"href":"https:\/\/www.ecobaseini.com\/ru\/wp-json\/wp\/v2\/pages\/425"}],"collection":[{"href":"https:\/\/www.ecobaseini.com\/ru\/wp-json\/wp\/v2\/pages"}],"about":[{"href":"https:\/\/www.ecobaseini.com\/ru\/wp-json\/wp\/v2\/types\/page"}],"author":[{"embeddable":true,"href":"https:\/\/www.ecobaseini.com\/ru\/wp-json\/wp\/v2\/users\/1"}],"replies":[{"embeddable":true,"href":"https:\/\/www.ecobaseini.com\/ru\/wp-json\/wp\/v2\/comments?post=425"}],"version-history":[{"count":10,"href":"https:\/\/www.ecobaseini.com\/ru\/wp-json\/wp\/v2\/pages\/425\/revisions"}],"predecessor-version":[{"id":902,"href":"https:\/\/www.ecobaseini.com\/ru\/wp-json\/wp\/v2\/pages\/425\/revisions\/902"}],"wp:attachment":[{"href":"https:\/\/www.ecobaseini.com\/ru\/wp-json\/wp\/v2\/media?parent=425"}],"curies":[{"name":"wp","href":"https:\/\/api.w.org\/{rel}","templated":true}]}}