{"id":6,"date":"2016-11-11T00:27:09","date_gmt":"2016-11-10T22:27:09","guid":{"rendered":"http:\/\/www.ecobaseini.com\/?page_id=6"},"modified":"2017-04-09T22:04:40","modified_gmt":"2017-04-09T19:04:40","slug":"baseini","status":"publish","type":"page","link":"https:\/\/www.ecobaseini.com\/ru\/baseini\/","title":{"rendered":"\u0411\u0430\u0441\u0441\u0435\u0439\u043d\u044b"},"content":{"rendered":"","protected":false},"excerpt":{"rendered":"","protected":false},"author":1,"featured_media":0,"parent":0,"menu_order":0,"comment_status":"closed","ping_status":"closed","template":"page-templates\/template-baseini.php","meta":[],"acf":[],"yoast_head":"<!-- This site is optimized with the Yoast SEO plugin v18.8 - https:\/\/yoast.com\/wordpress\/plugins\/seo\/ -->\n<title>Eco Baseini - Taisno st\u016bru, P\u0101rpl\u016bdes un Skimera baseini<\/title>\n<meta name=\"robots\" content=\"index, follow, max-snippet:-1, max-image-preview:large, max-video-preview:-1\" \/>\n<link rel=\"canonical\" href=\"https:\/\/www.ecobaseini.com\/baseini\/\" \/>\n<meta property=\"og:locale\" content=\"ru_RU\" \/>\n<meta property=\"og:type\" content=\"article\" \/>\n<meta property=\"og:title\" content=\"[:lv]Eco Baseini - Taisno st\u016bru, P\u0101rpl\u016bdes un Skimera baseini[:]\" \/>\n<meta property=\"og:url\" content=\"https:\/\/www.ecobaseini.com\/baseini\/\" \/>\n<meta property=\"og:site_name\" content=\"ECO Baseini\" \/>\n<meta property=\"article:modified_time\" content=\"2017-04-09T19:04:40+00:00\" \/>\n<meta name=\"twitter:card\" content=\"summary\" \/>\n<script type=\"application\/ld+json\" class=\"yoast-schema-graph\">{\"@context\":\"https:\/\/schema.org\",\"@graph\":[{\"@type\":\"WebSite\",\"@id\":\"https:\/\/www.ecobaseini.com\/#website\",\"url\":\"https:\/\/www.ecobaseini.com\/\",\"name\":\"ECO Baseini\",\"description\":\"Baseini - lab\u0101k\u0101 cena un kvalit\u0101te\",\"potentialAction\":[{\"@type\":\"SearchAction\",\"target\":{\"@type\":\"EntryPoint\",\"urlTemplate\":\"https:\/\/www.ecobaseini.com\/?s={search_term_string}\"},\"query-input\":\"required name=search_term_string\"}],\"inLanguage\":\"ru-RU\"},{\"@type\":\"WebPage\",\"@id\":\"https:\/\/www.ecobaseini.com\/baseini\/#webpage\",\"url\":\"https:\/\/www.ecobaseini.com\/baseini\/\",\"name\":\"[:lv]Eco Baseini - Taisno st\u016bru, P\u0101rpl\u016bdes un Skimera baseini[:]\",\"isPartOf\":{\"@id\":\"https:\/\/www.ecobaseini.com\/#website\"},\"datePublished\":\"2016-11-10T22:27:09+00:00\",\"dateModified\":\"2017-04-09T19:04:40+00:00\",\"breadcrumb\":{\"@id\":\"https:\/\/www.ecobaseini.com\/baseini\/#breadcrumb\"},\"inLanguage\":\"ru-RU\",\"potentialAction\":[{\"@type\":\"ReadAction\",\"target\":[\"https:\/\/www.ecobaseini.com\/baseini\/\"]}]},{\"@type\":\"BreadcrumbList\",\"@id\":\"https:\/\/www.ecobaseini.com\/baseini\/#breadcrumb\",\"itemListElement\":[{\"@type\":\"ListItem\",\"position\":1,\"name\":\"Home\",\"item\":\"https:\/\/www.ecobaseini.com\/\"},{\"@type\":\"ListItem\",\"position\":2,\"name\":\"Baseini\"}]}]}<\/script>\n<!-- \/ Yoast SEO plugin. -->","yoast_head_json":{"title":"Eco Baseini - Taisno st\u016bru, P\u0101rpl\u016bdes un Skimera baseini","robots":{"index":"index","follow":"follow","max-snippet":"max-snippet:-1","max-image-preview":"max-image-preview:large","max-video-preview":"max-video-preview:-1"},"canonical":"https:\/\/www.ecobaseini.com\/baseini\/","og_locale":"ru_RU","og_type":"article","og_title":"[:lv]Eco Baseini - Taisno st\u016bru, P\u0101rpl\u016bdes un Skimera baseini[:]","og_url":"https:\/\/www.ecobaseini.com\/baseini\/","og_site_name":"ECO Baseini","article_modified_time":"2017-04-09T19:04:40+00:00","twitter_card":"summary","schema":{"@context":"https:\/\/schema.org","@graph":[{"@type":"WebSite","@id":"https:\/\/www.ecobaseini.com\/#website","url":"https:\/\/www.ecobaseini.com\/","name":"ECO Baseini","description":"Baseini - lab\u0101k\u0101 cena un kvalit\u0101te","potentialAction":[{"@type":"SearchAction","target":{"@type":"EntryPoint","urlTemplate":"https:\/\/www.ecobaseini.com\/?s={search_term_string}"},"query-input":"required name=search_term_string"}],"inLanguage":"ru-RU"},{"@type":"WebPage","@id":"https:\/\/www.ecobaseini.com\/baseini\/#webpage","url":"https:\/\/www.ecobaseini.com\/baseini\/","name":"[:lv]Eco Baseini - Taisno st\u016bru, P\u0101rpl\u016bdes un Skimera baseini[:]","isPartOf":{"@id":"https:\/\/www.ecobaseini.com\/#website"},"datePublished":"2016-11-10T22:27:09+00:00","dateModified":"2017-04-09T19:04:40+00:00","breadcrumb":{"@id":"https:\/\/www.ecobaseini.com\/baseini\/#breadcrumb"},"inLanguage":"ru-RU","potentialAction":[{"@type":"ReadAction","target":["https:\/\/www.ecobaseini.com\/baseini\/"]}]},{"@type":"BreadcrumbList","@id":"https:\/\/www.ecobaseini.com\/baseini\/#breadcrumb","itemListElement":[{"@type":"ListItem","position":1,"name":"Home","item":"https:\/\/www.ecobaseini.com\/"},{"@type":"ListItem","position":2,"name":"Baseini"}]}]}},"_links":{"self":[{"href":"https:\/\/www.ecobaseini.com\/ru\/wp-json\/wp\/v2\/pages\/6"}],"collection":[{"href":"https:\/\/www.ecobaseini.com\/ru\/wp-json\/wp\/v2\/pages"}],"about":[{"href":"https:\/\/www.ecobaseini.com\/ru\/wp-json\/wp\/v2\/types\/page"}],"author":[{"embeddable":true,"href":"https:\/\/www.ecobaseini.com\/ru\/wp-json\/wp\/v2\/users\/1"}],"replies":[{"embeddable":true,"href":"https:\/\/www.ecobaseini.com\/ru\/wp-json\/wp\/v2\/comments?post=6"}],"version-history":[{"count":3,"href":"https:\/\/www.ecobaseini.com\/ru\/wp-json\/wp\/v2\/pages\/6\/revisions"}],"predecessor-version":[{"id":431,"href":"https:\/\/www.ecobaseini.com\/ru\/wp-json\/wp\/v2\/pages\/6\/revisions\/431"}],"wp:attachment":[{"href":"https:\/\/www.ecobaseini.com\/ru\/wp-json\/wp\/v2\/media?parent=6"}],"curies":[{"name":"wp","href":"https:\/\/api.w.org\/{rel}","templated":true}]}}