{"id":8,"date":"2016-11-11T00:27:24","date_gmt":"2016-11-10T22:27:24","guid":{"rendered":"http:\/\/www.ecobaseini.com\/?page_id=8"},"modified":"2021-02-07T13:54:33","modified_gmt":"2021-02-07T11:54:33","slug":"baseinu-apkope","status":"publish","type":"page","link":"https:\/\/www.ecobaseini.com\/ru\/baseinu-apkope\/","title":{"rendered":"\u041e\u0431\u0441\u043b\u0443\u0436\u0438\u0432\u0430\u043d\u0438\u0435 \u0431\u0430\u0441\u0441\u0435\u0439\u043d\u0430"},"content":{"rendered":"<p class=\"qtranxs-available-languages-message qtranxs-available-languages-message-ru\">\u0418\u0437\u0432\u0438\u043d\u0438\u0442\u0435, \u044d\u0442\u043e\u0442 \u0442\u0435\u0445\u0442 \u0434\u043e\u0441\u0442\u0443\u043f\u0435\u043d \u0442\u043e\u043b\u044c\u043a\u043e \u0432 \u201c<a href=\"https:\/\/www.ecobaseini.com\/lv\/wp-json\/wp\/v2\/pages\/8\" class=\"qtranxs-available-language-link qtranxs-available-language-link-lv\" title=\"LV\">\u041b\u0430\u0442\u044b\u0448\u0441\u043a\u0438\u0439<\/a>\u201d. For the sake of viewer convenience, the content is shown below in the alternative language. You may click the link to switch the active language.<\/p><p><\/p>\n<ul>\n<li>Peldbaseinu apkopes darbi;<\/li>\n<li>Baseina apr\u012bkojuma remotdarbi;<\/li>\n<li>Baseina \u0137\u012bmijas l\u012bdzek\u013cu pieg\u0101de;<\/li>\n<li>Baseina filtra kvarca smilts mai\u0146a.<\/li>\n<\/ul>\n<p>Pied\u0101v\u0101jam peldbaseinu apkopes darbu pakalpojumus. Apkalpojam gan priv\u0101tos baseinus, gan publiskos peldbaseinus. Pied\u0101v\u0101jam visaugst\u0101k\u0101s kvalit\u0101tes Eiropas Savien\u012bb\u0101 sertific\u0113tu baseinu \u0137\u012bmiju.<\/p>","protected":false},"excerpt":{"rendered":"<p>\u0418\u0437\u0432\u0438\u043d\u0438\u0442\u0435, \u044d\u0442\u043e\u0442 \u0442\u0435\u0445\u0442 \u0434\u043e\u0441\u0442\u0443\u043f\u0435\u043d \u0442\u043e\u043b\u044c\u043a\u043e \u0432 \u201c\u041b\u0430\u0442\u044b\u0448\u0441\u043a\u0438\u0439\u201d. For the sake of viewer convenience, the content is shown below in the alternative language. You may click the link to switch the active language. Peldbaseinu apkopes darbi; Baseina apr\u012bkojuma remotdarbi; Baseina \u0137\u012bmijas l\u012bdzek\u013cu pieg\u0101de; Baseina filtra kvarca smilts mai\u0146a. Pied\u0101v\u0101jam peldbaseinu apkopes darbu pakalpojumus. Apkalpojam gan priv\u0101tos<\/p>\n","protected":false},"author":1,"featured_media":0,"parent":0,"menu_order":0,"comment_status":"closed","ping_status":"closed","template":"page-templates\/template-apkope.php","meta":[],"acf":[],"yoast_head":"<!-- This site is optimized with the Yoast SEO plugin v18.8 - https:\/\/yoast.com\/wordpress\/plugins\/seo\/ -->\n<title>\u041e\u0431\u0441\u043b\u0443\u0436\u0438\u0432\u0430\u043d\u0438\u0435 \u0431\u0430\u0441\u0441\u0435\u0439\u043d\u0430 - ECO Baseini<\/title>\n<meta name=\"robots\" content=\"index, follow, max-snippet:-1, max-image-preview:large, max-video-preview:-1\" \/>\n<link rel=\"canonical\" href=\"https:\/\/www.ecobaseini.com\/baseinu-apkope\/\" \/>\n<meta property=\"og:locale\" content=\"ru_RU\" \/>\n<meta property=\"og:type\" content=\"article\" \/>\n<meta property=\"og:title\" content=\"\u041e\u0431\u0441\u043b\u0443\u0436\u0438\u0432\u0430\u043d\u0438\u0435 \u0431\u0430\u0441\u0441\u0435\u0439\u043d\u0430 - ECO Baseini\" \/>\n<meta property=\"og:description\" content=\"\u0418\u0437\u0432\u0438\u043d\u0438\u0442\u0435, \u044d\u0442\u043e\u0442 \u0442\u0435\u0445\u0442 \u0434\u043e\u0441\u0442\u0443\u043f\u0435\u043d \u0442\u043e\u043b\u044c\u043a\u043e \u0432 \u201c\u041b\u0430\u0442\u044b\u0448\u0441\u043a\u0438\u0439\u201d. For the sake of viewer convenience, the content is shown below in the alternative language. You may click the link to switch the active language. Peldbaseinu apkopes darbi; Baseina apr\u012bkojuma remotdarbi; Baseina \u0137\u012bmijas l\u012bdzek\u013cu pieg\u0101de; Baseina filtra kvarca smilts mai\u0146a. Pied\u0101v\u0101jam peldbaseinu apkopes darbu pakalpojumus. Apkalpojam gan priv\u0101tos\" \/>\n<meta property=\"og:url\" content=\"https:\/\/www.ecobaseini.com\/baseinu-apkope\/\" \/>\n<meta property=\"og:site_name\" content=\"ECO Baseini\" \/>\n<meta property=\"article:modified_time\" content=\"2021-02-07T11:54:33+00:00\" \/>\n<meta name=\"twitter:card\" content=\"summary\" \/>\n<script type=\"application\/ld+json\" class=\"yoast-schema-graph\">{\"@context\":\"https:\/\/schema.org\",\"@graph\":[{\"@type\":\"WebSite\",\"@id\":\"https:\/\/www.ecobaseini.com\/#website\",\"url\":\"https:\/\/www.ecobaseini.com\/\",\"name\":\"ECO Baseini\",\"description\":\"Baseini - lab\u0101k\u0101 cena un kvalit\u0101te\",\"potentialAction\":[{\"@type\":\"SearchAction\",\"target\":{\"@type\":\"EntryPoint\",\"urlTemplate\":\"https:\/\/www.ecobaseini.com\/?s={search_term_string}\"},\"query-input\":\"required name=search_term_string\"}],\"inLanguage\":\"ru-RU\"},{\"@type\":\"WebPage\",\"@id\":\"https:\/\/www.ecobaseini.com\/baseinu-apkope\/#webpage\",\"url\":\"https:\/\/www.ecobaseini.com\/baseinu-apkope\/\",\"name\":\"\u041e\u0431\u0441\u043b\u0443\u0436\u0438\u0432\u0430\u043d\u0438\u0435 \u0431\u0430\u0441\u0441\u0435\u0439\u043d\u0430 - ECO Baseini\",\"isPartOf\":{\"@id\":\"https:\/\/www.ecobaseini.com\/#website\"},\"datePublished\":\"2016-11-10T22:27:24+00:00\",\"dateModified\":\"2021-02-07T11:54:33+00:00\",\"breadcrumb\":{\"@id\":\"https:\/\/www.ecobaseini.com\/baseinu-apkope\/#breadcrumb\"},\"inLanguage\":\"ru-RU\",\"potentialAction\":[{\"@type\":\"ReadAction\",\"target\":[\"https:\/\/www.ecobaseini.com\/baseinu-apkope\/\"]}]},{\"@type\":\"BreadcrumbList\",\"@id\":\"https:\/\/www.ecobaseini.com\/baseinu-apkope\/#breadcrumb\",\"itemListElement\":[{\"@type\":\"ListItem\",\"position\":1,\"name\":\"Home\",\"item\":\"https:\/\/www.ecobaseini.com\/\"},{\"@type\":\"ListItem\",\"position\":2,\"name\":\"Baseinu apkope\"}]}]}<\/script>\n<!-- \/ Yoast SEO plugin. -->","yoast_head_json":{"title":"\u041e\u0431\u0441\u043b\u0443\u0436\u0438\u0432\u0430\u043d\u0438\u0435 \u0431\u0430\u0441\u0441\u0435\u0439\u043d\u0430 - ECO Baseini","robots":{"index":"index","follow":"follow","max-snippet":"max-snippet:-1","max-image-preview":"max-image-preview:large","max-video-preview":"max-video-preview:-1"},"canonical":"https:\/\/www.ecobaseini.com\/baseinu-apkope\/","og_locale":"ru_RU","og_type":"article","og_title":"\u041e\u0431\u0441\u043b\u0443\u0436\u0438\u0432\u0430\u043d\u0438\u0435 \u0431\u0430\u0441\u0441\u0435\u0439\u043d\u0430 - ECO Baseini","og_description":"\u0418\u0437\u0432\u0438\u043d\u0438\u0442\u0435, \u044d\u0442\u043e\u0442 \u0442\u0435\u0445\u0442 \u0434\u043e\u0441\u0442\u0443\u043f\u0435\u043d \u0442\u043e\u043b\u044c\u043a\u043e \u0432 \u201c\u041b\u0430\u0442\u044b\u0448\u0441\u043a\u0438\u0439\u201d. For the sake of viewer convenience, the content is shown below in the alternative language. You may click the link to switch the active language. Peldbaseinu apkopes darbi; Baseina apr\u012bkojuma remotdarbi; Baseina \u0137\u012bmijas l\u012bdzek\u013cu pieg\u0101de; Baseina filtra kvarca smilts mai\u0146a. Pied\u0101v\u0101jam peldbaseinu apkopes darbu pakalpojumus. Apkalpojam gan priv\u0101tos","og_url":"https:\/\/www.ecobaseini.com\/baseinu-apkope\/","og_site_name":"ECO Baseini","article_modified_time":"2021-02-07T11:54:33+00:00","twitter_card":"summary","schema":{"@context":"https:\/\/schema.org","@graph":[{"@type":"WebSite","@id":"https:\/\/www.ecobaseini.com\/#website","url":"https:\/\/www.ecobaseini.com\/","name":"ECO Baseini","description":"Baseini - lab\u0101k\u0101 cena un kvalit\u0101te","potentialAction":[{"@type":"SearchAction","target":{"@type":"EntryPoint","urlTemplate":"https:\/\/www.ecobaseini.com\/?s={search_term_string}"},"query-input":"required name=search_term_string"}],"inLanguage":"ru-RU"},{"@type":"WebPage","@id":"https:\/\/www.ecobaseini.com\/baseinu-apkope\/#webpage","url":"https:\/\/www.ecobaseini.com\/baseinu-apkope\/","name":"\u041e\u0431\u0441\u043b\u0443\u0436\u0438\u0432\u0430\u043d\u0438\u0435 \u0431\u0430\u0441\u0441\u0435\u0439\u043d\u0430 - ECO Baseini","isPartOf":{"@id":"https:\/\/www.ecobaseini.com\/#website"},"datePublished":"2016-11-10T22:27:24+00:00","dateModified":"2021-02-07T11:54:33+00:00","breadcrumb":{"@id":"https:\/\/www.ecobaseini.com\/baseinu-apkope\/#breadcrumb"},"inLanguage":"ru-RU","potentialAction":[{"@type":"ReadAction","target":["https:\/\/www.ecobaseini.com\/baseinu-apkope\/"]}]},{"@type":"BreadcrumbList","@id":"https:\/\/www.ecobaseini.com\/baseinu-apkope\/#breadcrumb","itemListElement":[{"@type":"ListItem","position":1,"name":"Home","item":"https:\/\/www.ecobaseini.com\/"},{"@type":"ListItem","position":2,"name":"Baseinu apkope"}]}]}},"_links":{"self":[{"href":"https:\/\/www.ecobaseini.com\/ru\/wp-json\/wp\/v2\/pages\/8"}],"collection":[{"href":"https:\/\/www.ecobaseini.com\/ru\/wp-json\/wp\/v2\/pages"}],"about":[{"href":"https:\/\/www.ecobaseini.com\/ru\/wp-json\/wp\/v2\/types\/page"}],"author":[{"embeddable":true,"href":"https:\/\/www.ecobaseini.com\/ru\/wp-json\/wp\/v2\/users\/1"}],"replies":[{"embeddable":true,"href":"https:\/\/www.ecobaseini.com\/ru\/wp-json\/wp\/v2\/comments?post=8"}],"version-history":[{"count":1,"href":"https:\/\/www.ecobaseini.com\/ru\/wp-json\/wp\/v2\/pages\/8\/revisions"}],"predecessor-version":[{"id":9,"href":"https:\/\/www.ecobaseini.com\/ru\/wp-json\/wp\/v2\/pages\/8\/revisions\/9"}],"wp:attachment":[{"href":"https:\/\/www.ecobaseini.com\/ru\/wp-json\/wp\/v2\/media?parent=8"}],"curies":[{"name":"wp","href":"https:\/\/api.w.org\/{rel}","templated":true}]}}