{"id":943,"date":"2021-02-12T18:55:52","date_gmt":"2021-02-12T16:55:52","guid":{"rendered":"http:\/\/www.ecobaseini.com\/?page_id=943"},"modified":"2021-02-13T17:52:10","modified_gmt":"2021-02-13T15:52:10","slug":"terra","status":"publish","type":"page","link":"https:\/\/www.ecobaseini.com\/ru\/baseina-bidamo-jumtu-konstrukcijas-2\/terra\/","title":{"rendered":"TERRA"},"content":{"rendered":"<p class=\"qtranxs-available-languages-message qtranxs-available-languages-message-ru\">\u0418\u0437\u0432\u0438\u043d\u0438\u0442\u0435, \u044d\u0442\u043e\u0442 \u0442\u0435\u0445\u0442 \u0434\u043e\u0441\u0442\u0443\u043f\u0435\u043d \u0442\u043e\u043b\u044c\u043a\u043e \u0432 \u201c<a href=\"https:\/\/www.ecobaseini.com\/lv\/wp-json\/wp\/v2\/pages\/943\" class=\"qtranxs-available-language-link qtranxs-available-language-link-lv\" title=\"LV\">\u041b\u0430\u0442\u044b\u0448\u0441\u043a\u0438\u0439<\/a>\u201d. For the sake of viewer convenience, the content is shown below in the alternative language. You may click the link to switch the active language.<\/p><p>\n<!-- Page-list plugin v.95.2 wordpress.org\/plugins\/page-list\/ -->\n<!-- no pages to show --><strong><br \/>\n<\/strong><\/p>\n<p>\u0160is ir viszem\u0101kais no pieejamajiem jumtu dizainiem &#8212; gadr\u012bz\u00a0terases\u00a0l\u012bmen\u012b. Aizv\u0113rt\u0101 veid\u0101 tas nekad neaizsegs J\u016bsu\u00a0d\u0101rza ainavu, bet tie\u0161i otr\u0101di &#8212; lieliski sapl\u016bd\u012bs ar to. Kaut ar\u012b atv\u0113rt\u0101 veid\u0101 jumta izm\u0113ri \u0161\u0137iet palieli, paties\u012bb\u0101 tas ir \u013coti kompakts savas zem\u0101s konstrukcijas d\u0113\u013c. \u0160is ir ask\u0113tisks modelis, kas lieliski ieder\u0113sies tie\u0161i modern\u0101 stila arhitekt\u016br\u0101. Ja J\u016bs mekl\u0113jiet savam baseinam gandr\u012bz nepaman\u0101mu jumtu, bet tom\u0113r v\u0113laties izmantot jumtu sniegt\u0101s priek\u0161roc\u012bbas &#8212; ierobe\u017eot\u00a0net\u012brumu nok\u013c\u016b\u0161anu \u016bden\u012b, regul\u0113t \u016bdens temperat\u016bru un nodro\u0161in\u0101ties pret nev\u0113lamu objektu iek\u013c\u016b\u0161anu taj\u0101, tad J\u016bs noteikti nov\u0113rt\u0113siet \u0161\u012b jumta izv\u0113li.<\/p>\n<p>L\u012bdz\u012bgi k\u0101 VIVA modelim, ar\u012b \u0161is modelis ir izstr\u0101d\u0101ts ar \u012bpa\u0161o\u00a0sl\u012bd\u0113\u0161anas sist\u0113mu &#8212; sliede vien\u0101 jumta pus\u0113.<\/p>\n<p>Aizv\u0113rt\u0101 veid\u0101 nav iesp\u0113jama \u0113rta un dro\u0161a\u00a0pelde zem \u0161\u012b jumta.<\/p>","protected":false},"excerpt":{"rendered":"<p>\u0418\u0437\u0432\u0438\u043d\u0438\u0442\u0435, \u044d\u0442\u043e\u0442 \u0442\u0435\u0445\u0442 \u0434\u043e\u0441\u0442\u0443\u043f\u0435\u043d \u0442\u043e\u043b\u044c\u043a\u043e \u0432 \u201c\u041b\u0430\u0442\u044b\u0448\u0441\u043a\u0438\u0439\u201d. For the sake of viewer convenience, the content is shown below in the alternative language. You may click the link to switch the active language. \u0160is ir viszem\u0101kais no pieejamajiem jumtu dizainiem &#8212; gadr\u012bz\u00a0terases\u00a0l\u012bmen\u012b. Aizv\u0113rt\u0101 veid\u0101 tas nekad neaizsegs J\u016bsu\u00a0d\u0101rza ainavu, bet tie\u0161i otr\u0101di &#8212; lieliski sapl\u016bd\u012bs ar<\/p>\n","protected":false},"author":2,"featured_media":1083,"parent":205,"menu_order":4,"comment_status":"closed","ping_status":"closed","template":"","meta":[],"acf":[],"yoast_head":"<!-- This site is optimized with the Yoast SEO plugin v18.8 - https:\/\/yoast.com\/wordpress\/plugins\/seo\/ -->\n<title>TERRA - ECO Baseini<\/title>\n<meta name=\"robots\" content=\"index, follow, max-snippet:-1, max-image-preview:large, max-video-preview:-1\" \/>\n<link rel=\"canonical\" href=\"https:\/\/www.ecobaseini.com\/baseina-bidamo-jumtu-konstrukcijas-2\/terra\/\" \/>\n<meta property=\"og:locale\" content=\"ru_RU\" \/>\n<meta property=\"og:type\" content=\"article\" \/>\n<meta property=\"og:title\" content=\"TERRA - ECO Baseini\" \/>\n<meta property=\"og:description\" content=\"\u0418\u0437\u0432\u0438\u043d\u0438\u0442\u0435, \u044d\u0442\u043e\u0442 \u0442\u0435\u0445\u0442 \u0434\u043e\u0441\u0442\u0443\u043f\u0435\u043d \u0442\u043e\u043b\u044c\u043a\u043e \u0432 \u201c\u041b\u0430\u0442\u044b\u0448\u0441\u043a\u0438\u0439\u201d. For the sake of viewer convenience, the content is shown below in the alternative language. You may click the link to switch the active language. \u0160is ir viszem\u0101kais no pieejamajiem jumtu dizainiem &#8212; gadr\u012bz\u00a0terases\u00a0l\u012bmen\u012b. Aizv\u0113rt\u0101 veid\u0101 tas nekad neaizsegs J\u016bsu\u00a0d\u0101rza ainavu, bet tie\u0161i otr\u0101di &#8212; lieliski sapl\u016bd\u012bs ar\" \/>\n<meta property=\"og:url\" content=\"https:\/\/www.ecobaseini.com\/baseina-bidamo-jumtu-konstrukcijas-2\/terra\/\" \/>\n<meta property=\"og:site_name\" content=\"ECO Baseini\" \/>\n<meta property=\"article:modified_time\" content=\"2021-02-13T15:52:10+00:00\" \/>\n<meta property=\"og:image\" content=\"http:\/\/www.ecobaseini.com\/wp-content\/uploads\/2021\/02\/47254358631_83f54708e1_w.jpg\" \/>\n\t<meta property=\"og:image:width\" content=\"400\" \/>\n\t<meta property=\"og:image:height\" content=\"240\" \/>\n\t<meta property=\"og:image:type\" content=\"image\/jpeg\" \/>\n<meta name=\"twitter:card\" content=\"summary\" \/>\n<meta name=\"twitter:label1\" content=\"\u041f\u0440\u0438\u043c\u0435\u0440\u043d\u043e\u0435 \u0432\u0440\u0435\u043c\u044f \u0434\u043b\u044f \u0447\u0442\u0435\u043d\u0438\u044f\" \/>\n\t<meta name=\"twitter:data1\" content=\"1 \u043c\u0438\u043d\u0443\u0442\u0430\" \/>\n<script type=\"application\/ld+json\" class=\"yoast-schema-graph\">{\"@context\":\"https:\/\/schema.org\",\"@graph\":[{\"@type\":\"WebSite\",\"@id\":\"https:\/\/www.ecobaseini.com\/#website\",\"url\":\"https:\/\/www.ecobaseini.com\/\",\"name\":\"ECO Baseini\",\"description\":\"Baseini - lab\u0101k\u0101 cena un kvalit\u0101te\",\"potentialAction\":[{\"@type\":\"SearchAction\",\"target\":{\"@type\":\"EntryPoint\",\"urlTemplate\":\"https:\/\/www.ecobaseini.com\/?s={search_term_string}\"},\"query-input\":\"required name=search_term_string\"}],\"inLanguage\":\"ru-RU\"},{\"@type\":\"ImageObject\",\"inLanguage\":\"ru-RU\",\"@id\":\"https:\/\/www.ecobaseini.com\/baseina-bidamo-jumtu-konstrukcijas-2\/terra\/#primaryimage\",\"url\":\"https:\/\/www.ecobaseini.com\/wp-content\/uploads\/2021\/02\/47254358631_83f54708e1_w.jpg\",\"contentUrl\":\"https:\/\/www.ecobaseini.com\/wp-content\/uploads\/2021\/02\/47254358631_83f54708e1_w.jpg\",\"width\":400,\"height\":240},{\"@type\":\"WebPage\",\"@id\":\"https:\/\/www.ecobaseini.com\/baseina-bidamo-jumtu-konstrukcijas-2\/terra\/#webpage\",\"url\":\"https:\/\/www.ecobaseini.com\/baseina-bidamo-jumtu-konstrukcijas-2\/terra\/\",\"name\":\"TERRA - ECO Baseini\",\"isPartOf\":{\"@id\":\"https:\/\/www.ecobaseini.com\/#website\"},\"primaryImageOfPage\":{\"@id\":\"https:\/\/www.ecobaseini.com\/baseina-bidamo-jumtu-konstrukcijas-2\/terra\/#primaryimage\"},\"datePublished\":\"2021-02-12T16:55:52+00:00\",\"dateModified\":\"2021-02-13T15:52:10+00:00\",\"breadcrumb\":{\"@id\":\"https:\/\/www.ecobaseini.com\/baseina-bidamo-jumtu-konstrukcijas-2\/terra\/#breadcrumb\"},\"inLanguage\":\"ru-RU\",\"potentialAction\":[{\"@type\":\"ReadAction\",\"target\":[\"https:\/\/www.ecobaseini.com\/baseina-bidamo-jumtu-konstrukcijas-2\/terra\/\"]}]},{\"@type\":\"BreadcrumbList\",\"@id\":\"https:\/\/www.ecobaseini.com\/baseina-bidamo-jumtu-konstrukcijas-2\/terra\/#breadcrumb\",\"itemListElement\":[{\"@type\":\"ListItem\",\"position\":1,\"name\":\"Home\",\"item\":\"https:\/\/www.ecobaseini.com\/\"},{\"@type\":\"ListItem\",\"position\":2,\"name\":\"Baseina b\u012bd\u0101mo jumtu konstrukcijas\",\"item\":\"https:\/\/www.ecobaseini.com\/baseina-bidamo-jumtu-konstrukcijas-2\/\"},{\"@type\":\"ListItem\",\"position\":3,\"name\":\"TERRA\"}]}]}<\/script>\n<!-- \/ Yoast SEO plugin. -->","yoast_head_json":{"title":"TERRA - ECO Baseini","robots":{"index":"index","follow":"follow","max-snippet":"max-snippet:-1","max-image-preview":"max-image-preview:large","max-video-preview":"max-video-preview:-1"},"canonical":"https:\/\/www.ecobaseini.com\/baseina-bidamo-jumtu-konstrukcijas-2\/terra\/","og_locale":"ru_RU","og_type":"article","og_title":"TERRA - ECO Baseini","og_description":"\u0418\u0437\u0432\u0438\u043d\u0438\u0442\u0435, \u044d\u0442\u043e\u0442 \u0442\u0435\u0445\u0442 \u0434\u043e\u0441\u0442\u0443\u043f\u0435\u043d \u0442\u043e\u043b\u044c\u043a\u043e \u0432 \u201c\u041b\u0430\u0442\u044b\u0448\u0441\u043a\u0438\u0439\u201d. For the sake of viewer convenience, the content is shown below in the alternative language. You may click the link to switch the active language. \u0160is ir viszem\u0101kais no pieejamajiem jumtu dizainiem &#8212; gadr\u012bz\u00a0terases\u00a0l\u012bmen\u012b. Aizv\u0113rt\u0101 veid\u0101 tas nekad neaizsegs J\u016bsu\u00a0d\u0101rza ainavu, bet tie\u0161i otr\u0101di &#8212; lieliski sapl\u016bd\u012bs ar","og_url":"https:\/\/www.ecobaseini.com\/baseina-bidamo-jumtu-konstrukcijas-2\/terra\/","og_site_name":"ECO Baseini","article_modified_time":"2021-02-13T15:52:10+00:00","og_image":[{"width":400,"height":240,"url":"http:\/\/www.ecobaseini.com\/wp-content\/uploads\/2021\/02\/47254358631_83f54708e1_w.jpg","type":"image\/jpeg"}],"twitter_card":"summary","twitter_misc":{"\u041f\u0440\u0438\u043c\u0435\u0440\u043d\u043e\u0435 \u0432\u0440\u0435\u043c\u044f \u0434\u043b\u044f \u0447\u0442\u0435\u043d\u0438\u044f":"1 \u043c\u0438\u043d\u0443\u0442\u0430"},"schema":{"@context":"https:\/\/schema.org","@graph":[{"@type":"WebSite","@id":"https:\/\/www.ecobaseini.com\/#website","url":"https:\/\/www.ecobaseini.com\/","name":"ECO Baseini","description":"Baseini - lab\u0101k\u0101 cena un kvalit\u0101te","potentialAction":[{"@type":"SearchAction","target":{"@type":"EntryPoint","urlTemplate":"https:\/\/www.ecobaseini.com\/?s={search_term_string}"},"query-input":"required name=search_term_string"}],"inLanguage":"ru-RU"},{"@type":"ImageObject","inLanguage":"ru-RU","@id":"https:\/\/www.ecobaseini.com\/baseina-bidamo-jumtu-konstrukcijas-2\/terra\/#primaryimage","url":"https:\/\/www.ecobaseini.com\/wp-content\/uploads\/2021\/02\/47254358631_83f54708e1_w.jpg","contentUrl":"https:\/\/www.ecobaseini.com\/wp-content\/uploads\/2021\/02\/47254358631_83f54708e1_w.jpg","width":400,"height":240},{"@type":"WebPage","@id":"https:\/\/www.ecobaseini.com\/baseina-bidamo-jumtu-konstrukcijas-2\/terra\/#webpage","url":"https:\/\/www.ecobaseini.com\/baseina-bidamo-jumtu-konstrukcijas-2\/terra\/","name":"TERRA - ECO Baseini","isPartOf":{"@id":"https:\/\/www.ecobaseini.com\/#website"},"primaryImageOfPage":{"@id":"https:\/\/www.ecobaseini.com\/baseina-bidamo-jumtu-konstrukcijas-2\/terra\/#primaryimage"},"datePublished":"2021-02-12T16:55:52+00:00","dateModified":"2021-02-13T15:52:10+00:00","breadcrumb":{"@id":"https:\/\/www.ecobaseini.com\/baseina-bidamo-jumtu-konstrukcijas-2\/terra\/#breadcrumb"},"inLanguage":"ru-RU","potentialAction":[{"@type":"ReadAction","target":["https:\/\/www.ecobaseini.com\/baseina-bidamo-jumtu-konstrukcijas-2\/terra\/"]}]},{"@type":"BreadcrumbList","@id":"https:\/\/www.ecobaseini.com\/baseina-bidamo-jumtu-konstrukcijas-2\/terra\/#breadcrumb","itemListElement":[{"@type":"ListItem","position":1,"name":"Home","item":"https:\/\/www.ecobaseini.com\/"},{"@type":"ListItem","position":2,"name":"Baseina b\u012bd\u0101mo jumtu konstrukcijas","item":"https:\/\/www.ecobaseini.com\/baseina-bidamo-jumtu-konstrukcijas-2\/"},{"@type":"ListItem","position":3,"name":"TERRA"}]}]}},"_links":{"self":[{"href":"https:\/\/www.ecobaseini.com\/ru\/wp-json\/wp\/v2\/pages\/943"}],"collection":[{"href":"https:\/\/www.ecobaseini.com\/ru\/wp-json\/wp\/v2\/pages"}],"about":[{"href":"https:\/\/www.ecobaseini.com\/ru\/wp-json\/wp\/v2\/types\/page"}],"author":[{"embeddable":true,"href":"https:\/\/www.ecobaseini.com\/ru\/wp-json\/wp\/v2\/users\/2"}],"replies":[{"embeddable":true,"href":"https:\/\/www.ecobaseini.com\/ru\/wp-json\/wp\/v2\/comments?post=943"}],"version-history":[{"count":3,"href":"https:\/\/www.ecobaseini.com\/ru\/wp-json\/wp\/v2\/pages\/943\/revisions"}],"predecessor-version":[{"id":961,"href":"https:\/\/www.ecobaseini.com\/ru\/wp-json\/wp\/v2\/pages\/943\/revisions\/961"}],"up":[{"embeddable":true,"href":"https:\/\/www.ecobaseini.com\/ru\/wp-json\/wp\/v2\/pages\/205"}],"wp:featuredmedia":[{"embeddable":true,"href":"https:\/\/www.ecobaseini.com\/ru\/wp-json\/wp\/v2\/media\/1083"}],"wp:attachment":[{"href":"https:\/\/www.ecobaseini.com\/ru\/wp-json\/wp\/v2\/media?parent=943"}],"curies":[{"name":"wp","href":"https:\/\/api.w.org\/{rel}","templated":true}]}}