{"id":945,"date":"2021-02-12T18:56:19","date_gmt":"2021-02-12T16:56:19","guid":{"rendered":"http:\/\/www.ecobaseini.com\/?page_id=945"},"modified":"2021-02-13T18:42:32","modified_gmt":"2021-02-13T16:42:32","slug":"elegant-neo","status":"publish","type":"page","link":"https:\/\/www.ecobaseini.com\/ru\/baseina-bidamo-jumtu-konstrukcijas-2\/elegant-neo\/","title":{"rendered":"ELEGANT NEO"},"content":{"rendered":"<p class=\"qtranxs-available-languages-message qtranxs-available-languages-message-ru\">\u0418\u0437\u0432\u0438\u043d\u0438\u0442\u0435, \u044d\u0442\u043e\u0442 \u0442\u0435\u0445\u0442 \u0434\u043e\u0441\u0442\u0443\u043f\u0435\u043d \u0442\u043e\u043b\u044c\u043a\u043e \u0432 \u201c<a href=\"https:\/\/www.ecobaseini.com\/lv\/wp-json\/wp\/v2\/pages\/945\" class=\"qtranxs-available-language-link qtranxs-available-language-link-lv\" title=\"LV\">\u041b\u0430\u0442\u044b\u0448\u0441\u043a\u0438\u0439<\/a>\u201d. For the sake of viewer convenience, the content is shown below in the alternative language. You may click the link to switch the active language.<\/p><p>\n<!-- Page-list plugin v.95.2 wordpress.org\/plugins\/page-list\/ -->\n<!-- no pages to show --><strong><br \/>\n<\/strong><\/p>\n<p style=\"text-align: left;\">Elegants jumts ar gaum\u012bgu un klasisku, noapa\u013cotu formu. \u0160is jumta modelis nodro\u0161in\u0101s ar pat\u012bkamu\u00a0peldi pat tad, ja laikapst\u0101k\u013ci neb\u016bs\u00a0tam labv\u0113l\u012bgi. Elegant dizaina jumts norobe\u017eos J\u016bsu baseinu un b\u016bs k\u0101 elementa objekts d\u0101rza ainav\u0101.<\/p>\n<p><\/p>","protected":false},"excerpt":{"rendered":"<p>\u0418\u0437\u0432\u0438\u043d\u0438\u0442\u0435, \u044d\u0442\u043e\u0442 \u0442\u0435\u0445\u0442 \u0434\u043e\u0441\u0442\u0443\u043f\u0435\u043d \u0442\u043e\u043b\u044c\u043a\u043e \u0432 \u201c\u041b\u0430\u0442\u044b\u0448\u0441\u043a\u0438\u0439\u201d. For the sake of viewer convenience, the content is shown below in the alternative language. You may click the link to switch the active language. Elegants jumts ar gaum\u012bgu un klasisku, noapa\u013cotu formu. \u0160is jumta modelis nodro\u0161in\u0101s ar pat\u012bkamu\u00a0peldi pat tad, ja laikapst\u0101k\u013ci neb\u016bs\u00a0tam labv\u0113l\u012bgi. Elegant dizaina jumts<\/p>\n","protected":false},"author":2,"featured_media":1118,"parent":205,"menu_order":5,"comment_status":"closed","ping_status":"closed","template":"","meta":[],"acf":[],"yoast_head":"<!-- This site is optimized with the Yoast SEO plugin v18.8 - https:\/\/yoast.com\/wordpress\/plugins\/seo\/ -->\n<title>ELEGANT NEO - ECO Baseini<\/title>\n<meta name=\"robots\" content=\"index, follow, max-snippet:-1, max-image-preview:large, max-video-preview:-1\" \/>\n<link rel=\"canonical\" href=\"https:\/\/www.ecobaseini.com\/baseina-bidamo-jumtu-konstrukcijas-2\/elegant-neo\/\" \/>\n<meta property=\"og:locale\" content=\"ru_RU\" \/>\n<meta property=\"og:type\" content=\"article\" \/>\n<meta property=\"og:title\" content=\"ELEGANT NEO - ECO Baseini\" \/>\n<meta property=\"og:description\" content=\"\u0418\u0437\u0432\u0438\u043d\u0438\u0442\u0435, \u044d\u0442\u043e\u0442 \u0442\u0435\u0445\u0442 \u0434\u043e\u0441\u0442\u0443\u043f\u0435\u043d \u0442\u043e\u043b\u044c\u043a\u043e \u0432 \u201c\u041b\u0430\u0442\u044b\u0448\u0441\u043a\u0438\u0439\u201d. For the sake of viewer convenience, the content is shown below in the alternative language. You may click the link to switch the active language. Elegants jumts ar gaum\u012bgu un klasisku, noapa\u013cotu formu. \u0160is jumta modelis nodro\u0161in\u0101s ar pat\u012bkamu\u00a0peldi pat tad, ja laikapst\u0101k\u013ci neb\u016bs\u00a0tam labv\u0113l\u012bgi. Elegant dizaina jumts\" \/>\n<meta property=\"og:url\" content=\"https:\/\/www.ecobaseini.com\/baseina-bidamo-jumtu-konstrukcijas-2\/elegant-neo\/\" \/>\n<meta property=\"og:site_name\" content=\"ECO Baseini\" \/>\n<meta property=\"article:modified_time\" content=\"2021-02-13T16:42:32+00:00\" \/>\n<meta property=\"og:image\" content=\"http:\/\/www.ecobaseini.com\/wp-content\/uploads\/2021\/02\/32309729247_8cf1999141_c.jpg\" \/>\n\t<meta property=\"og:image:width\" content=\"799\" \/>\n\t<meta property=\"og:image:height\" content=\"384\" \/>\n\t<meta property=\"og:image:type\" content=\"image\/jpeg\" \/>\n<meta name=\"twitter:card\" content=\"summary\" \/>\n<script type=\"application\/ld+json\" class=\"yoast-schema-graph\">{\"@context\":\"https:\/\/schema.org\",\"@graph\":[{\"@type\":\"WebSite\",\"@id\":\"https:\/\/www.ecobaseini.com\/#website\",\"url\":\"https:\/\/www.ecobaseini.com\/\",\"name\":\"ECO Baseini\",\"description\":\"Baseini - lab\u0101k\u0101 cena un kvalit\u0101te\",\"potentialAction\":[{\"@type\":\"SearchAction\",\"target\":{\"@type\":\"EntryPoint\",\"urlTemplate\":\"https:\/\/www.ecobaseini.com\/?s={search_term_string}\"},\"query-input\":\"required name=search_term_string\"}],\"inLanguage\":\"ru-RU\"},{\"@type\":\"ImageObject\",\"inLanguage\":\"ru-RU\",\"@id\":\"https:\/\/www.ecobaseini.com\/baseina-bidamo-jumtu-konstrukcijas-2\/elegant-neo\/#primaryimage\",\"url\":\"https:\/\/www.ecobaseini.com\/wp-content\/uploads\/2021\/02\/32309729247_8cf1999141_c.jpg\",\"contentUrl\":\"https:\/\/www.ecobaseini.com\/wp-content\/uploads\/2021\/02\/32309729247_8cf1999141_c.jpg\",\"width\":799,\"height\":384},{\"@type\":\"WebPage\",\"@id\":\"https:\/\/www.ecobaseini.com\/baseina-bidamo-jumtu-konstrukcijas-2\/elegant-neo\/#webpage\",\"url\":\"https:\/\/www.ecobaseini.com\/baseina-bidamo-jumtu-konstrukcijas-2\/elegant-neo\/\",\"name\":\"ELEGANT NEO - ECO Baseini\",\"isPartOf\":{\"@id\":\"https:\/\/www.ecobaseini.com\/#website\"},\"primaryImageOfPage\":{\"@id\":\"https:\/\/www.ecobaseini.com\/baseina-bidamo-jumtu-konstrukcijas-2\/elegant-neo\/#primaryimage\"},\"datePublished\":\"2021-02-12T16:56:19+00:00\",\"dateModified\":\"2021-02-13T16:42:32+00:00\",\"breadcrumb\":{\"@id\":\"https:\/\/www.ecobaseini.com\/baseina-bidamo-jumtu-konstrukcijas-2\/elegant-neo\/#breadcrumb\"},\"inLanguage\":\"ru-RU\",\"potentialAction\":[{\"@type\":\"ReadAction\",\"target\":[\"https:\/\/www.ecobaseini.com\/baseina-bidamo-jumtu-konstrukcijas-2\/elegant-neo\/\"]}]},{\"@type\":\"BreadcrumbList\",\"@id\":\"https:\/\/www.ecobaseini.com\/baseina-bidamo-jumtu-konstrukcijas-2\/elegant-neo\/#breadcrumb\",\"itemListElement\":[{\"@type\":\"ListItem\",\"position\":1,\"name\":\"Home\",\"item\":\"https:\/\/www.ecobaseini.com\/\"},{\"@type\":\"ListItem\",\"position\":2,\"name\":\"Baseina b\u012bd\u0101mo jumtu konstrukcijas\",\"item\":\"https:\/\/www.ecobaseini.com\/baseina-bidamo-jumtu-konstrukcijas-2\/\"},{\"@type\":\"ListItem\",\"position\":3,\"name\":\"ELEGANT\"}]}]}<\/script>\n<!-- \/ Yoast SEO plugin. -->","yoast_head_json":{"title":"ELEGANT NEO - ECO Baseini","robots":{"index":"index","follow":"follow","max-snippet":"max-snippet:-1","max-image-preview":"max-image-preview:large","max-video-preview":"max-video-preview:-1"},"canonical":"https:\/\/www.ecobaseini.com\/baseina-bidamo-jumtu-konstrukcijas-2\/elegant-neo\/","og_locale":"ru_RU","og_type":"article","og_title":"ELEGANT NEO - ECO Baseini","og_description":"\u0418\u0437\u0432\u0438\u043d\u0438\u0442\u0435, \u044d\u0442\u043e\u0442 \u0442\u0435\u0445\u0442 \u0434\u043e\u0441\u0442\u0443\u043f\u0435\u043d \u0442\u043e\u043b\u044c\u043a\u043e \u0432 \u201c\u041b\u0430\u0442\u044b\u0448\u0441\u043a\u0438\u0439\u201d. For the sake of viewer convenience, the content is shown below in the alternative language. You may click the link to switch the active language. Elegants jumts ar gaum\u012bgu un klasisku, noapa\u013cotu formu. \u0160is jumta modelis nodro\u0161in\u0101s ar pat\u012bkamu\u00a0peldi pat tad, ja laikapst\u0101k\u013ci neb\u016bs\u00a0tam labv\u0113l\u012bgi. Elegant dizaina jumts","og_url":"https:\/\/www.ecobaseini.com\/baseina-bidamo-jumtu-konstrukcijas-2\/elegant-neo\/","og_site_name":"ECO Baseini","article_modified_time":"2021-02-13T16:42:32+00:00","og_image":[{"width":799,"height":384,"url":"http:\/\/www.ecobaseini.com\/wp-content\/uploads\/2021\/02\/32309729247_8cf1999141_c.jpg","type":"image\/jpeg"}],"twitter_card":"summary","schema":{"@context":"https:\/\/schema.org","@graph":[{"@type":"WebSite","@id":"https:\/\/www.ecobaseini.com\/#website","url":"https:\/\/www.ecobaseini.com\/","name":"ECO Baseini","description":"Baseini - lab\u0101k\u0101 cena un kvalit\u0101te","potentialAction":[{"@type":"SearchAction","target":{"@type":"EntryPoint","urlTemplate":"https:\/\/www.ecobaseini.com\/?s={search_term_string}"},"query-input":"required name=search_term_string"}],"inLanguage":"ru-RU"},{"@type":"ImageObject","inLanguage":"ru-RU","@id":"https:\/\/www.ecobaseini.com\/baseina-bidamo-jumtu-konstrukcijas-2\/elegant-neo\/#primaryimage","url":"https:\/\/www.ecobaseini.com\/wp-content\/uploads\/2021\/02\/32309729247_8cf1999141_c.jpg","contentUrl":"https:\/\/www.ecobaseini.com\/wp-content\/uploads\/2021\/02\/32309729247_8cf1999141_c.jpg","width":799,"height":384},{"@type":"WebPage","@id":"https:\/\/www.ecobaseini.com\/baseina-bidamo-jumtu-konstrukcijas-2\/elegant-neo\/#webpage","url":"https:\/\/www.ecobaseini.com\/baseina-bidamo-jumtu-konstrukcijas-2\/elegant-neo\/","name":"ELEGANT NEO - ECO Baseini","isPartOf":{"@id":"https:\/\/www.ecobaseini.com\/#website"},"primaryImageOfPage":{"@id":"https:\/\/www.ecobaseini.com\/baseina-bidamo-jumtu-konstrukcijas-2\/elegant-neo\/#primaryimage"},"datePublished":"2021-02-12T16:56:19+00:00","dateModified":"2021-02-13T16:42:32+00:00","breadcrumb":{"@id":"https:\/\/www.ecobaseini.com\/baseina-bidamo-jumtu-konstrukcijas-2\/elegant-neo\/#breadcrumb"},"inLanguage":"ru-RU","potentialAction":[{"@type":"ReadAction","target":["https:\/\/www.ecobaseini.com\/baseina-bidamo-jumtu-konstrukcijas-2\/elegant-neo\/"]}]},{"@type":"BreadcrumbList","@id":"https:\/\/www.ecobaseini.com\/baseina-bidamo-jumtu-konstrukcijas-2\/elegant-neo\/#breadcrumb","itemListElement":[{"@type":"ListItem","position":1,"name":"Home","item":"https:\/\/www.ecobaseini.com\/"},{"@type":"ListItem","position":2,"name":"Baseina b\u012bd\u0101mo jumtu konstrukcijas","item":"https:\/\/www.ecobaseini.com\/baseina-bidamo-jumtu-konstrukcijas-2\/"},{"@type":"ListItem","position":3,"name":"ELEGANT"}]}]}},"_links":{"self":[{"href":"https:\/\/www.ecobaseini.com\/ru\/wp-json\/wp\/v2\/pages\/945"}],"collection":[{"href":"https:\/\/www.ecobaseini.com\/ru\/wp-json\/wp\/v2\/pages"}],"about":[{"href":"https:\/\/www.ecobaseini.com\/ru\/wp-json\/wp\/v2\/types\/page"}],"author":[{"embeddable":true,"href":"https:\/\/www.ecobaseini.com\/ru\/wp-json\/wp\/v2\/users\/2"}],"replies":[{"embeddable":true,"href":"https:\/\/www.ecobaseini.com\/ru\/wp-json\/wp\/v2\/comments?post=945"}],"version-history":[{"count":3,"href":"https:\/\/www.ecobaseini.com\/ru\/wp-json\/wp\/v2\/pages\/945\/revisions"}],"predecessor-version":[{"id":962,"href":"https:\/\/www.ecobaseini.com\/ru\/wp-json\/wp\/v2\/pages\/945\/revisions\/962"}],"up":[{"embeddable":true,"href":"https:\/\/www.ecobaseini.com\/ru\/wp-json\/wp\/v2\/pages\/205"}],"wp:featuredmedia":[{"embeddable":true,"href":"https:\/\/www.ecobaseini.com\/ru\/wp-json\/wp\/v2\/media\/1118"}],"wp:attachment":[{"href":"https:\/\/www.ecobaseini.com\/ru\/wp-json\/wp\/v2\/media?parent=945"}],"curies":[{"name":"wp","href":"https:\/\/api.w.org\/{rel}","templated":true}]}}