{"id":949,"date":"2021-02-12T18:57:11","date_gmt":"2021-02-12T16:57:11","guid":{"rendered":"http:\/\/www.ecobaseini.com\/?page_id=949"},"modified":"2021-02-19T22:38:52","modified_gmt":"2021-02-19T20:38:52","slug":"azure","status":"publish","type":"page","link":"https:\/\/www.ecobaseini.com\/ru\/baseina-bidamo-jumtu-konstrukcijas-2\/azure\/","title":{"rendered":"AZURE"},"content":{"rendered":"<p class=\"qtranxs-available-languages-message qtranxs-available-languages-message-ru\">\u0418\u0437\u0432\u0438\u043d\u0438\u0442\u0435, \u044d\u0442\u043e\u0442 \u0442\u0435\u0445\u0442 \u0434\u043e\u0441\u0442\u0443\u043f\u0435\u043d \u0442\u043e\u043b\u044c\u043a\u043e \u0432 \u201c<a href=\"https:\/\/www.ecobaseini.com\/lv\/wp-json\/wp\/v2\/pages\/949\" class=\"qtranxs-available-language-link qtranxs-available-language-link-lv\" title=\"LV\">\u041b\u0430\u0442\u044b\u0448\u0441\u043a\u0438\u0439<\/a>\u201d. For the sake of viewer convenience, the content is shown below in the alternative language. You may click the link to switch the active language.<\/p><p>\n<!-- Page-list plugin v.95.2 wordpress.org\/plugins\/page-list\/ -->\n<!-- no pages to show --><strong><br \/>\n<\/strong><\/p>\n<p style=\"text-align: left;\">AZURE t\u0101pat k\u0101 CHAMPION\u00a0ir &#171;econom&#187; klases jumti, jo to\u00a0ra\u017eo\u0161an\u0101 izmanto pl\u0101n\u0101ku polikarbon\u0101tu un ne tik augstas stipr\u012bbas\u00a0alum\u012bnija kontrukciju.<\/p>\n<p id=\"tw-target-text\" class=\"tw-data-text tw-text-large XcVN5d tw-ta\" dir=\"ltr\" data-placeholder=\"Tulkojums\"><span lang=\"lv\">J\u016bs varat izv\u0113l\u0113ties no 3 jumta seguma form\u0101m &#8212; \u012bpa\u0161i zema, zema un vid\u0113ji augsta, k\u0101 ar\u012b no 2 veidu polikarbon\u0101ta pild\u012bjumiem un div\u0101m popul\u0101r\u0101kaj\u0101m alum\u012bnija profilu kr\u0101s\u0101m.\u00a0<\/span><\/p>\n<p style=\"text-align: left;\">AZURE ANGLE\u00a0<span lang=\"lv\">ir zem\u0101kais baseina jumts no AZURE s\u0113rijas, kas apvieno apa\u013cu jumtu un nedaudz iesl\u012bpas\u00a0sienas. Pateicoties \u0161\u012b mode\u013ca\u00a0dizainam, jumta segums ieg\u016bst graciozu un vienlaikus modernu formu, kas lieliski iek\u013causies\u00a0jebkur\u0101 d\u0101rza ainav\u0101. Materi\u0101la\u00a0izv\u0113le -3 mm skaidrs, kompakts (caursp\u012bd\u012bgs k\u0101 stikls) polikarbon\u0101ts ar UV aizsardz\u012bbu. Divu kr\u0101su alum\u012bnija profilu izv\u0113le &#8212; sudraba vai antrac\u012bta. Jumta<\/span><span lang=\"lv\">\u00a0augstums: 0,59 &#8212; 0,85 m. \u00a0Maksim\u0101lais jumta platums: 4,75 m.<\/span><\/p>\n<p style=\"text-align: left;\"><span lang=\"lv\">AZURE, AZURE COMPACT.\u00a0<\/span><span lang=\"lv\">Alum\u012bnija profili ir saliekti klasisk\u0101 pusapa\u013c\u0101 form\u0101, jumts ir univers\u0101ls lieto\u0161an\u0101.\u00a0<\/span><span lang=\"lv\">Pild\u012bjuma izv\u0113le &#8212;<\/span><span lang=\"lv\">3 mm skaidra, kompakta (caursp\u012bd\u012bgs k\u0101 stikls) vai 8 mm vienas kameras polikarbon\u0101ts.\u00a0<\/span><span lang=\"lv\">Divu kr\u0101su alum\u012bnija profilu izv\u0113le &#8212; sudraba vai antrac\u012bta. Jumta augstums: 0,95 &#8212; 1,55 m.<\/span><\/p>\n<p style=\"text-align: left;\">AZURE FLAT, AZURE FLAT COMPACT.\u00a0<span lang=\"lv\">Zema tipa jumts, kas \u013cauj peld\u0113ties basein\u0101 sl\u0113gt\u0101 st\u0101vokl\u012b. Ide\u0101la dizaina un funkcionalit\u0101tes kombin\u0101cija! Pild\u012bjuma izv\u0113le -3 mm skaidra, kompakta (caursp\u012bd\u012bgs k\u0101 stikls) vai 8 mm vienas kameras polikarbon\u0101ts.\u00a0Divu kr\u0101su alum\u012bnija profilu izv\u0113le &#8212; sudraba vai antrac\u012bta.\u00a0Jumta augstums: 0,70 &#8212; 1,05 m.<\/span><\/p>\n<p><\/p>","protected":false},"excerpt":{"rendered":"<p>\u0418\u0437\u0432\u0438\u043d\u0438\u0442\u0435, \u044d\u0442\u043e\u0442 \u0442\u0435\u0445\u0442 \u0434\u043e\u0441\u0442\u0443\u043f\u0435\u043d \u0442\u043e\u043b\u044c\u043a\u043e \u0432 \u201c\u041b\u0430\u0442\u044b\u0448\u0441\u043a\u0438\u0439\u201d. For the sake of viewer convenience, the content is shown below in the alternative language. You may click the link to switch the active language. AZURE t\u0101pat k\u0101 CHAMPION\u00a0ir &#171;econom&#187; klases jumti, jo to\u00a0ra\u017eo\u0161an\u0101 izmanto pl\u0101n\u0101ku polikarbon\u0101tu un ne tik augstas stipr\u012bbas\u00a0alum\u012bnija kontrukciju. J\u016bs varat izv\u0113l\u0113ties no 3<\/p>\n","protected":false},"author":2,"featured_media":1156,"parent":205,"menu_order":7,"comment_status":"closed","ping_status":"closed","template":"","meta":[],"acf":[],"yoast_head":"<!-- This site is optimized with the Yoast SEO plugin v18.8 - https:\/\/yoast.com\/wordpress\/plugins\/seo\/ -->\n<title>AZURE - ECO Baseini<\/title>\n<meta name=\"robots\" content=\"index, follow, max-snippet:-1, max-image-preview:large, max-video-preview:-1\" \/>\n<link rel=\"canonical\" href=\"https:\/\/www.ecobaseini.com\/baseina-bidamo-jumtu-konstrukcijas-2\/azure\/\" \/>\n<meta property=\"og:locale\" content=\"ru_RU\" \/>\n<meta property=\"og:type\" content=\"article\" \/>\n<meta property=\"og:title\" content=\"AZURE - ECO Baseini\" \/>\n<meta property=\"og:description\" content=\"\u0418\u0437\u0432\u0438\u043d\u0438\u0442\u0435, \u044d\u0442\u043e\u0442 \u0442\u0435\u0445\u0442 \u0434\u043e\u0441\u0442\u0443\u043f\u0435\u043d \u0442\u043e\u043b\u044c\u043a\u043e \u0432 \u201c\u041b\u0430\u0442\u044b\u0448\u0441\u043a\u0438\u0439\u201d. For the sake of viewer convenience, the content is shown below in the alternative language. You may click the link to switch the active language. AZURE t\u0101pat k\u0101 CHAMPION\u00a0ir &#171;econom&#187; klases jumti, jo to\u00a0ra\u017eo\u0161an\u0101 izmanto pl\u0101n\u0101ku polikarbon\u0101tu un ne tik augstas stipr\u012bbas\u00a0alum\u012bnija kontrukciju. J\u016bs varat izv\u0113l\u0113ties no 3\" \/>\n<meta property=\"og:url\" content=\"https:\/\/www.ecobaseini.com\/baseina-bidamo-jumtu-konstrukcijas-2\/azure\/\" \/>\n<meta property=\"og:site_name\" content=\"ECO Baseini\" \/>\n<meta property=\"article:modified_time\" content=\"2021-02-19T20:38:52+00:00\" \/>\n<meta property=\"og:image\" content=\"http:\/\/www.ecobaseini.com\/wp-content\/uploads\/2021\/02\/46532485354_c49f7d0062_o-1024x768.jpg\" \/>\n\t<meta property=\"og:image:width\" content=\"1024\" \/>\n\t<meta property=\"og:image:height\" content=\"768\" \/>\n\t<meta property=\"og:image:type\" content=\"image\/jpeg\" \/>\n<meta name=\"twitter:card\" content=\"summary\" \/>\n<meta name=\"twitter:label1\" content=\"\u041f\u0440\u0438\u043c\u0435\u0440\u043d\u043e\u0435 \u0432\u0440\u0435\u043c\u044f \u0434\u043b\u044f \u0447\u0442\u0435\u043d\u0438\u044f\" \/>\n\t<meta name=\"twitter:data1\" content=\"1 \u043c\u0438\u043d\u0443\u0442\u0430\" \/>\n<script type=\"application\/ld+json\" class=\"yoast-schema-graph\">{\"@context\":\"https:\/\/schema.org\",\"@graph\":[{\"@type\":\"WebSite\",\"@id\":\"https:\/\/www.ecobaseini.com\/#website\",\"url\":\"https:\/\/www.ecobaseini.com\/\",\"name\":\"ECO Baseini\",\"description\":\"Baseini - lab\u0101k\u0101 cena un kvalit\u0101te\",\"potentialAction\":[{\"@type\":\"SearchAction\",\"target\":{\"@type\":\"EntryPoint\",\"urlTemplate\":\"https:\/\/www.ecobaseini.com\/?s={search_term_string}\"},\"query-input\":\"required name=search_term_string\"}],\"inLanguage\":\"ru-RU\"},{\"@type\":\"ImageObject\",\"inLanguage\":\"ru-RU\",\"@id\":\"https:\/\/www.ecobaseini.com\/baseina-bidamo-jumtu-konstrukcijas-2\/azure\/#primaryimage\",\"url\":\"https:\/\/www.ecobaseini.com\/wp-content\/uploads\/2021\/02\/46532485354_c49f7d0062_o.jpg\",\"contentUrl\":\"https:\/\/www.ecobaseini.com\/wp-content\/uploads\/2021\/02\/46532485354_c49f7d0062_o.jpg\",\"width\":2560,\"height\":1920},{\"@type\":\"WebPage\",\"@id\":\"https:\/\/www.ecobaseini.com\/baseina-bidamo-jumtu-konstrukcijas-2\/azure\/#webpage\",\"url\":\"https:\/\/www.ecobaseini.com\/baseina-bidamo-jumtu-konstrukcijas-2\/azure\/\",\"name\":\"AZURE - ECO Baseini\",\"isPartOf\":{\"@id\":\"https:\/\/www.ecobaseini.com\/#website\"},\"primaryImageOfPage\":{\"@id\":\"https:\/\/www.ecobaseini.com\/baseina-bidamo-jumtu-konstrukcijas-2\/azure\/#primaryimage\"},\"datePublished\":\"2021-02-12T16:57:11+00:00\",\"dateModified\":\"2021-02-19T20:38:52+00:00\",\"breadcrumb\":{\"@id\":\"https:\/\/www.ecobaseini.com\/baseina-bidamo-jumtu-konstrukcijas-2\/azure\/#breadcrumb\"},\"inLanguage\":\"ru-RU\",\"potentialAction\":[{\"@type\":\"ReadAction\",\"target\":[\"https:\/\/www.ecobaseini.com\/baseina-bidamo-jumtu-konstrukcijas-2\/azure\/\"]}]},{\"@type\":\"BreadcrumbList\",\"@id\":\"https:\/\/www.ecobaseini.com\/baseina-bidamo-jumtu-konstrukcijas-2\/azure\/#breadcrumb\",\"itemListElement\":[{\"@type\":\"ListItem\",\"position\":1,\"name\":\"Home\",\"item\":\"https:\/\/www.ecobaseini.com\/\"},{\"@type\":\"ListItem\",\"position\":2,\"name\":\"Baseina b\u012bd\u0101mo jumtu konstrukcijas\",\"item\":\"https:\/\/www.ecobaseini.com\/baseina-bidamo-jumtu-konstrukcijas-2\/\"},{\"@type\":\"ListItem\",\"position\":3,\"name\":\"AZURE\"}]}]}<\/script>\n<!-- \/ Yoast SEO plugin. -->","yoast_head_json":{"title":"AZURE - ECO Baseini","robots":{"index":"index","follow":"follow","max-snippet":"max-snippet:-1","max-image-preview":"max-image-preview:large","max-video-preview":"max-video-preview:-1"},"canonical":"https:\/\/www.ecobaseini.com\/baseina-bidamo-jumtu-konstrukcijas-2\/azure\/","og_locale":"ru_RU","og_type":"article","og_title":"AZURE - ECO Baseini","og_description":"\u0418\u0437\u0432\u0438\u043d\u0438\u0442\u0435, \u044d\u0442\u043e\u0442 \u0442\u0435\u0445\u0442 \u0434\u043e\u0441\u0442\u0443\u043f\u0435\u043d \u0442\u043e\u043b\u044c\u043a\u043e \u0432 \u201c\u041b\u0430\u0442\u044b\u0448\u0441\u043a\u0438\u0439\u201d. For the sake of viewer convenience, the content is shown below in the alternative language. You may click the link to switch the active language. AZURE t\u0101pat k\u0101 CHAMPION\u00a0ir &#171;econom&#187; klases jumti, jo to\u00a0ra\u017eo\u0161an\u0101 izmanto pl\u0101n\u0101ku polikarbon\u0101tu un ne tik augstas stipr\u012bbas\u00a0alum\u012bnija kontrukciju. J\u016bs varat izv\u0113l\u0113ties no 3","og_url":"https:\/\/www.ecobaseini.com\/baseina-bidamo-jumtu-konstrukcijas-2\/azure\/","og_site_name":"ECO Baseini","article_modified_time":"2021-02-19T20:38:52+00:00","og_image":[{"width":1024,"height":768,"url":"http:\/\/www.ecobaseini.com\/wp-content\/uploads\/2021\/02\/46532485354_c49f7d0062_o-1024x768.jpg","type":"image\/jpeg"}],"twitter_card":"summary","twitter_misc":{"\u041f\u0440\u0438\u043c\u0435\u0440\u043d\u043e\u0435 \u0432\u0440\u0435\u043c\u044f \u0434\u043b\u044f \u0447\u0442\u0435\u043d\u0438\u044f":"1 \u043c\u0438\u043d\u0443\u0442\u0430"},"schema":{"@context":"https:\/\/schema.org","@graph":[{"@type":"WebSite","@id":"https:\/\/www.ecobaseini.com\/#website","url":"https:\/\/www.ecobaseini.com\/","name":"ECO Baseini","description":"Baseini - lab\u0101k\u0101 cena un kvalit\u0101te","potentialAction":[{"@type":"SearchAction","target":{"@type":"EntryPoint","urlTemplate":"https:\/\/www.ecobaseini.com\/?s={search_term_string}"},"query-input":"required name=search_term_string"}],"inLanguage":"ru-RU"},{"@type":"ImageObject","inLanguage":"ru-RU","@id":"https:\/\/www.ecobaseini.com\/baseina-bidamo-jumtu-konstrukcijas-2\/azure\/#primaryimage","url":"https:\/\/www.ecobaseini.com\/wp-content\/uploads\/2021\/02\/46532485354_c49f7d0062_o.jpg","contentUrl":"https:\/\/www.ecobaseini.com\/wp-content\/uploads\/2021\/02\/46532485354_c49f7d0062_o.jpg","width":2560,"height":1920},{"@type":"WebPage","@id":"https:\/\/www.ecobaseini.com\/baseina-bidamo-jumtu-konstrukcijas-2\/azure\/#webpage","url":"https:\/\/www.ecobaseini.com\/baseina-bidamo-jumtu-konstrukcijas-2\/azure\/","name":"AZURE - ECO Baseini","isPartOf":{"@id":"https:\/\/www.ecobaseini.com\/#website"},"primaryImageOfPage":{"@id":"https:\/\/www.ecobaseini.com\/baseina-bidamo-jumtu-konstrukcijas-2\/azure\/#primaryimage"},"datePublished":"2021-02-12T16:57:11+00:00","dateModified":"2021-02-19T20:38:52+00:00","breadcrumb":{"@id":"https:\/\/www.ecobaseini.com\/baseina-bidamo-jumtu-konstrukcijas-2\/azure\/#breadcrumb"},"inLanguage":"ru-RU","potentialAction":[{"@type":"ReadAction","target":["https:\/\/www.ecobaseini.com\/baseina-bidamo-jumtu-konstrukcijas-2\/azure\/"]}]},{"@type":"BreadcrumbList","@id":"https:\/\/www.ecobaseini.com\/baseina-bidamo-jumtu-konstrukcijas-2\/azure\/#breadcrumb","itemListElement":[{"@type":"ListItem","position":1,"name":"Home","item":"https:\/\/www.ecobaseini.com\/"},{"@type":"ListItem","position":2,"name":"Baseina b\u012bd\u0101mo jumtu konstrukcijas","item":"https:\/\/www.ecobaseini.com\/baseina-bidamo-jumtu-konstrukcijas-2\/"},{"@type":"ListItem","position":3,"name":"AZURE"}]}]}},"_links":{"self":[{"href":"https:\/\/www.ecobaseini.com\/ru\/wp-json\/wp\/v2\/pages\/949"}],"collection":[{"href":"https:\/\/www.ecobaseini.com\/ru\/wp-json\/wp\/v2\/pages"}],"about":[{"href":"https:\/\/www.ecobaseini.com\/ru\/wp-json\/wp\/v2\/types\/page"}],"author":[{"embeddable":true,"href":"https:\/\/www.ecobaseini.com\/ru\/wp-json\/wp\/v2\/users\/2"}],"replies":[{"embeddable":true,"href":"https:\/\/www.ecobaseini.com\/ru\/wp-json\/wp\/v2\/comments?post=949"}],"version-history":[{"count":3,"href":"https:\/\/www.ecobaseini.com\/ru\/wp-json\/wp\/v2\/pages\/949\/revisions"}],"predecessor-version":[{"id":964,"href":"https:\/\/www.ecobaseini.com\/ru\/wp-json\/wp\/v2\/pages\/949\/revisions\/964"}],"up":[{"embeddable":true,"href":"https:\/\/www.ecobaseini.com\/ru\/wp-json\/wp\/v2\/pages\/205"}],"wp:featuredmedia":[{"embeddable":true,"href":"https:\/\/www.ecobaseini.com\/ru\/wp-json\/wp\/v2\/media\/1156"}],"wp:attachment":[{"href":"https:\/\/www.ecobaseini.com\/ru\/wp-json\/wp\/v2\/media?parent=949"}],"curies":[{"name":"wp","href":"https:\/\/api.w.org\/{rel}","templated":true}]}}